{"id":22,"date":"2020-12-06T04:14:20","date_gmt":"2020-12-06T04:14:20","guid":{"rendered":"http:\/\/promociondeeventos.sld.cu\/profesoranduxinmemorian\/?page_id=22"},"modified":"2020-12-28T15:26:35","modified_gmt":"2020-12-28T15:26:35","slug":"ejes-tematicos","status":"publish","type":"page","link":"https:\/\/promociondeeventos.sld.cu\/profesoranduxinmemorian\/ejes-tematicos\/","title":{"rendered":"Ejes tem\u00e1ticos"},"content":{"rendered":"<ul>\n<li>Educaci\u00f3n cient\u00edfico cultural<\/li>\n<li>Presente y futuro en el desarrollo de la sociedad humana. Impacto de las Ciencias Tecnol\u00f3gicas en el desarrollo de la sociedad humana.<\/li>\n<li>Perspectivas de las Tecnolog\u00edas de la Salud, desde la educaci\u00f3n Cient\u00edfico T\u00e9cnica Cultural como proceso formativo de la educaci\u00f3n m\u00e9dica.<\/li>\n<li>La Ciencia Tecnol\u00f3gica y Cultural en la Educaci\u00f3n Superior en Cuba y su influencia en el desarrollo cient\u00edfico, pol\u00edtico y cultural del pa\u00eds.<\/li>\n<li>La identidad cultural desde la ense\u00f1anza de las ra\u00edces que conforman nuestra Cultura Nacional<\/li>\n<li>Desarrollo del gusto est\u00e9tico por la Cultura Universal y cubana con la perspectiva de la formaci\u00f3n de un profesional m\u00e1s integral<\/li>\n<li>La Investigaci\u00f3n Cient\u00edfico T\u00e9cnico Cultural con la visualidad de un resultado elevado en la calidad de los servicios de Salud<\/li>\n<li>Calidad de los servicios y cuidado del medio ambiente<\/li>\n<li>Psicolog\u00eda cl\u00ednica:\u00a0 Mejor nivel cient\u00edfico y cultural que favorece a la atenci\u00f3n futura al paciente<\/li>\n<li>Disciplinas cient\u00edficas del laboratorista<\/li>\n<li>Aspectos tecnol\u00f3gicos espec\u00edficos de cada especialidad tecnol\u00f3gica<\/li>\n<li>Tecnolog\u00edas de la Informaci\u00f3n y la Comunicaci\u00f3n (TIC).<\/li>\n<li>La Musicoterapia como alternativa de diferentes tratamientos y patolog\u00edas<\/li>\n<li>Influencia del estudio<\/li>\n<li>Tratamiento con el uso de la MNT<\/li>\n<li>Rehabilitaci\u00f3n de problemas neurol\u00f3gicos con el dominio de tecnolog\u00edas<\/li>\n<li>Reflexiones sobre la alimentaci\u00f3n saludable en la especialidad de Nutrici\u00f3n<\/li>\n<li>Aspectos comunes de aplicaciones novedosas en \u00d3ptica y Optometr\u00eda<\/li>\n<li>Desarrollo de experimentos en Laboratorio Cl\u00ednico para el diagn\u00f3stico de enfermedades<\/li>\n<li>Tem\u00e1ticas libres<\/li>\n<\/ul>\n<p>&nbsp;<\/p>\n","protected":false},"excerpt":{"rendered":"<p>Educaci\u00f3n cient\u00edfico cultural Presente y futuro en el desarrollo de la sociedad humana. Impacto de las Ciencias Tecnol\u00f3gicas en el desarrollo de la sociedad humana. Perspectivas de las Tecnolog\u00edas de la Salud, desde la educaci\u00f3n Cient\u00edfico T\u00e9cnica Cultural como proceso formativo de la educaci\u00f3n m\u00e9dica. La Ciencia Tecnol\u00f3gica y Cultural en la Educaci\u00f3n Superior en [&hellip;]<\/p>\n","protected":false},"author":3262,"featured_media":0,"parent":0,"menu_order":0,"comment_status":"closed","ping_status":"closed","template":"sidebar-content.php","meta":[],"_links":{"self":[{"href":"https:\/\/promociondeeventos.sld.cu\/profesoranduxinmemorian\/wp-json\/wp\/v2\/pages\/22"}],"collection":[{"href":"https:\/\/promociondeeventos.sld.cu\/profesoranduxinmemorian\/wp-json\/wp\/v2\/pages"}],"about":[{"href":"https:\/\/promociondeeventos.sld.cu\/profesoranduxinmemorian\/wp-json\/wp\/v2\/types\/page"}],"author":[{"embeddable":true,"href":"https:\/\/promociondeeventos.sld.cu\/profesoranduxinmemorian\/wp-json\/wp\/v2\/users\/3262"}],"replies":[{"embeddable":true,"href":"https:\/\/promociondeeventos.sld.cu\/profesoranduxinmemorian\/wp-json\/wp\/v2\/comments?post=22"}],"version-history":[{"count":5,"href":"https:\/\/promociondeeventos.sld.cu\/profesoranduxinmemorian\/wp-json\/wp\/v2\/pages\/22\/revisions"}],"predecessor-version":[{"id":376,"href":"https:\/\/promociondeeventos.sld.cu\/profesoranduxinmemorian\/wp-json\/wp\/v2\/pages\/22\/revisions\/376"}],"wp:attachment":[{"href":"https:\/\/promociondeeventos.sld.cu\/profesoranduxinmemorian\/wp-json\/wp\/v2\/media?parent=22"}],"curies":[{"name":"wp","href":"https:\/\/api.w.org\/{rel}","templated":true}]}}