{"id":21,"date":"2020-12-06T04:33:32","date_gmt":"2020-12-06T04:33:32","guid":{"rendered":"http:\/\/promociondeeventos.sld.cu\/profesoranduxinmemorian\/?page_id=21"},"modified":"2020-12-07T14:04:10","modified_gmt":"2020-12-07T14:04:10","slug":"comite-cientifico","status":"publish","type":"page","link":"https:\/\/promociondeeventos.sld.cu\/profesoranduxinmemorian\/comite-cientifico\/","title":{"rendered":"Comit\u00e9 cient\u00edfico"},"content":{"rendered":"<p><strong><span style=\"text-decoration: underline;\">Comit\u00e9 cient\u00edfico<br \/>\n<\/span><\/strong><\/p>\n<p><strong>Presidente de Honor<\/strong><\/p>\n<ul>\n<li>Dr. Juan Carlos Andux Vald\u00e9s<\/li>\n<\/ul>\n<p><strong>Vicepresidentes <\/strong><\/p>\n<ul>\n<li>Ingeniero Jos\u00e9 Andux Vald\u00e9s<\/li>\n<li>\u00a0Dra. C Dianelys Hern\u00e1ndez Chishclin<\/li>\n<\/ul>\n<p><strong>Secretario Cient\u00edfico<\/strong><\/p>\n<ul>\n<li>Dr. C. Tania Rosa Gonz\u00e1lez Garc\u00eda.<\/li>\n<\/ul>\n<p><strong>Miembros<\/strong><\/p>\n<ul>\n<li>Dr. C. Francisco Figaredo Curriel.<\/li>\n<li>Dr. C. Carmen Rita Rodr\u00edguez D\u00edaz.<\/li>\n<li>MSc. Ana Rosa Casanova.<\/li>\n<li>MSc. Otilio Lombillo Crespo<\/li>\n<li>Dr. C Antonio Porto M\u00e1rquez<\/li>\n<li>Est: Faustino Villal\u00f3n Gallardo.<\/li>\n<\/ul>\n","protected":false},"excerpt":{"rendered":"<p>Comit\u00e9 cient\u00edfico Presidente de Honor Dr. Juan Carlos Andux Vald\u00e9s Vicepresidentes Ingeniero Jos\u00e9 Andux Vald\u00e9s \u00a0Dra. C Dianelys Hern\u00e1ndez Chishclin Secretario Cient\u00edfico Dr. C. Tania Rosa Gonz\u00e1lez Garc\u00eda. Miembros Dr. C. Francisco Figaredo Curriel. Dr. C. Carmen Rita Rodr\u00edguez D\u00edaz. MSc. Ana Rosa Casanova. MSc. Otilio Lombillo Crespo Dr. C Antonio Porto M\u00e1rquez Est: Faustino [&hellip;]<\/p>\n","protected":false},"author":3262,"featured_media":0,"parent":0,"menu_order":0,"comment_status":"closed","ping_status":"open","template":"sidebar-content.php","meta":[],"_links":{"self":[{"href":"https:\/\/promociondeeventos.sld.cu\/profesoranduxinmemorian\/wp-json\/wp\/v2\/pages\/21"}],"collection":[{"href":"https:\/\/promociondeeventos.sld.cu\/profesoranduxinmemorian\/wp-json\/wp\/v2\/pages"}],"about":[{"href":"https:\/\/promociondeeventos.sld.cu\/profesoranduxinmemorian\/wp-json\/wp\/v2\/types\/page"}],"author":[{"embeddable":true,"href":"https:\/\/promociondeeventos.sld.cu\/profesoranduxinmemorian\/wp-json\/wp\/v2\/users\/3262"}],"replies":[{"embeddable":true,"href":"https:\/\/promociondeeventos.sld.cu\/profesoranduxinmemorian\/wp-json\/wp\/v2\/comments?post=21"}],"version-history":[{"count":2,"href":"https:\/\/promociondeeventos.sld.cu\/profesoranduxinmemorian\/wp-json\/wp\/v2\/pages\/21\/revisions"}],"predecessor-version":[{"id":436,"href":"https:\/\/promociondeeventos.sld.cu\/profesoranduxinmemorian\/wp-json\/wp\/v2\/pages\/21\/revisions\/436"}],"wp:attachment":[{"href":"https:\/\/promociondeeventos.sld.cu\/profesoranduxinmemorian\/wp-json\/wp\/v2\/media?parent=21"}],"curies":[{"name":"wp","href":"https:\/\/api.w.org\/{rel}","templated":true}]}}