{"id":19,"date":"2020-12-06T04:12:40","date_gmt":"2020-12-06T04:12:40","guid":{"rendered":"http:\/\/promociondeeventos.sld.cu\/profesoranduxinmemorian\/?page_id=19"},"modified":"2020-12-07T15:59:32","modified_gmt":"2020-12-07T15:59:32","slug":"convocatoria","status":"publish","type":"page","link":"https:\/\/promociondeeventos.sld.cu\/profesoranduxinmemorian\/","title":{"rendered":"Convocatoria"},"content":{"rendered":"<p style=\"text-align: justify;\">La Facultad de Tecnolog\u00eda de la Habana (FATESA), adscripta \u00a0a La Universidad de Ciencias M\u00e9dicas de la Habana (UCMH) y la Catedra Honor\u00edfica Profesor \u00abJos\u00e9 de Jes\u00fas Andux Romero\u00bb convocan a profesores, estudiantes y\u00a0 personal de salud, a participar en el <strong>VI EVENTO CIENTIFICO CULTURAL<\/strong> que propiciar\u00e1\u00a0 el debate, la reflexi\u00f3n y el intercambio de experiencias a trav\u00e9s de la presentaci\u00f3n de los resultados de la actividad cient\u00edfica de los docentes, profesionales y estudiantes, resaltando la importancia de las tecnolog\u00edas m\u00e9dicas y la cultura, en el desarrollo de la sociedad humana. El evento tendr\u00e1 como tema central: <strong><em>\u201cCientificidad del uso de las Tecnolog\u00edas de la Salud y el papel de la Cultura en la integralidad de estudiantes y profesionales<\/em><\/strong>\u201d<\/p>\n<p style=\"text-align: justify;\">Se dedica a la Medicina Latinoamericana y al D\u00eda del Educador, y se efectuar\u00e1 el 21 de diciembre del 2020.<\/p>\n<p style=\"text-align: justify;\"><strong>Los objetivos son:<\/strong><\/p>\n<ul>\n<li style=\"text-align: justify;\">Elevar el nivel cultural de los estudiantes y profesionales de la salud para que desarrollen h\u00e1bitos y habilidades que no se limiten al estudio cient\u00edfico de la tecnolog\u00eda y que contribuyan al mejoramiento humano ofreciendo mejor dominio ante misiones nacionales e inter-nacionales que el pa\u00eds pueda ofertar.<\/li>\n<li style=\"text-align: justify;\">Contribuir al intercambio, el debate y la generalizaci\u00f3n de los estudios y las experiencias que tributan al impacto de la Ciencia de la Tecnolog\u00eda M\u00e9dica asi como el desarrollo cultural de estudiantes profesores y personal de Salud<\/li>\n<li style=\"text-align: justify;\">Propiciar la integraci\u00f3n de todos los factores vinculados con el desarrollo de la Ciencia de la Tecnolog\u00eda y el desarrollo cultural en la interacci\u00f3n de las instituciones universitarias, culturales, cient\u00edficas y organizaciones sociales.<\/li>\n<li style=\"text-align: justify;\">Debatir acerca de la contribuci\u00f3n de la Universidad desde las Ciencias Tecnol\u00f3gicas de la Salud y el desarrollo Cultural de los profesionales de la Salud<\/li>\n<li style=\"text-align: justify;\">Promover la importancia de la investigaci\u00f3n cient\u00edfica para el alcance de los objetivos y proyectos trazados por nuestros profesionales en funci\u00f3n de la humanizaci\u00f3n de los servicios de salud a fin de elevar la calidad en la prestaci\u00f3n de los mismos, desde una perspectiva Cient\u00edfica y Cultural<\/li>\n<li style=\"text-align: justify;\">Estimular y reconocer a los profesores y estudiantes que contribuyen con su quehacer docente e investigativo al fomento de la Ciencia Tecnol\u00f3gica y la Cultura en la Educaci\u00f3n Superior.<\/li>\n<\/ul>\n","protected":false},"excerpt":{"rendered":"<p>La Facultad de Tecnolog\u00eda de la Habana (FATESA), adscripta \u00a0a La Universidad de Ciencias M\u00e9dicas de la Habana (UCMH) y la Catedra Honor\u00edfica Profesor \u00abJos\u00e9 de Jes\u00fas Andux Romero\u00bb convocan a profesores, estudiantes y\u00a0 personal de salud, a participar en el VI EVENTO CIENTIFICO CULTURAL que propiciar\u00e1\u00a0 el debate, la reflexi\u00f3n y el intercambio de [&hellip;]<\/p>\n","protected":false},"author":3262,"featured_media":0,"parent":0,"menu_order":0,"comment_status":"closed","ping_status":"open","template":"sidebar-content.php","meta":[],"_links":{"self":[{"href":"https:\/\/promociondeeventos.sld.cu\/profesoranduxinmemorian\/wp-json\/wp\/v2\/pages\/19"}],"collection":[{"href":"https:\/\/promociondeeventos.sld.cu\/profesoranduxinmemorian\/wp-json\/wp\/v2\/pages"}],"about":[{"href":"https:\/\/promociondeeventos.sld.cu\/profesoranduxinmemorian\/wp-json\/wp\/v2\/types\/page"}],"author":[{"embeddable":true,"href":"https:\/\/promociondeeventos.sld.cu\/profesoranduxinmemorian\/wp-json\/wp\/v2\/users\/3262"}],"replies":[{"embeddable":true,"href":"https:\/\/promociondeeventos.sld.cu\/profesoranduxinmemorian\/wp-json\/wp\/v2\/comments?post=19"}],"version-history":[{"count":3,"href":"https:\/\/promociondeeventos.sld.cu\/profesoranduxinmemorian\/wp-json\/wp\/v2\/pages\/19\/revisions"}],"predecessor-version":[{"id":61,"href":"https:\/\/promociondeeventos.sld.cu\/profesoranduxinmemorian\/wp-json\/wp\/v2\/pages\/19\/revisions\/61"}],"wp:attachment":[{"href":"https:\/\/promociondeeventos.sld.cu\/profesoranduxinmemorian\/wp-json\/wp\/v2\/media?parent=19"}],"curies":[{"name":"wp","href":"https:\/\/api.w.org\/{rel}","templated":true}]}}