{"id":162,"date":"2020-12-16T17:50:17","date_gmt":"2020-12-16T17:50:17","guid":{"rendered":"http:\/\/promociondeeventos.sld.cu\/profesoranduxinmemorian\/?page_id=162"},"modified":"2021-01-26T21:15:32","modified_gmt":"2021-01-26T21:15:32","slug":"20-tematicas-libres","status":"publish","type":"page","link":"https:\/\/promociondeeventos.sld.cu\/profesoranduxinmemorian\/trabajos-por-tematica\/20-tematicas-libres\/","title":{"rendered":"Tem\u00e1ticas libres"},"content":{"rendered":"<ul>\n<li><a href=\"http:\/\/promociondeeventos.sld.cu\/profesoranduxinmemorian\/files\/2020\/12\/Tratamiento-homeop\u00e1tico-en-pacientes-con-hipertensi\u00f3n-arterial-descontrolada2.pdf\">Tratamiento homeop\u00e1tico en pacientes con hipertensi\u00f3n arterial descontrolada<\/a><\/li>\n<li><a href=\"http:\/\/promociondeeventos.sld.cu\/profesoranduxinmemorian\/files\/2020\/12\/El-aula-virtual-en-la-educaci\u00f3n-a-distancia-durante-la-pandemia-de-COVID-191.pdf\">El aula virtual en la educaci\u00f3n a distancia durante la pandemia de COVID-19<\/a><\/li>\n<li><a href=\"http:\/\/promociondeeventos.sld.cu\/profesoranduxinmemorian\/files\/2020\/12\/Efectividad-de-tres-remedios-homeop\u00e1ticos-en-el-tratamiento-del-Asma-bronquial-ligera-y-moderada.3.pdf\">Efectividad de tres remedios homeop\u00e1ticos en el tratamiento del Asma bronquial ligera y moderada.<\/a><\/li>\n<li><a href=\"http:\/\/promociondeeventos.sld.cu\/profesoranduxinmemorian\/files\/2020\/12\/Relaci\u00f3n-entre-niveles-de-testosterona-y-complicaciones-en-pacientes-tratados-por-intervencionismo-coronario.pdf\">Relaci\u00f3n entre niveles de testosterona y complicaciones en pacientes tratados por intervencionismo coronario<\/a><\/li>\n<li><a href=\"http:\/\/promociondeeventos.sld.cu\/profesoranduxinmemorian\/files\/2020\/12\/Anexos1.pdf\">Anexos<\/a><\/li>\n<li><a href=\"http:\/\/promociondeeventos.sld.cu\/profesoranduxinmemorian\/files\/2020\/12\/\u00b4\u00b4Actualizaci\u00f3n-Diagn\u00f3stica-del-Virus-Herpes-Simple-VHS.-\u00b4\u00b4-.pdf\">Actualizaci\u00f3n Diagn\u00f3stica del Virus Herpes Simple (VHS). <\/a><\/li>\n<li><a href=\"http:\/\/promociondeeventos.sld.cu\/profesoranduxinmemorian\/files\/2020\/12\/Cambio-climatico-y-las-infecciones-respiratorias-agudas.pdf\">Cambio climatico y las infecciones respiratorias agudas<\/a><\/li>\n<li><a href=\"http:\/\/promociondeeventos.sld.cu\/profesoranduxinmemorian\/files\/2020\/12\/La-Superaci\u00f3n-Profesional-v\u00eda-de-desarrollo.pdf\">La Superaci\u00f3n Profesional, v\u00eda de desarrollo<\/a><\/li>\n<li><a href=\"http:\/\/promociondeeventos.sld.cu\/profesoranduxinmemorian\/files\/2020\/12\/Nefroweb.pdf\">Nefroweb<\/a><\/li>\n<li><a href=\"http:\/\/promociondeeventos.sld.cu\/profesoranduxinmemorian\/files\/2020\/12\/Repercusi\u00f3n-psicosocial-del-alcoholismo.pdf\">Repercusi\u00f3n psicosocial del alcoholismo<\/a><\/li>\n<li><a href=\"http:\/\/promociondeeventos.sld.cu\/profesoranduxinmemorian\/files\/2020\/12\/La-antropolog\u00eda-cient\u00edfica.-Una-aproximaci\u00f3n-a-su-aplicaci\u00f3n-en-Nutrici\u00f3n.pdf\">La antropolog\u00eda cient\u00edfica. Una aproximaci\u00f3n a su aplicaci\u00f3n en Nutrici\u00f3n<\/a><\/li>\n<li><a href=\"http:\/\/promociondeeventos.sld.cu\/profesoranduxinmemorian\/files\/2020\/12\/La-pistola-de-soldar.pdf\">La pistola de soldar<\/a><\/li>\n<li><a href=\"http:\/\/promociondeeventos.sld.cu\/profesoranduxinmemorian\/files\/2020\/12\/Estudio-de-farmacovigilancia-activa-a-PrevenHO-Vir.pdf\">Estudio de farmacovigilancia activa a PrevenHO-Vir<\/a><\/li>\n<li><a href=\"http:\/\/promociondeeventos.sld.cu\/profesoranduxinmemorian\/files\/2020\/12\/Seguridad-y-protecci\u00f3n-radiol\u00f3gica.pdf\">Seguridad y protecci\u00f3n radiol\u00f3gica<\/a><\/li>\n<li><a href=\"http:\/\/promociondeeventos.sld.cu\/profesoranduxinmemorian\/files\/2020\/12\/La-anemia-en-el-embarazo.pdf\">La anemia en el embarazo<\/a><\/li>\n<li><a href=\"http:\/\/promociondeeventos.sld.cu\/profesoranduxinmemorian\/files\/2020\/12\/Evaluaci\u00f3n-de-las-buenas-pr\u00e1cticas-en-el-centro-de-elaboraci\u00f3n-de-expendio-de-alimentos.pdf\">Evaluaci\u00f3n de las buenas pr\u00e1cticas en el centro de elaboraci\u00f3n de expendio de alimentos<\/a><\/li>\n<li><a href=\"http:\/\/promociondeeventos.sld.cu\/profesoranduxinmemorian\/files\/2020\/12\/El-crecimiento-desarrollo-y-maduraci\u00f3n-en-la-etapa-prenatal-hasta-el-reci\u00e9n-nacido.pdf\">El crecimiento, desarrollo y maduraci\u00f3n en la etapa prenatal hasta el reci\u00e9n nacido<\/a><\/li>\n<li><a href=\"http:\/\/promociondeeventos.sld.cu\/profesoranduxinmemorian\/files\/2020\/12\/Algunos-aspectos-sobre-el-diagn\u00f3stico-actual-de-la-malaria.pdf\">Algunos aspectos sobre el diagn\u00f3stico actual de la malaria<\/a><\/li>\n<li><a href=\"http:\/\/promociondeeventos.sld.cu\/profesoranduxinmemorian\/files\/2020\/12\/Anemia-hemol\u00edtica-autoinmune.pdf\">Anemia hemol\u00edtica autoinmune<\/a><\/li>\n<li><a href=\"http:\/\/promociondeeventos.sld.cu\/profesoranduxinmemorian\/files\/2020\/12\/Incidencia-de-la-malaria-como-enfermedad-parasitaria-a-nivel-internacional.-Epidemiolog\u00eda-caracter\u00edsticas-cl\u00ednicas-diagn\u00f3stico-y-tratamiento.pdf\">Incidencia de la malaria como enfermedad parasitaria a nivel internacional. Epidemiolog\u00eda, caracter\u00edsticas cl\u00ednicas, diagn\u00f3stico y tratamiento<\/a><\/li>\n<li><a href=\"http:\/\/promociondeeventos.sld.cu\/profesoranduxinmemorian\/files\/2020\/12\/Aplicaci\u00f3n-del-modelo-Big-6-como-propuesta-para-la-soluci\u00f3n-de-problemas-de-informaci\u00f3n.pdf\">Aplicaci\u00f3n del modelo Big 6 como propuesta para la soluci\u00f3n de problemas de informaci\u00f3n<\/a><\/li>\n<li><a href=\"http:\/\/promociondeeventos.sld.cu\/profesoranduxinmemorian\/files\/2020\/12\/Tratamiento-fitoterap\u00e9utico-para-un-paciente-con-hipertension-arterial.pdf\">Tratamiento fitoterap\u00e9utico para un paciente con hipertension arterial<\/a><\/li>\n<li><a href=\"http:\/\/promociondeeventos.sld.cu\/profesoranduxinmemorian\/files\/2020\/12\/Diagn\u00f3stico-y-tratamiento-de-la-hepatitis-A-y-B.pdf\">Diagn\u00f3stico y tratamiento de la hepatitis A y B<\/a><\/li>\n<li><a href=\"http:\/\/promociondeeventos.sld.cu\/profesoranduxinmemorian\/files\/2020\/12\/La-HTA-en-la-edad-pedi\u00e1trica.pdf\">La HTA en la edad pedi\u00e1trica<\/a><\/li>\n<li><a href=\"http:\/\/promociondeeventos.sld.cu\/profesoranduxinmemorian\/files\/2020\/12\/Intervenci\u00f3n-educativa-sobre-parasitismo-intestinal.pdf\">Intervenci\u00f3n educativa sobre parasitismo intestinal<\/a><\/li>\n<li><a href=\"http:\/\/promociondeeventos.sld.cu\/profesoranduxinmemorian\/files\/2020\/12\/Intervenci\u00f3n-educativa-E.D.A.pdf\">Intervenci\u00f3n educativa E.D.A<\/a><\/li>\n<li><a href=\"http:\/\/promociondeeventos.sld.cu\/profesoranduxinmemorian\/files\/2020\/12\/Intervenci\u00f3n-educativa-HTA.pdf\">Intervenci\u00f3n educativa HTA<\/a><\/li>\n<li><a href=\"http:\/\/promociondeeventos.sld.cu\/profesoranduxinmemorian\/files\/2020\/12\/Transfusiones-en-pediatr\u00eda.pdf\">Transfusiones en pediatr\u00eda<\/a><\/li>\n<li><a href=\"http:\/\/promociondeeventos.sld.cu\/profesoranduxinmemorian\/files\/2020\/12\/Protocolo-de-rehabilitacion-para-pacientes-adultos-mayores-con-Enfermedad-de-Parkinson.pdf\">Protocolo de rehabilitacion para pacientes adultos mayores con Enfermedad de Parkinson<\/a><\/li>\n<li><a href=\"http:\/\/promociondeeventos.sld.cu\/profesoranduxinmemorian\/files\/2020\/12\/Alimentacion-en-ni\u00f1os-menores-de-2-a\u00f1os-en-Cuba.pdf\">Alimentacion en ni\u00f1os menores de 2 a\u00f1os en Cuba<\/a><\/li>\n<li><a href=\"http:\/\/promociondeeventos.sld.cu\/profesoranduxinmemorian\/files\/2020\/12\/La-Defensa-Civil-y-la-reducci\u00f3n-de-desastres.pdf\">La Defensa Civil y la reducci\u00f3n de desastres<\/a><\/li>\n<li><a href=\"http:\/\/promociondeeventos.sld.cu\/profesoranduxinmemorian\/files\/2020\/12\/Drogas-y-sustancias-psicotr\u00f3picas-un-problema-universal.pdf\">Drogas y sustancias psicotr\u00f3picas, un problema universal<\/a><\/li>\n<li><a href=\"http:\/\/promociondeeventos.sld.cu\/profesoranduxinmemorian\/files\/2020\/12\/Utilizaci\u00f3n-del-contraste-Tecnecio-99m-en-estudios-de-gammagraf\u00eda-\u00f3sea.pdf\">Utilizaci\u00f3n del contraste Tecnecio-99m en estudios de gammagraf\u00eda \u00f3sea<\/a><\/li>\n<li><a href=\"http:\/\/promociondeeventos.sld.cu\/profesoranduxinmemorian\/files\/2020\/12\/Reflexiones-sobre-la-alimentaci\u00f3n-saludable-en-la-especialidad-de-nutrici\u00f3n.pdf\">Reflexiones sobre la alimentaci\u00f3n saludable en la especialidad de nutrici\u00f3n<\/a><\/li>\n<li><a href=\"http:\/\/promociondeeventos.sld.cu\/profesoranduxinmemorian\/files\/2020\/12\/Prevenci\u00f3n-de-ca\u00eddas-en-el-adulto-mayor.pdf\">Prevenci\u00f3n de ca\u00eddas en el adulto mayor<\/a><\/li>\n<li><a href=\"http:\/\/promociondeeventos.sld.cu\/profesoranduxinmemorian\/files\/2020\/12\/Insuficiencia-renal-cr\u00f3nica-en-pacientes-de-la-localidad-de-Oyo-en-el-Congo.pdf\">Insuficiencia renal cr\u00f3nica en pacientes de la localidad de Oyo en el Congo<\/a><\/li>\n<li><a href=\"http:\/\/promociondeeventos.sld.cu\/profesoranduxinmemorian\/files\/2020\/12\/Subsistema-de-emergencia-urgencia-e-ingreso-en-el-hogar-.pdf\">Subsistema de emergencia, urgencia e ingreso en el hogar<\/a><\/li>\n<li><a href=\"http:\/\/promociondeeventos.sld.cu\/profesoranduxinmemorian\/files\/2020\/12\/An\u00e1lisis-del-modelo-de-preguntas-para-examen-estatal.pdf\">An\u00e1lisis del modelo de preguntas para examen estatal<\/a><\/li>\n<li><a href=\"http:\/\/promociondeeventos.sld.cu\/profesoranduxinmemorian\/files\/2020\/12\/Sicklemia.pdf\">Sicklemia<\/a><\/li>\n<li><a href=\"http:\/\/promociondeeventos.sld.cu\/profesoranduxinmemorian\/files\/2020\/12\/Mycobacterium-leprae.pdf\">Mycobacterium leprae<\/a><\/li>\n<li><a href=\"http:\/\/promociondeeventos.sld.cu\/profesoranduxinmemorian\/files\/2020\/12\/Anatomofisiolog\u00eda-humanas.-Selecci\u00f3n-de-temas.pdf\">Anatomofisiolog\u00eda humanas. Selecci\u00f3n de temas<\/a><\/li>\n<li><a href=\"http:\/\/promociondeeventos.sld.cu\/profesoranduxinmemorian\/files\/2020\/12\/Labor-m\u00e9dica-y-revolucionaria-del-Che.pdf\">Labor m\u00e9dica y revolucionaria del Che<\/a><\/li>\n<li><a href=\"http:\/\/promociondeeventos.sld.cu\/profesoranduxinmemorian\/files\/2020\/12\/Complicaciones-y-secuelas-de-la-COVID-19.pdf\">Complicaciones y secuelas de la COVID-19<\/a><\/li>\n<li><a href=\"http:\/\/promociondeeventos.sld.cu\/profesoranduxinmemorian\/files\/2020\/12\/Grupos-sangu\u00edneos.pdf\">Grupos sangu\u00edneos<\/a><\/li>\n<li><a href=\"http:\/\/promociondeeventos.sld.cu\/profesoranduxinmemorian\/files\/2020\/12\/La-bio\u00e9tica-en-la-rehabilitacion-gri\u00e1trica.pdf\">La bio\u00e9tica en la rehabilitacion geri\u00e1trica<\/a><\/li>\n<li><a href=\"http:\/\/promociondeeventos.sld.cu\/profesoranduxinmemorian\/files\/2020\/12\/La-subluxaci\u00f3n-de-hombro-como-secuela.pdf\">La subluxaci\u00f3n de hombro como secuela<\/a><\/li>\n<li><a href=\"http:\/\/promociondeeventos.sld.cu\/profesoranduxinmemorian\/files\/2020\/12\/Importancia-de-la-profesionalizaci\u00f3n-en-la-rehabilitaci\u00f3n-geri\u00e1trica.pdf\">Importancia de la profesionalizaci\u00f3n en la rehabilitaci\u00f3n geri\u00e1trica<\/a><\/li>\n<li><a href=\"http:\/\/promociondeeventos.sld.cu\/profesoranduxinmemorian\/files\/2020\/12\/Consideraciones-bio\u00e9ticas.pdf\">Consideraciones bio\u00e9ticas<\/a><\/li>\n<li><a href=\"http:\/\/promociondeeventos.sld.cu\/profesoranduxinmemorian\/files\/2020\/12\/Microalbuminuria-y-factores-de-riesgo-cardiovascular.pdf\">Microalbuminuria y factores de riesgo cardiovascular<\/a><\/li>\n<\/ul>\n<p>&nbsp;<\/p>\n<p>&nbsp;<\/p>\n","protected":false},"excerpt":{"rendered":"<p>Tratamiento homeop\u00e1tico en pacientes con hipertensi\u00f3n arterial descontrolada El aula virtual en la educaci\u00f3n a distancia durante la pandemia de COVID-19 Efectividad de tres remedios homeop\u00e1ticos en el tratamiento del Asma bronquial ligera y moderada. Relaci\u00f3n entre niveles de testosterona y complicaciones en pacientes tratados por intervencionismo coronario Anexos Actualizaci\u00f3n Diagn\u00f3stica del Virus Herpes Simple [&hellip;]<\/p>\n","protected":false},"author":3262,"featured_media":0,"parent":66,"menu_order":0,"comment_status":"closed","ping_status":"closed","template":"sidebar-content.php","meta":[],"_links":{"self":[{"href":"https:\/\/promociondeeventos.sld.cu\/profesoranduxinmemorian\/wp-json\/wp\/v2\/pages\/162"}],"collection":[{"href":"https:\/\/promociondeeventos.sld.cu\/profesoranduxinmemorian\/wp-json\/wp\/v2\/pages"}],"about":[{"href":"https:\/\/promociondeeventos.sld.cu\/profesoranduxinmemorian\/wp-json\/wp\/v2\/types\/page"}],"author":[{"embeddable":true,"href":"https:\/\/promociondeeventos.sld.cu\/profesoranduxinmemorian\/wp-json\/wp\/v2\/users\/3262"}],"replies":[{"embeddable":true,"href":"https:\/\/promociondeeventos.sld.cu\/profesoranduxinmemorian\/wp-json\/wp\/v2\/comments?post=162"}],"version-history":[{"count":69,"href":"https:\/\/promociondeeventos.sld.cu\/profesoranduxinmemorian\/wp-json\/wp\/v2\/pages\/162\/revisions"}],"predecessor-version":[{"id":434,"href":"https:\/\/promociondeeventos.sld.cu\/profesoranduxinmemorian\/wp-json\/wp\/v2\/pages\/162\/revisions\/434"}],"up":[{"embeddable":true,"href":"https:\/\/promociondeeventos.sld.cu\/profesoranduxinmemorian\/wp-json\/wp\/v2\/pages\/66"}],"wp:attachment":[{"href":"https:\/\/promociondeeventos.sld.cu\/profesoranduxinmemorian\/wp-json\/wp\/v2\/media?parent=162"}],"curies":[{"name":"wp","href":"https:\/\/api.w.org\/{rel}","templated":true}]}}