{"id":8,"date":"2025-02-09T04:42:18","date_gmt":"2025-02-09T04:42:18","guid":{"rendered":"https:\/\/promociondeeventos.sld.cu\/pediatriaipk2025\/?page_id=8"},"modified":"2025-02-09T04:42:23","modified_gmt":"2025-02-09T04:42:23","slug":"comite-organizador","status":"publish","type":"page","link":"https:\/\/promociondeeventos.sld.cu\/pediatriaipk2025\/comite-organizador\/","title":{"rendered":"Comit\u00e9 Organizador"},"content":{"rendered":"<p><strong>Presidente:<\/strong><br \/>\n-Dr.Cs. Eric Martinez Torres\/ IPK\/ eric@ipk.sld.cu<br \/>\n<strong>Miembros:<\/strong><br \/>\n-Dra. Marta Castro Peraza, IPK. martac@ipk.sld.cu<br \/>\n-Dr. Cs. Maria Guadalupe Guzm\u00e1n<br \/>\n-Dra. Lorena V\u00e1zquez Bello<br \/>\n-Dra. Araiz Consuegra<br \/>\n-Dr. Jos\u00e9 Sabatier<br \/>\n-Dra. Anabel Hern\u00e1ndez Ruiz<br \/>\n-Tec. Jorge Campos<br \/>\n-Lic. Dainet Blanco Sosa<\/p>\n<p>________________________________________<\/p>\n","protected":false},"excerpt":{"rendered":"<p>Presidente: -Dr.Cs. Eric Martinez Torres\/ IPK\/ eric@ipk.sld.cu Miembros: -Dra. Marta Castro Peraza, IPK. martac@ipk.sld.cu -Dr. Cs. Maria Guadalupe Guzm\u00e1n -Dra. Lorena V\u00e1zquez Bello -Dra. Araiz Consuegra -Dr. Jos\u00e9 Sabatier -Dra. Anabel Hern\u00e1ndez Ruiz -Tec. Jorge Campos -Lic. Dainet Blanco Sosa ________________________________________<\/p>\n","protected":false},"author":3262,"featured_media":0,"parent":0,"menu_order":0,"comment_status":"closed","ping_status":"closed","template":"","meta":[],"_links":{"self":[{"href":"https:\/\/promociondeeventos.sld.cu\/pediatriaipk2025\/wp-json\/wp\/v2\/pages\/8"}],"collection":[{"href":"https:\/\/promociondeeventos.sld.cu\/pediatriaipk2025\/wp-json\/wp\/v2\/pages"}],"about":[{"href":"https:\/\/promociondeeventos.sld.cu\/pediatriaipk2025\/wp-json\/wp\/v2\/types\/page"}],"author":[{"embeddable":true,"href":"https:\/\/promociondeeventos.sld.cu\/pediatriaipk2025\/wp-json\/wp\/v2\/users\/3262"}],"replies":[{"embeddable":true,"href":"https:\/\/promociondeeventos.sld.cu\/pediatriaipk2025\/wp-json\/wp\/v2\/comments?post=8"}],"version-history":[{"count":1,"href":"https:\/\/promociondeeventos.sld.cu\/pediatriaipk2025\/wp-json\/wp\/v2\/pages\/8\/revisions"}],"predecessor-version":[{"id":9,"href":"https:\/\/promociondeeventos.sld.cu\/pediatriaipk2025\/wp-json\/wp\/v2\/pages\/8\/revisions\/9"}],"wp:attachment":[{"href":"https:\/\/promociondeeventos.sld.cu\/pediatriaipk2025\/wp-json\/wp\/v2\/media?parent=8"}],"curies":[{"name":"wp","href":"https:\/\/api.w.org\/{rel}","templated":true}]}}