{"id":2,"date":"2025-02-09T04:35:05","date_gmt":"2025-02-09T04:35:05","guid":{"rendered":"https:\/\/promociondeeventos.sld.cu\/pediatriaipk2025\/?page_id=2"},"modified":"2025-08-01T12:52:24","modified_gmt":"2025-08-01T12:52:24","slug":"pagina-ejemplo","status":"publish","type":"page","link":"https:\/\/promociondeeventos.sld.cu\/pediatriaipk2025\/","title":{"rendered":"Convocatoria:"},"content":{"rendered":"<p style=\"text-align: justify\">Las enfermedades infecciosas en ni\u00f1os y adolescentes representan un desaf\u00edo global en el marco de Una Salud, especialmente en el contexto de la resistencia antimicrobiana, la presencia de nuevos agentes pat\u00f3genos y la disminuci\u00f3n de las tasas de vacunaci\u00f3n. Estas requieren de un enfoque que combine la prevenci\u00f3n, la vigilancia, diagn\u00f3stico, el tratamiento oportuno, la innovaci\u00f3n y la comunicaci\u00f3n de riesgo.<\/p>\n<p style=\"text-align: justify\">Estos antecedentes justifican la necesidad de fortalecer la vigilancia, atenci\u00f3n y cuidados en estas poblaciones y el estar preparados en temas claves que ser\u00e1n tratado por especialistas de primer nivel en el pa\u00eds.<\/p>\n<p style=\"text-align: justify\">Por ello, le invitamos a participar en el III SIMPOSIO DE ENFERMEDADES INFECCIOSAS EN NI\u00d1OS Y ADOLESCENTES del 23 al 25 de septiembre del 2025<\/p>\n<p><span style=\"color: #3dcccc\">El Simposio ser\u00e1 presencial con una capacidad de 40 profesionales<\/span><\/p>\n<p><a href=\"https:\/\/promociondeeventos.sld.cu\/pediatriaipk2025\/inscripcion\/\" target=\"_blank\" rel=\"noopener\">Para incribirse<\/a><\/p>\n","protected":false},"excerpt":{"rendered":"<p>Las enfermedades infecciosas en ni\u00f1os y adolescentes representan un desaf\u00edo global en el marco de Una Salud, especialmente en el contexto de la resistencia antimicrobiana, la presencia de nuevos agentes pat\u00f3genos y la disminuci\u00f3n de las tasas de vacunaci\u00f3n. Estas requieren de un enfoque que combine la prevenci\u00f3n, la vigilancia, diagn\u00f3stico, el tratamiento oportuno, la [&hellip;]<\/p>\n","protected":false},"author":3257,"featured_media":0,"parent":0,"menu_order":0,"comment_status":"closed","ping_status":"open","template":"","meta":[],"_links":{"self":[{"href":"https:\/\/promociondeeventos.sld.cu\/pediatriaipk2025\/wp-json\/wp\/v2\/pages\/2"}],"collection":[{"href":"https:\/\/promociondeeventos.sld.cu\/pediatriaipk2025\/wp-json\/wp\/v2\/pages"}],"about":[{"href":"https:\/\/promociondeeventos.sld.cu\/pediatriaipk2025\/wp-json\/wp\/v2\/types\/page"}],"author":[{"embeddable":true,"href":"https:\/\/promociondeeventos.sld.cu\/pediatriaipk2025\/wp-json\/wp\/v2\/users\/3257"}],"replies":[{"embeddable":true,"href":"https:\/\/promociondeeventos.sld.cu\/pediatriaipk2025\/wp-json\/wp\/v2\/comments?post=2"}],"version-history":[{"count":11,"href":"https:\/\/promociondeeventos.sld.cu\/pediatriaipk2025\/wp-json\/wp\/v2\/pages\/2\/revisions"}],"predecessor-version":[{"id":68,"href":"https:\/\/promociondeeventos.sld.cu\/pediatriaipk2025\/wp-json\/wp\/v2\/pages\/2\/revisions\/68"}],"wp:attachment":[{"href":"https:\/\/promociondeeventos.sld.cu\/pediatriaipk2025\/wp-json\/wp\/v2\/media?parent=2"}],"curies":[{"name":"wp","href":"https:\/\/api.w.org\/{rel}","templated":true}]}}