{"id":12,"date":"2025-02-09T04:44:05","date_gmt":"2025-02-09T04:44:05","guid":{"rendered":"https:\/\/promociondeeventos.sld.cu\/pediatriaipk2025\/?page_id=12"},"modified":"2025-02-09T04:44:15","modified_gmt":"2025-02-09T04:44:15","slug":"tematicas","status":"publish","type":"page","link":"https:\/\/promociondeeventos.sld.cu\/pediatriaipk2025\/tematicas\/","title":{"rendered":"Tem\u00e1ticas"},"content":{"rendered":"<p>&#8211; Dengue y otras arbovirosis<br \/>\n-Situaci\u00f3n epidemiol\u00f3gica actual de las enfermedades infecciosas.<br \/>\n-Cuadro cl\u00ednico: Resultados del estudio del Hospital Pedi\u00e1trico del Cerro.<br \/>\n-Dengue en el primer a\u00f1o de vida<br \/>\n-Dengue y otros arbovirus emergentes: semejanzas y diferencias<br \/>\n-Avances en el diagn\u00f3stico de laboratorio<br \/>\n-Prevenci\u00f3n por vacunas<br \/>\n-Signos de alarma y prevenci\u00f3n de muertes<br \/>\n&#8211; Infecciones respiratoria, y neumon\u00eda<br \/>\n&#8211; Meningoencefalitis bacteriana<br \/>\n-Vigilancia. Actualizaci\u00f3n epidemiol\u00f3gica y estado actual de las vacunas cubanas: meningococo, hem\u00f3filo y neumococo<br \/>\n-Enfermedades prevenibles por vacunas. Una actualizaci\u00f3n.<br \/>\n-ITS-VIH\/Sida. Situaci\u00f3n actual<br \/>\n-Infecci\u00f3n en ni\u00f1os y adolescentes.<br \/>\n-Resultados de estudios realizados en el IPK en pacientes pedi\u00e1tricos<br \/>\n-Comunicaci\u00f3n de riesgos de enfermar de infecciones pedi\u00e1tricas<br \/>\n-Erradicaci\u00f3n de la TB infantil y estado actual de las infecciones respiratorias agudas.<br \/>\n-Enfermedad diarreica aguda. C\u00f3lera.<br \/>\n-Leptospirosis<br \/>\n-S\u00edndrome de mononucleosis<br \/>\n-Erradicaci\u00f3n de la polio en el mundo. Situaci\u00f3n cubana.<br \/>\n-Actuales retos: nuevas hepatitis y nuevos brotes epid\u00e9micos<\/p>\n","protected":false},"excerpt":{"rendered":"<p>&#8211; Dengue y otras arbovirosis -Situaci\u00f3n epidemiol\u00f3gica actual de las enfermedades infecciosas. -Cuadro cl\u00ednico: Resultados del estudio del Hospital Pedi\u00e1trico del Cerro. -Dengue en el primer a\u00f1o de vida -Dengue y otros arbovirus emergentes: semejanzas y diferencias -Avances en el diagn\u00f3stico de laboratorio -Prevenci\u00f3n por vacunas -Signos de alarma y prevenci\u00f3n de muertes &#8211; Infecciones [&hellip;]<\/p>\n","protected":false},"author":3262,"featured_media":0,"parent":0,"menu_order":0,"comment_status":"closed","ping_status":"closed","template":"","meta":[],"_links":{"self":[{"href":"https:\/\/promociondeeventos.sld.cu\/pediatriaipk2025\/wp-json\/wp\/v2\/pages\/12"}],"collection":[{"href":"https:\/\/promociondeeventos.sld.cu\/pediatriaipk2025\/wp-json\/wp\/v2\/pages"}],"about":[{"href":"https:\/\/promociondeeventos.sld.cu\/pediatriaipk2025\/wp-json\/wp\/v2\/types\/page"}],"author":[{"embeddable":true,"href":"https:\/\/promociondeeventos.sld.cu\/pediatriaipk2025\/wp-json\/wp\/v2\/users\/3262"}],"replies":[{"embeddable":true,"href":"https:\/\/promociondeeventos.sld.cu\/pediatriaipk2025\/wp-json\/wp\/v2\/comments?post=12"}],"version-history":[{"count":1,"href":"https:\/\/promociondeeventos.sld.cu\/pediatriaipk2025\/wp-json\/wp\/v2\/pages\/12\/revisions"}],"predecessor-version":[{"id":13,"href":"https:\/\/promociondeeventos.sld.cu\/pediatriaipk2025\/wp-json\/wp\/v2\/pages\/12\/revisions\/13"}],"wp:attachment":[{"href":"https:\/\/promociondeeventos.sld.cu\/pediatriaipk2025\/wp-json\/wp\/v2\/media?parent=12"}],"curies":[{"name":"wp","href":"https:\/\/api.w.org\/{rel}","templated":true}]}}