{"id":6,"date":"2024-03-11T18:03:36","date_gmt":"2024-03-11T18:03:36","guid":{"rendered":"https:\/\/promociondeeventos.sld.cu\/pediatriaipk2024\/?page_id=6"},"modified":"2024-03-11T18:03:36","modified_gmt":"2024-03-11T18:03:36","slug":"convocatoria","status":"publish","type":"page","link":"https:\/\/promociondeeventos.sld.cu\/pediatriaipk2024\/","title":{"rendered":"Convocatoria"},"content":{"rendered":"<p>La creciente presencia de enfermedades infecciosas en ni\u00f1os y adolescentes, con otra connotaci\u00f3n por la pandemia de Covid-19 plantea la necesidad imperiosa de fortalecer la vigilancia, atenci\u00f3n y cuidados en estas poblaciones y el estar preparados en temas claves como:\u00a0 Dengue y otras arbovirosis, la situaci\u00f3n epidemiol\u00f3gica actual de las enfermedades infecciosas, cuadro cl\u00ednico: Resultados de los estudios. El Dengue en el primer a\u00f1o de vida y el Dengue y Zika: los avances en el diagn\u00f3stico de laboratorio, la prevenci\u00f3n por vacunas, los signos de alarma y prevenci\u00f3n de muertes. La Covid-19 con su cuadro cl\u00ednico epidemiol\u00f3gico y resultados de la vacunaci\u00f3n en Cuba, la meningoencefalitis bacteriana y su vigilancia y Actualizaci\u00f3n epidemiol\u00f3gica y el estado actual de las vacunas cubanas: meningococo, hem\u00f3filo y neumococo. Las enfermedades prevenibles por vacunas. Sobre las ITS-VIH\/Sida, su cuadro epidemiol\u00f3gico actual y la infecci\u00f3n en ni\u00f1os y adolescentes los resultados de estudios realizados en el IPK en pacientes pedi\u00e1tricos, la comunicaci\u00f3n de riesgos de enfermar de infecciones pedi\u00e1tricas. La erradicaci\u00f3n de la TB infantil y estado actual de las infecciones respiratorias agudas. La enfermedad diarreica aguda y el C\u00f3lera. La Leptospirosis, el s\u00edndrome de mononucleosis, la erradicaci\u00f3n de la polio en el mundo y la situaci\u00f3n cubana y los retos actuales en nuevas hepatitis y nuevos brotes epid\u00e9micos, todo esto ser\u00e1 tratado por especialistas d primer nivel en el pa\u00eds, por lo que le invitamos a participar en el II SIMPOSIO DE ENFERMEDADES INFECCIOSAS EN NI\u00d1OS Y ADOLESCENTES del 21 al 23 de mayo del 2024.<\/p>\n","protected":false},"excerpt":{"rendered":"<p>La creciente presencia de enfermedades infecciosas en ni\u00f1os y adolescentes, con otra connotaci\u00f3n por la pandemia de Covid-19 plantea la necesidad imperiosa de fortalecer la vigilancia, atenci\u00f3n y cuidados en estas poblaciones y el estar preparados en temas claves como:\u00a0 Dengue y otras arbovirosis, la situaci\u00f3n epidemiol\u00f3gica actual de las enfermedades infecciosas, cuadro cl\u00ednico: Resultados [&hellip;]<\/p>\n","protected":false},"author":3257,"featured_media":0,"parent":0,"menu_order":0,"comment_status":"closed","ping_status":"closed","template":"","meta":[],"_links":{"self":[{"href":"https:\/\/promociondeeventos.sld.cu\/pediatriaipk2024\/wp-json\/wp\/v2\/pages\/6"}],"collection":[{"href":"https:\/\/promociondeeventos.sld.cu\/pediatriaipk2024\/wp-json\/wp\/v2\/pages"}],"about":[{"href":"https:\/\/promociondeeventos.sld.cu\/pediatriaipk2024\/wp-json\/wp\/v2\/types\/page"}],"author":[{"embeddable":true,"href":"https:\/\/promociondeeventos.sld.cu\/pediatriaipk2024\/wp-json\/wp\/v2\/users\/3257"}],"replies":[{"embeddable":true,"href":"https:\/\/promociondeeventos.sld.cu\/pediatriaipk2024\/wp-json\/wp\/v2\/comments?post=6"}],"version-history":[{"count":2,"href":"https:\/\/promociondeeventos.sld.cu\/pediatriaipk2024\/wp-json\/wp\/v2\/pages\/6\/revisions"}],"predecessor-version":[{"id":57,"href":"https:\/\/promociondeeventos.sld.cu\/pediatriaipk2024\/wp-json\/wp\/v2\/pages\/6\/revisions\/57"}],"wp:attachment":[{"href":"https:\/\/promociondeeventos.sld.cu\/pediatriaipk2024\/wp-json\/wp\/v2\/media?parent=6"}],"curies":[{"name":"wp","href":"https:\/\/api.w.org\/{rel}","templated":true}]}}