{"id":10,"date":"2024-03-11T18:08:48","date_gmt":"2024-03-11T18:08:48","guid":{"rendered":"https:\/\/promociondeeventos.sld.cu\/pediatriaipk2024\/?page_id=10"},"modified":"2024-03-11T18:08:48","modified_gmt":"2024-03-11T18:08:48","slug":"comite-organizador","status":"publish","type":"page","link":"https:\/\/promociondeeventos.sld.cu\/pediatriaipk2024\/comite-organizador\/","title":{"rendered":"Comit\u00e9 Organizador"},"content":{"rendered":"<ul>\n<li>Presidente:<\/li>\n<\/ul>\n<p>Dr.Cs. Eric Martinez Torres\/ IPK\/ eric@ipk.sld.cu<\/p>\n<ul>\n<li>Miembros:<\/li>\n<\/ul>\n<p>Dra. Marta Castro Peraza, IPK. <a href=\"mailto:martac@ipk.sld.cu\" target=\"_blank\" rel=\"noopener\">martac@ipk.sld.cu<\/a><br \/>\nDr. Cs. Maria Guadalupe Guzm\u00e1n <a href=\"mailto:lupe@ipk.sld.cu\" target=\"_blank\" rel=\"noopener\">lupe@ipk.sld.cu<\/a><br \/>\nDra. Lorena V\u00e1zquez Bello <a href=\"mailto:lorena.vazquez@ipk.sld.cu\" target=\"_blank\" rel=\"noopener\">lorena.vazquez@ipk.sld.cu<\/a><br \/>\nDra. Araiza Consuegra<br \/>\nDr. Jos\u00e9 Sabatier<br \/>\nDra. Olga O. Tejeda<br \/>\nTec. Jorge Campos <a href=\"mailto:jcampos@ipk.sld.cu\" target=\"_blank\" rel=\"noopener\">jcampos@ipk.sld.cu<\/a><br \/>\nLic. Dayma Medina Asencio <a href=\"mailto:daymam@ipk.sld.cu\" target=\"_blank\" rel=\"noopener\">daymam@ipk.sld.cu<\/a><\/p>\n","protected":false},"excerpt":{"rendered":"<p>Presidente: Dr.Cs. Eric Martinez Torres\/ IPK\/ eric@ipk.sld.cu Miembros: Dra. Marta Castro Peraza, IPK. martac@ipk.sld.cu Dr. Cs. Maria Guadalupe Guzm\u00e1n lupe@ipk.sld.cu Dra. Lorena V\u00e1zquez Bello lorena.vazquez@ipk.sld.cu Dra. Araiza Consuegra Dr. Jos\u00e9 Sabatier Dra. Olga O. Tejeda Tec. Jorge Campos jcampos@ipk.sld.cu Lic. Dayma Medina Asencio daymam@ipk.sld.cu<\/p>\n","protected":false},"author":3257,"featured_media":0,"parent":0,"menu_order":0,"comment_status":"closed","ping_status":"closed","template":"","meta":[],"_links":{"self":[{"href":"https:\/\/promociondeeventos.sld.cu\/pediatriaipk2024\/wp-json\/wp\/v2\/pages\/10"}],"collection":[{"href":"https:\/\/promociondeeventos.sld.cu\/pediatriaipk2024\/wp-json\/wp\/v2\/pages"}],"about":[{"href":"https:\/\/promociondeeventos.sld.cu\/pediatriaipk2024\/wp-json\/wp\/v2\/types\/page"}],"author":[{"embeddable":true,"href":"https:\/\/promociondeeventos.sld.cu\/pediatriaipk2024\/wp-json\/wp\/v2\/users\/3257"}],"replies":[{"embeddable":true,"href":"https:\/\/promociondeeventos.sld.cu\/pediatriaipk2024\/wp-json\/wp\/v2\/comments?post=10"}],"version-history":[{"count":1,"href":"https:\/\/promociondeeventos.sld.cu\/pediatriaipk2024\/wp-json\/wp\/v2\/pages\/10\/revisions"}],"predecessor-version":[{"id":12,"href":"https:\/\/promociondeeventos.sld.cu\/pediatriaipk2024\/wp-json\/wp\/v2\/pages\/10\/revisions\/12"}],"wp:attachment":[{"href":"https:\/\/promociondeeventos.sld.cu\/pediatriaipk2024\/wp-json\/wp\/v2\/media?parent=10"}],"curies":[{"name":"wp","href":"https:\/\/api.w.org\/{rel}","templated":true}]}}