{"id":13,"date":"2023-01-20T17:12:41","date_gmt":"2023-01-20T17:12:41","guid":{"rendered":"https:\/\/promociondeeventos.sld.cu\/pediatriaipk\/?page_id=13"},"modified":"2023-01-23T15:35:57","modified_gmt":"2023-01-23T15:35:57","slug":"comite-organizador","status":"publish","type":"page","link":"https:\/\/promociondeeventos.sld.cu\/pediatriaipk\/comite-organizador\/","title":{"rendered":"Comit\u00e9 Organizador"},"content":{"rendered":"<p><strong>Presidentes:<\/strong><\/p>\n<ul>\n<li>Dr. Eric Mart\u00ednez Torres, IPK<\/li>\n<li>Dra. Marta Castro Peraza, IPK<\/li>\n<\/ul>\n<p><strong>Miembros:<\/strong><\/p>\n<ul>\n<li>Dra Lizet L\u00f3pez<\/li>\n<li>Dra<strong>. <\/strong>Annia P\u00e9rez<\/li>\n<li>Dra. Yamisleydis P\u00e9rez<\/li>\n<li>Dra. Araiza Consuegra<\/li>\n<li>Dr. Osvaldo Castro<\/li>\n<li>Tec. Jorge Campos<\/li>\n<\/ul>\n","protected":false},"excerpt":{"rendered":"<p>Presidentes: Dr. Eric Mart\u00ednez Torres, IPK Dra. Marta Castro Peraza, IPK Miembros: Dra Lizet L\u00f3pez Dra. Annia P\u00e9rez Dra. Yamisleydis P\u00e9rez Dra. Araiza Consuegra Dr. Osvaldo Castro Tec. Jorge Campos<\/p>\n","protected":false},"author":4,"featured_media":0,"parent":0,"menu_order":0,"comment_status":"closed","ping_status":"closed","template":"","meta":[],"_links":{"self":[{"href":"https:\/\/promociondeeventos.sld.cu\/pediatriaipk\/wp-json\/wp\/v2\/pages\/13"}],"collection":[{"href":"https:\/\/promociondeeventos.sld.cu\/pediatriaipk\/wp-json\/wp\/v2\/pages"}],"about":[{"href":"https:\/\/promociondeeventos.sld.cu\/pediatriaipk\/wp-json\/wp\/v2\/types\/page"}],"author":[{"embeddable":true,"href":"https:\/\/promociondeeventos.sld.cu\/pediatriaipk\/wp-json\/wp\/v2\/users\/4"}],"replies":[{"embeddable":true,"href":"https:\/\/promociondeeventos.sld.cu\/pediatriaipk\/wp-json\/wp\/v2\/comments?post=13"}],"version-history":[{"count":5,"href":"https:\/\/promociondeeventos.sld.cu\/pediatriaipk\/wp-json\/wp\/v2\/pages\/13\/revisions"}],"predecessor-version":[{"id":81,"href":"https:\/\/promociondeeventos.sld.cu\/pediatriaipk\/wp-json\/wp\/v2\/pages\/13\/revisions\/81"}],"wp:attachment":[{"href":"https:\/\/promociondeeventos.sld.cu\/pediatriaipk\/wp-json\/wp\/v2\/media?parent=13"}],"curies":[{"name":"wp","href":"https:\/\/api.w.org\/{rel}","templated":true}]}}