{"id":3,"date":"2025-02-09T04:05:57","date_gmt":"2025-02-09T04:05:57","guid":{"rendered":"https:\/\/promociondeeventos.sld.cu\/parasitosishumanas2025\/?page_id=3"},"modified":"2025-04-14T18:21:44","modified_gmt":"2025-04-14T18:21:44","slug":"convocatoria","status":"publish","type":"page","link":"https:\/\/promociondeeventos.sld.cu\/parasitosishumanas2025\/","title":{"rendered":"Convocatoria"},"content":{"rendered":"<p style=\"text-align: justify\">Las infecciones parasitarias est\u00e1n ampliamente difundidas, y su prevalencia en la actualidad es similar a la que exist\u00eda varios a\u00f1os atr\u00e1s en muchas regiones del mundo, La complejidad de los factores epidemiol\u00f3gicos que las condicionan, y la dificultad para controlar o eliminar estos factores, inducen su incidencia y gravedad en las comunidades. Cuba cuenta con una red de laboratorios a lo largo y ancho del pa\u00eds organizados seg\u00fan el nivel de atenci\u00f3n con potencialidades de brindar un diagn\u00f3stico certero a la poblaci\u00f3n, sin embargo dado el deterioro de la microbiolog\u00eda a ra\u00edz del bloqueo econ\u00f3mico iniciado a finales de la d\u00e9cada del 1980, unido al intercambio entre pa\u00edses, la introducci\u00f3n de nuevos diagn\u00f3sticos y la situaci\u00f3n epidemiol\u00f3gica actual, mantener las capacidades para brindar diagn\u00f3stico oportuno de parasitosis autoctoctonas y ex\u00f3ticas para Cuba. El coloquio servir\u00e1 para consolidar los logros alcanzados, retomar el desarrollo de la vigilancia nacional en estas tem\u00e1ticas y favorecer la salud de la poblaci\u00f3n seg\u00fan los recursos disponibles. La actividad estar\u00e1 dirigida a profesionales involucrados en las tareas de los programas nacionales de salud para la prevenci\u00f3n y control de parasitosis humana.<\/p>\n<p>El Instituto de Medicina Tropical Pedro Kour\u00ed en conjunto con la Sociedad Cubana de Microbiolog\u00eda y Parasitolog\u00eda, los invita a participar en el <strong>Primer Coloquio Internacional de Parasitosis Humana. Retos y Perspectivas <\/strong>a realizarse de forma presencial del 3 al 5 de junio de 2025<\/p>\n<p style=\"text-align: center\"><strong>LE EXPRESAMOS ANTICIPADAMENTE NUESTRO M\u00c1S SINCERO AGRADECIMIENTO, ESPERANDO SU PARTICIPACI\u00d3N CON PROFESIONALIDAD E INTEGRACI\u00d3N<\/strong><\/p>\n<p><img decoding=\"async\" loading=\"lazy\" class=\"aligncenter\" src=\"http:\/\/promociondeeventos.sld.cu\/parasitosishumanas2025\/files\/2025\/03\/Logos.jpg\" width=\"529\" height=\"69\" \/><\/p>\n","protected":false},"excerpt":{"rendered":"<p>Las infecciones parasitarias est\u00e1n ampliamente difundidas, y su prevalencia en la actualidad es similar a la que exist\u00eda varios a\u00f1os atr\u00e1s en muchas regiones del mundo, La complejidad de los factores epidemiol\u00f3gicos que las condicionan, y la dificultad para controlar o eliminar estos factores, inducen su incidencia y gravedad en las comunidades. Cuba cuenta con [&hellip;]<\/p>\n","protected":false},"author":3262,"featured_media":0,"parent":0,"menu_order":0,"comment_status":"closed","ping_status":"closed","template":"","meta":[],"_links":{"self":[{"href":"https:\/\/promociondeeventos.sld.cu\/parasitosishumanas2025\/wp-json\/wp\/v2\/pages\/3"}],"collection":[{"href":"https:\/\/promociondeeventos.sld.cu\/parasitosishumanas2025\/wp-json\/wp\/v2\/pages"}],"about":[{"href":"https:\/\/promociondeeventos.sld.cu\/parasitosishumanas2025\/wp-json\/wp\/v2\/types\/page"}],"author":[{"embeddable":true,"href":"https:\/\/promociondeeventos.sld.cu\/parasitosishumanas2025\/wp-json\/wp\/v2\/users\/3262"}],"replies":[{"embeddable":true,"href":"https:\/\/promociondeeventos.sld.cu\/parasitosishumanas2025\/wp-json\/wp\/v2\/comments?post=3"}],"version-history":[{"count":8,"href":"https:\/\/promociondeeventos.sld.cu\/parasitosishumanas2025\/wp-json\/wp\/v2\/pages\/3\/revisions"}],"predecessor-version":[{"id":78,"href":"https:\/\/promociondeeventos.sld.cu\/parasitosishumanas2025\/wp-json\/wp\/v2\/pages\/3\/revisions\/78"}],"wp:attachment":[{"href":"https:\/\/promociondeeventos.sld.cu\/parasitosishumanas2025\/wp-json\/wp\/v2\/media?parent=3"}],"curies":[{"name":"wp","href":"https:\/\/api.w.org\/{rel}","templated":true}]}}