{"id":15,"date":"2025-02-09T04:20:31","date_gmt":"2025-02-09T04:20:31","guid":{"rendered":"https:\/\/promociondeeventos.sld.cu\/parasitosishumanas2025\/?page_id=15"},"modified":"2025-03-26T22:21:18","modified_gmt":"2025-03-26T22:21:18","slug":"normas-de-presentacion","status":"publish","type":"page","link":"https:\/\/promociondeeventos.sld.cu\/parasitosishumanas2025\/normas-de-presentacion\/","title":{"rendered":"Normas de presentaci\u00f3n"},"content":{"rendered":"<p>Conferencias magistrales: Formato Power Point. Duraci\u00f3n de 20 minutos con libre organizaci\u00f3n. El fondo debe ser blanco o colores muy claros y letras en negro.<\/p>\n<p>Presentaci\u00f3n oral: Formato Power Point. Realizar la presentaci\u00f3n en 10 minutos, en un m\u00e1ximo de 7 a 10 diapositivas, la cual contenga los datos principales del mismo (t\u00edtulo, autores, introducci\u00f3n, objetivos, material y m\u00e9todos, resultados y conclusiones). El fondo debe ser blanco o colores muy claros y letras en negro.<\/p>\n<p>P\u00f3ster Electr\u00f3nico: \u00a0Formato Power Point. Realizar la presentaci\u00f3n en 5 minutos, con las siguientes especificaciones t\u00e9cnicas:<\/p>\n<ul>\n<li>El fondo debe ser blanco o colores muy claros y letras en negro.<\/li>\n<li>Abrir el cuadro de di\u00e1logo \u00abConfigurar p\u00e1gina\u00bb, para ello, hacer click en el men\u00fa \u00abArchivo\u00bb y seleccionar la opci\u00f3n \u00abConfigurar P\u00e1gina\u00bb. Si se dispone de PowerPoint 2007, hacer click en la pesta\u00f1a \u00abDise\u00f1o\u00bb y despu\u00e9s en \u00abConfigurar P\u00e1gina\u00bb. Se indicar\u00e1n las dimensiones del cartel especificadas, 50 cm de ancho por 66 cm de alto. Una vez realizadas estas operaciones se puede comenzar a dise\u00f1ar el cartel de la manera que lo considere m\u00e1s conveniente. Donde debe contener las siguientes secciones:<\/li>\n<li>T\u00edtulo: Letra negrita, y no m\u00e1s de 15 palabras, sin abreviaturas y sin punto final.<\/li>\n<li>Autores: Nombre y apellidos separados por coma. Subraye el autor que presentar\u00e1 el trabajo.<\/li>\n<li>Introducci\u00f3n: Breve.<\/li>\n<li>Objetivos<\/li>\n<li>Materiales y M\u00e9todos: empleados en la investigaci\u00f3n (los m\u00e1s significativos, que permitan el cumplimiento del objetivo propuesto), de ser posible, ilustrados en forma de esquemas o diagramas.<\/li>\n<li>Resultados: S\u00f3lo los principales, que se pueden reflejar en tabla, gr\u00e1ficos o textos sintetizados y que respondan al objetivo presentado.<\/li>\n<li>Conclusiones: las m\u00e1s significativas, de forma tal que no se repitan los resultados y que respondan al cumplimiento del objetivo propuesto.<\/li>\n<li>No se plasma la discusi\u00f3n, ni las referencias bibliogr\u00e1ficas.<\/li>\n<li>Toda la presentaci\u00f3n deber\u00e1 quedar expuesta en una sola diapositiva.<\/li>\n<li>Cada ponente tendr\u00e1 5 minutos para la explicaci\u00f3n del trabajo presentado. Si la presentaci\u00f3n es virtual debe enviar su poster con la explicaci\u00f3n grabada directamente en el PowerPoint.<\/li>\n<li>Deben ser enviados v\u00eda correo electr\u00f3nico (<a href=\"mailto:parasitosishumana@gmail.com\" target=\"_blank\" rel=\"noopener\">parasitosishumana@gmail.com<\/a>) del 20 al 23 de mayo de 2025.<\/li>\n<\/ul>\n","protected":false},"excerpt":{"rendered":"<p>Conferencias magistrales: Formato Power Point. Duraci\u00f3n de 20 minutos con libre organizaci\u00f3n. El fondo debe ser blanco o colores muy claros y letras en negro. Presentaci\u00f3n oral: Formato Power Point. Realizar la presentaci\u00f3n en 10 minutos, en un m\u00e1ximo de 7 a 10 diapositivas, la cual contenga los datos principales del mismo (t\u00edtulo, autores, introducci\u00f3n, [&hellip;]<\/p>\n","protected":false},"author":3262,"featured_media":0,"parent":0,"menu_order":0,"comment_status":"closed","ping_status":"closed","template":"","meta":[],"_links":{"self":[{"href":"https:\/\/promociondeeventos.sld.cu\/parasitosishumanas2025\/wp-json\/wp\/v2\/pages\/15"}],"collection":[{"href":"https:\/\/promociondeeventos.sld.cu\/parasitosishumanas2025\/wp-json\/wp\/v2\/pages"}],"about":[{"href":"https:\/\/promociondeeventos.sld.cu\/parasitosishumanas2025\/wp-json\/wp\/v2\/types\/page"}],"author":[{"embeddable":true,"href":"https:\/\/promociondeeventos.sld.cu\/parasitosishumanas2025\/wp-json\/wp\/v2\/users\/3262"}],"replies":[{"embeddable":true,"href":"https:\/\/promociondeeventos.sld.cu\/parasitosishumanas2025\/wp-json\/wp\/v2\/comments?post=15"}],"version-history":[{"count":5,"href":"https:\/\/promociondeeventos.sld.cu\/parasitosishumanas2025\/wp-json\/wp\/v2\/pages\/15\/revisions"}],"predecessor-version":[{"id":76,"href":"https:\/\/promociondeeventos.sld.cu\/parasitosishumanas2025\/wp-json\/wp\/v2\/pages\/15\/revisions\/76"}],"wp:attachment":[{"href":"https:\/\/promociondeeventos.sld.cu\/parasitosishumanas2025\/wp-json\/wp\/v2\/media?parent=15"}],"curies":[{"name":"wp","href":"https:\/\/api.w.org\/{rel}","templated":true}]}}