{"id":69,"date":"2021-06-15T20:27:39","date_gmt":"2021-06-15T20:27:39","guid":{"rendered":"http:\/\/promociondeeventos.sld.cu\/pruebaivette2019\/?page_id=69"},"modified":"2021-06-15T20:27:43","modified_gmt":"2021-06-15T20:27:43","slug":"normas-de-presentacion-de-los-trabajos-segun-las-modalidades","status":"publish","type":"page","link":"https:\/\/promociondeeventos.sld.cu\/pamihabana2021\/normas-de-presentacion-de-los-trabajos-segun-las-modalidades\/","title":{"rendered":"Normas de presentaci\u00f3n de los trabajos seg\u00fan las modalidades:"},"content":{"rendered":"<ul>\n<li>Las directrices a utilizar para la realizaci\u00f3n de los trabajos ser\u00e1n las pertenecientes a la Revista 16 de abril (www.rev16deabril.sld.cu) (www.rev16deabril.sld.cu\/normas_para_autores.pdf )<\/li>\n<li>La presentaci\u00f3n contendr\u00e1: instituci\u00f3n, nombre del evento, t\u00edtulo, autores (A\u00f1o acad\u00e9mico, carrera y provincia) y tutores (Especialidad y categor\u00eda docente).<\/li>\n<li>Se debe agregar el n\u00famero m\u00f3vil y correo del autor principal pues pudiera realizarse alguna pregunta por parte del tribunal en caso de ser necesaria alguna aclaraci\u00f3n.<\/li>\n<\/ul>\n<p>ACLARACIONES:<\/p>\n<ul>\n<li>\u00a0Solo se admiten hasta tres autores y dos tutores por trabajo y no m\u00e1s de tres investigaciones por concepto de autor\u00eda.<\/li>\n<li>Solo se admiten investigaciones en idioma espa\u00f1ol, aunque debe estar reflejado el t\u00edtulo del trabajo y el resumen tanto en idioma espa\u00f1ol como en ingl\u00e9s.<\/li>\n<li>Los trabajos que no acaten estrictamente las normas de presentaci\u00f3n no ser\u00e1n aceptados por el Comit\u00e9 Cient\u00edfico.<\/li>\n<li>Se enviar\u00e1 la relator\u00eda de los trabajos aceptados, y posterior a ello el autor principal del trabajo investigativo se unir\u00e1 a un grupo de WhatsApp en el que al finalizar el evento se publicar\u00e1n los resultados y los diplomas participativos y de aquellos trabajos que resulten premiados.<\/li>\n<\/ul>\n","protected":false},"excerpt":{"rendered":"<p>Las directrices a utilizar para la realizaci\u00f3n de los trabajos ser\u00e1n las pertenecientes a la Revista 16 de abril (www.rev16deabril.sld.cu) (www.rev16deabril.sld.cu\/normas_para_autores.pdf ) La presentaci\u00f3n contendr\u00e1: instituci\u00f3n, nombre del evento, t\u00edtulo, autores (A\u00f1o acad\u00e9mico, carrera y provincia) y tutores (Especialidad y categor\u00eda docente). Se debe agregar el n\u00famero m\u00f3vil y correo del autor principal pues pudiera [&hellip;]<\/p>\n","protected":false},"author":3262,"featured_media":0,"parent":0,"menu_order":0,"comment_status":"closed","ping_status":"open","template":"","meta":[],"_links":{"self":[{"href":"https:\/\/promociondeeventos.sld.cu\/pamihabana2021\/wp-json\/wp\/v2\/pages\/69"}],"collection":[{"href":"https:\/\/promociondeeventos.sld.cu\/pamihabana2021\/wp-json\/wp\/v2\/pages"}],"about":[{"href":"https:\/\/promociondeeventos.sld.cu\/pamihabana2021\/wp-json\/wp\/v2\/types\/page"}],"author":[{"embeddable":true,"href":"https:\/\/promociondeeventos.sld.cu\/pamihabana2021\/wp-json\/wp\/v2\/users\/3262"}],"replies":[{"embeddable":true,"href":"https:\/\/promociondeeventos.sld.cu\/pamihabana2021\/wp-json\/wp\/v2\/comments?post=69"}],"version-history":[{"count":1,"href":"https:\/\/promociondeeventos.sld.cu\/pamihabana2021\/wp-json\/wp\/v2\/pages\/69\/revisions"}],"predecessor-version":[{"id":71,"href":"https:\/\/promociondeeventos.sld.cu\/pamihabana2021\/wp-json\/wp\/v2\/pages\/69\/revisions\/71"}],"wp:attachment":[{"href":"https:\/\/promociondeeventos.sld.cu\/pamihabana2021\/wp-json\/wp\/v2\/media?parent=69"}],"curies":[{"name":"wp","href":"https:\/\/api.w.org\/{rel}","templated":true}]}}