{"id":13,"date":"2019-04-16T18:55:35","date_gmt":"2019-04-16T18:55:35","guid":{"rendered":"http:\/\/promociondeeventos.sld.cu\/pruebaivette2019\/?page_id=13"},"modified":"2021-06-15T20:17:01","modified_gmt":"2021-06-15T20:17:01","slug":"jhui","status":"publish","type":"page","link":"https:\/\/promociondeeventos.sld.cu\/pamihabana2021\/","title":{"rendered":"Convocatoria:"},"content":{"rendered":"<p>En lo que respecta a la salud materno-infantil, en los \u00faltimos a\u00f1os se ha hecho un llamado internacional a construir sistemas de salud resilientes que garanticen la cobertura sanitaria universal y ofrezcan una atenci\u00f3n de buena calidad en todos los entornos.<\/p>\n<p>Desde 1959, en Cuba se trabaja sistem\u00e1ticamente en acciones que armonizan con ese encargo, mediante los programas y las estrategias dirigidos a resolver o modificar los problemas de salud m\u00e1s relevantes tanto de las mujeres como de los ni\u00f1os y adolescentes.<\/p>\n<p>Por ello la Federaci\u00f3n Estudiantil Universitaria de la Universidad de Ciencias M\u00e9dicas de la Habana le invitan a participar en el I Evento Cient\u00edfico Estudiantil de Atenci\u00f3n a la Salud Materno-Infantil PAMIHABANA-2021.<\/p>\n","protected":false},"excerpt":{"rendered":"<p>En lo que respecta a la salud materno-infantil, en los \u00faltimos a\u00f1os se ha hecho un llamado internacional a construir sistemas de salud resilientes que garanticen la cobertura sanitaria universal y ofrezcan una atenci\u00f3n de buena calidad en todos los entornos. Desde 1959, en Cuba se trabaja sistem\u00e1ticamente en acciones que armonizan con ese encargo, [&hellip;]<\/p>\n","protected":false},"author":3262,"featured_media":0,"parent":0,"menu_order":0,"comment_status":"closed","ping_status":"open","template":"","meta":[],"_links":{"self":[{"href":"https:\/\/promociondeeventos.sld.cu\/pamihabana2021\/wp-json\/wp\/v2\/pages\/13"}],"collection":[{"href":"https:\/\/promociondeeventos.sld.cu\/pamihabana2021\/wp-json\/wp\/v2\/pages"}],"about":[{"href":"https:\/\/promociondeeventos.sld.cu\/pamihabana2021\/wp-json\/wp\/v2\/types\/page"}],"author":[{"embeddable":true,"href":"https:\/\/promociondeeventos.sld.cu\/pamihabana2021\/wp-json\/wp\/v2\/users\/3262"}],"replies":[{"embeddable":true,"href":"https:\/\/promociondeeventos.sld.cu\/pamihabana2021\/wp-json\/wp\/v2\/comments?post=13"}],"version-history":[{"count":4,"href":"https:\/\/promociondeeventos.sld.cu\/pamihabana2021\/wp-json\/wp\/v2\/pages\/13\/revisions"}],"predecessor-version":[{"id":52,"href":"https:\/\/promociondeeventos.sld.cu\/pamihabana2021\/wp-json\/wp\/v2\/pages\/13\/revisions\/52"}],"wp:attachment":[{"href":"https:\/\/promociondeeventos.sld.cu\/pamihabana2021\/wp-json\/wp\/v2\/media?parent=13"}],"curies":[{"name":"wp","href":"https:\/\/api.w.org\/{rel}","templated":true}]}}