{"id":8,"date":"2019-02-12T16:31:27","date_gmt":"2019-02-12T16:31:27","guid":{"rendered":"http:\/\/promociondeeventos.sld.cu\/ortopedia2019\/?page_id=8"},"modified":"2019-07-03T16:19:05","modified_gmt":"2019-07-03T16:19:05","slug":"tematicas","status":"publish","type":"page","link":"https:\/\/promociondeeventos.sld.cu\/ortopedia2019\/tematicas\/","title":{"rendered":"Tem\u00e1ticas"},"content":{"rendered":"<p><img decoding=\"async\" loading=\"lazy\" class=\"alignright wp-image-32\" style=\"border-width: 0px\" src=\"http:\/\/promociondeeventos.sld.cu\/ortopedia2019\/files\/2019\/05\/habana-lo-mas-grande-e1558104752821.jpg\" alt=\"habana-lo-mas-grande\" width=\"150\" height=\"348\" srcset=\"https:\/\/promociondeeventos.sld.cu\/ortopedia2019\/files\/2019\/05\/habana-lo-mas-grande-e1558104752821.jpg 169w, https:\/\/promociondeeventos.sld.cu\/ortopedia2019\/files\/2019\/05\/habana-lo-mas-grande-e1558104752821-65x150.jpg 65w, https:\/\/promociondeeventos.sld.cu\/ortopedia2019\/files\/2019\/05\/habana-lo-mas-grande-e1558104752821-129x300.jpg 129w\" sizes=\"(max-width: 150px) 100vw, 150px\" \/>Las tem\u00e1ticas que se tratar\u00e1n en nuestro Congreso son:<\/p>\n<p>Cirug\u00eda artrosc\u00f3pica<br \/>\nArtroplastia de cadera y rodilla<br \/>\nAfecciones degenerativas de miembro superior<br \/>\nAfecciones del pie en el ni\u00f1o<\/p>\n","protected":false},"excerpt":{"rendered":"<p>Las tem\u00e1ticas que se tratar\u00e1n en nuestro Congreso son: Cirug\u00eda artrosc\u00f3pica Artroplastia de cadera y rodilla Afecciones degenerativas de miembro superior Afecciones del pie en el ni\u00f1o<\/p>\n","protected":false},"author":3262,"featured_media":0,"parent":0,"menu_order":0,"comment_status":"closed","ping_status":"closed","template":"","meta":[],"_links":{"self":[{"href":"https:\/\/promociondeeventos.sld.cu\/ortopedia2019\/wp-json\/wp\/v2\/pages\/8"}],"collection":[{"href":"https:\/\/promociondeeventos.sld.cu\/ortopedia2019\/wp-json\/wp\/v2\/pages"}],"about":[{"href":"https:\/\/promociondeeventos.sld.cu\/ortopedia2019\/wp-json\/wp\/v2\/types\/page"}],"author":[{"embeddable":true,"href":"https:\/\/promociondeeventos.sld.cu\/ortopedia2019\/wp-json\/wp\/v2\/users\/3262"}],"replies":[{"embeddable":true,"href":"https:\/\/promociondeeventos.sld.cu\/ortopedia2019\/wp-json\/wp\/v2\/comments?post=8"}],"version-history":[{"count":6,"href":"https:\/\/promociondeeventos.sld.cu\/ortopedia2019\/wp-json\/wp\/v2\/pages\/8\/revisions"}],"predecessor-version":[{"id":129,"href":"https:\/\/promociondeeventos.sld.cu\/ortopedia2019\/wp-json\/wp\/v2\/pages\/8\/revisions\/129"}],"wp:attachment":[{"href":"https:\/\/promociondeeventos.sld.cu\/ortopedia2019\/wp-json\/wp\/v2\/media?parent=8"}],"curies":[{"name":"wp","href":"https:\/\/api.w.org\/{rel}","templated":true}]}}