{"id":53,"date":"2019-05-17T15:25:12","date_gmt":"2019-05-17T15:25:12","guid":{"rendered":"http:\/\/promociondeeventos.sld.cu\/ortopedia2019\/?page_id=53"},"modified":"2019-07-22T18:59:32","modified_gmt":"2019-07-22T18:59:32","slug":"cursos-precongreso","status":"publish","type":"page","link":"https:\/\/promociondeeventos.sld.cu\/ortopedia2019\/cursos-precongreso\/","title":{"rendered":"Cursos Precongreso"},"content":{"rendered":"<p><img decoding=\"async\" loading=\"lazy\" class=\"alignright wp-image-32\" src=\"http:\/\/promociondeeventos.sld.cu\/ortopedia2019\/files\/2019\/05\/habana-lo-mas-grande-e1558104752821.jpg\" alt=\"habana-lo-mas-grande\" width=\"150\" height=\"348\" srcset=\"https:\/\/promociondeeventos.sld.cu\/ortopedia2019\/files\/2019\/05\/habana-lo-mas-grande-e1558104752821.jpg 169w, https:\/\/promociondeeventos.sld.cu\/ortopedia2019\/files\/2019\/05\/habana-lo-mas-grande-e1558104752821-65x150.jpg 65w, https:\/\/promociondeeventos.sld.cu\/ortopedia2019\/files\/2019\/05\/habana-lo-mas-grande-e1558104752821-129x300.jpg 129w\" sizes=\"(max-width: 150px) 100vw, 150px\" \/>Se realizar\u00e1n los d\u00edas\u00a0 1 y 2 de octubre de 2019.<\/p>\n<table>\n<tbody>\n<tr>\n<td style=\"text-align: left;vertical-align: top\"><strong>Tema<\/strong><\/td>\n<td style=\"text-align: left;vertical-align: top\"><\/td>\n<td style=\"text-align: left;vertical-align: top\"><strong>Coordinador<\/strong><\/td>\n<td style=\"text-align: left;vertical-align: top\"><\/td>\n<td style=\"text-align: left;vertical-align: top\"><\/td>\n<td style=\"text-align: left;vertical-align: top\"><\/td>\n<td style=\"text-align: left;vertical-align: top\" rowspan=\"6\"><\/td>\n<\/tr>\n<tr>\n<td style=\"text-align: left;vertical-align: top\">Artroplastia de cadera<\/td>\n<td style=\"text-align: left;vertical-align: top\"><\/td>\n<td style=\"text-align: left;vertical-align: top\">Profesor Dr.C. Roberto Balmaseda Manet<\/td>\n<td style=\"text-align: left;vertical-align: top\"><\/td>\n<td style=\"text-align: left;vertical-align: top\"><\/td>\n<td style=\"text-align: left;vertical-align: top\"><\/td>\n<\/tr>\n<tr>\n<td style=\"text-align: left;vertical-align: top\">Cirug\u00eda artrosc\u00f3pica<\/td>\n<td style=\"text-align: left;vertical-align: top\"><\/td>\n<td style=\"text-align: left;vertical-align: top\">Profesor Dr.C. Osvaldo Garc\u00eda Mart\u00ednez<\/td>\n<td style=\"text-align: left;vertical-align: top\"><\/td>\n<td style=\"vertical-align: top;text-align: center\"><\/td>\n<td style=\"text-align: left;vertical-align: top\"><\/td>\n<\/tr>\n<tr>\n<td style=\"text-align: left;vertical-align: top\"><a href=\"https:\/\/promociondeeventos.sld.cu\/ortopedia2019\/cursos-precongreso\/fracturas-y-osteoporosis\/\">Fracturas y osteoporosis (vea el programa)<\/a><\/td>\n<td style=\"text-align: left;vertical-align: top\"><\/td>\n<td style=\"text-align: left;vertical-align: top\">Profesor Dr.Cs. Alfredo Ceballos Mesa<\/td>\n<td style=\"text-align: left;vertical-align: top\"><\/td>\n<td style=\"vertical-align: top;text-align: center\"><\/td>\n<td style=\"text-align: left;vertical-align: top\"><\/td>\n<\/tr>\n<tr>\n<td style=\"text-align: left;vertical-align: top\">Trauma de extremidades<\/td>\n<td style=\"text-align: left;vertical-align: top\"><\/td>\n<td style=\"text-align: left;vertical-align: top\">Profesor Dr. Juan Miguel D\u00edaz Quesada<\/td>\n<td style=\"text-align: left;vertical-align: top\"><\/td>\n<td style=\"vertical-align: top;text-align: center\"><\/td>\n<td style=\"text-align: left;vertical-align: top\"><\/td>\n<\/tr>\n<tr>\n<td style=\"text-align: left;vertical-align: top\"><\/td>\n<td style=\"text-align: left;vertical-align: top\"><\/td>\n<td style=\"text-align: left;vertical-align: top\"><\/td>\n<td style=\"text-align: left;vertical-align: top\"><\/td>\n<td style=\"vertical-align: top;text-align: center\"><\/td>\n<td style=\"text-align: left;vertical-align: top\"><\/td>\n<\/tr>\n<\/tbody>\n<\/table>\n<p>&nbsp;<\/p>\n<p>&nbsp;<\/p>\n","protected":false},"excerpt":{"rendered":"<p>Se realizar\u00e1n los d\u00edas\u00a0 1 y 2 de octubre de 2019. Tema Coordinador Artroplastia de cadera Profesor Dr.C. Roberto Balmaseda Manet Cirug\u00eda artrosc\u00f3pica Profesor Dr.C. Osvaldo Garc\u00eda Mart\u00ednez Fracturas y osteoporosis (vea el programa) Profesor Dr.Cs. Alfredo Ceballos Mesa Trauma de extremidades Profesor Dr. Juan Miguel D\u00edaz Quesada &nbsp; &nbsp;<\/p>\n","protected":false},"author":3258,"featured_media":0,"parent":0,"menu_order":0,"comment_status":"closed","ping_status":"closed","template":"monocolumn.php","meta":[],"_links":{"self":[{"href":"https:\/\/promociondeeventos.sld.cu\/ortopedia2019\/wp-json\/wp\/v2\/pages\/53"}],"collection":[{"href":"https:\/\/promociondeeventos.sld.cu\/ortopedia2019\/wp-json\/wp\/v2\/pages"}],"about":[{"href":"https:\/\/promociondeeventos.sld.cu\/ortopedia2019\/wp-json\/wp\/v2\/types\/page"}],"author":[{"embeddable":true,"href":"https:\/\/promociondeeventos.sld.cu\/ortopedia2019\/wp-json\/wp\/v2\/users\/3258"}],"replies":[{"embeddable":true,"href":"https:\/\/promociondeeventos.sld.cu\/ortopedia2019\/wp-json\/wp\/v2\/comments?post=53"}],"version-history":[{"count":8,"href":"https:\/\/promociondeeventos.sld.cu\/ortopedia2019\/wp-json\/wp\/v2\/pages\/53\/revisions"}],"predecessor-version":[{"id":139,"href":"https:\/\/promociondeeventos.sld.cu\/ortopedia2019\/wp-json\/wp\/v2\/pages\/53\/revisions\/139"}],"wp:attachment":[{"href":"https:\/\/promociondeeventos.sld.cu\/ortopedia2019\/wp-json\/wp\/v2\/media?parent=53"}],"curies":[{"name":"wp","href":"https:\/\/api.w.org\/{rel}","templated":true}]}}