{"id":27,"date":"2019-05-17T13:50:42","date_gmt":"2019-05-17T13:50:42","guid":{"rendered":"http:\/\/promociondeeventos.sld.cu\/ortopedia2019\/?page_id=27"},"modified":"2019-07-03T16:01:36","modified_gmt":"2019-07-03T16:01:36","slug":"comite-organizador-2","status":"publish","type":"page","link":"https:\/\/promociondeeventos.sld.cu\/ortopedia2019\/comite-organizador-2\/","title":{"rendered":"Comit\u00e9 Organizador"},"content":{"rendered":"<p><strong><img decoding=\"async\" loading=\"lazy\" class=\"  alignright wp-image-32\" style=\"border-width: 0px\" src=\"http:\/\/promociondeeventos.sld.cu\/ortopedia2019\/files\/2019\/05\/habana-lo-mas-grande-e1558104752821.jpg\" alt=\"\" width=\"150\" height=\"348\" srcset=\"https:\/\/promociondeeventos.sld.cu\/ortopedia2019\/files\/2019\/05\/habana-lo-mas-grande-e1558104752821.jpg 169w, https:\/\/promociondeeventos.sld.cu\/ortopedia2019\/files\/2019\/05\/habana-lo-mas-grande-e1558104752821-65x150.jpg 65w, https:\/\/promociondeeventos.sld.cu\/ortopedia2019\/files\/2019\/05\/habana-lo-mas-grande-e1558104752821-129x300.jpg 129w\" sizes=\"(max-width: 150px) 100vw, 150px\" \/>Presidente:<\/strong> Dr.C. Horacio Tabares Neyra<br \/>\n<strong>Vicepresidente:<\/strong> Dr. Ra\u00fal Candebat Rubio; Dr. Roberto Gonz\u00e1lez Mart\u00edn<\/p>\n<p><strong>Miembros:<\/strong><br \/>\nDr.C. Roberto Balmaseda Manet<br \/>\nDr. Antonio Raunel Hern\u00e1ndez<br \/>\nDr. Juan Miguel D\u00edaz Quesada<br \/>\nDr. Enrique Pancorbo Sandoval<br \/>\nDr. Isael Alfonso Gra\u00f1a<br \/>\nDr. Julio Rivero Hern\u00e1ndez<\/p>\n<h1>Comit\u00e9 Cient\u00edfico<\/h1>\n<p>Dr.C. Osvaldo Pereda Cardoso<br \/>\nDr.C. Livan Pe\u00f1a Marrero<br \/>\nDr.C. Luis Oscar Marrero River\u00f3n<\/p>\n","protected":false},"excerpt":{"rendered":"<p>Presidente: Dr.C. Horacio Tabares Neyra Vicepresidente: Dr. Ra\u00fal Candebat Rubio; Dr. Roberto Gonz\u00e1lez Mart\u00edn Miembros: Dr.C. Roberto Balmaseda Manet Dr. Antonio Raunel Hern\u00e1ndez Dr. Juan Miguel D\u00edaz Quesada Dr. Enrique Pancorbo Sandoval Dr. Isael Alfonso Gra\u00f1a Dr. Julio Rivero Hern\u00e1ndez Comit\u00e9 Cient\u00edfico Dr.C. Osvaldo Pereda Cardoso Dr.C. Livan Pe\u00f1a Marrero Dr.C. Luis Oscar Marrero River\u00f3n<\/p>\n","protected":false},"author":3258,"featured_media":0,"parent":0,"menu_order":0,"comment_status":"closed","ping_status":"closed","template":"monocolumn.php","meta":[],"_links":{"self":[{"href":"https:\/\/promociondeeventos.sld.cu\/ortopedia2019\/wp-json\/wp\/v2\/pages\/27"}],"collection":[{"href":"https:\/\/promociondeeventos.sld.cu\/ortopedia2019\/wp-json\/wp\/v2\/pages"}],"about":[{"href":"https:\/\/promociondeeventos.sld.cu\/ortopedia2019\/wp-json\/wp\/v2\/types\/page"}],"author":[{"embeddable":true,"href":"https:\/\/promociondeeventos.sld.cu\/ortopedia2019\/wp-json\/wp\/v2\/users\/3258"}],"replies":[{"embeddable":true,"href":"https:\/\/promociondeeventos.sld.cu\/ortopedia2019\/wp-json\/wp\/v2\/comments?post=27"}],"version-history":[{"count":11,"href":"https:\/\/promociondeeventos.sld.cu\/ortopedia2019\/wp-json\/wp\/v2\/pages\/27\/revisions"}],"predecessor-version":[{"id":126,"href":"https:\/\/promociondeeventos.sld.cu\/ortopedia2019\/wp-json\/wp\/v2\/pages\/27\/revisions\/126"}],"wp:attachment":[{"href":"https:\/\/promociondeeventos.sld.cu\/ortopedia2019\/wp-json\/wp\/v2\/media?parent=27"}],"curies":[{"name":"wp","href":"https:\/\/api.w.org\/{rel}","templated":true}]}}