{"id":2,"date":"2019-02-12T15:46:21","date_gmt":"2019-02-12T15:46:21","guid":{"rendered":"http:\/\/promociondeeventos.sld.cu\/ortopedia2019\/?page_id=2"},"modified":"2019-09-26T21:26:05","modified_gmt":"2019-09-26T21:26:05","slug":"pagina-ejemplo","status":"publish","type":"page","link":"https:\/\/promociondeeventos.sld.cu\/ortopedia2019\/","title":{"rendered":"Convocatoria"},"content":{"rendered":"<h1>Ortopedia en los 500<a href=\"https:\/\/promociondeeventos.sld.cu\/ortopedia2019en\/\"><img decoding=\"async\" loading=\"lazy\" class=\"alignright wp-image-225\" title=\"Vaya al sitio en ingl\u00e9s\" src=\"http:\/\/promociondeeventos.sld.cu\/ortopedia2019\/files\/2019\/02\/ingl\u00e9s.png\" alt=\"ingl\u00e9s\" width=\"50\" height=\"30\" srcset=\"https:\/\/promociondeeventos.sld.cu\/ortopedia2019\/files\/2019\/02\/ingl\u00e9s.png 274w, https:\/\/promociondeeventos.sld.cu\/ortopedia2019\/files\/2019\/02\/ingl\u00e9s-150x91.png 150w\" sizes=\"(max-width: 50px) 100vw, 50px\" \/><\/a><\/h1>\n<p>Esti<img decoding=\"async\" loading=\"lazy\" class=\" wp-image-25 alignleft\" title=\"Sociedad Cubana de Ortopedia y Traumatolog\u00eda (SCOT)\" src=\"http:\/\/promociondeeventos.sld.cu\/ortopedia2019\/files\/2019\/02\/scot-2.jpg\" alt=\"scot\" width=\"200\" height=\"201\" srcset=\"https:\/\/promociondeeventos.sld.cu\/ortopedia2019\/files\/2019\/02\/scot-2.jpg 294w, https:\/\/promociondeeventos.sld.cu\/ortopedia2019\/files\/2019\/02\/scot-2-150x150.jpg 150w\" sizes=\"(max-width: 200px) 100vw, 200px\" \/>mados colegas<\/p>\n<p style=\"text-align: justify\">La Sociedad Cubana de Ortopedia y Traumatolog\u00eda (SCOT) da la bienvenida a su\u00a0<strong>XXVIII Congreso Cubano de Ortopedia y Traumatolog\u00eda<\/strong> y al <strong>IV Encuentro Binacional Cuba-M\u00e9xico<\/strong>, que tendr\u00e1n lugar del 1 al 5 de octubre de 2019, en el en el centro hist\u00f3rico de La Habana.<\/p>\n<p style=\"text-align: justify\">Este evento es organizado por la SCOT y auspiciado por la Federaci\u00f3n Mexicana\u00a0 de Colegios de Ortopedia y Traumatolog\u00eda (FEMECOT) con el objetivo de brindar a los especialistas espacio y oportunidad para actualizar criterios y conceptos relacionados con la ortopedia, establecer las bases de futuras colaboraciones y programas conjuntos de desarrollo, as\u00ed como estrechar lazos de cooperaci\u00f3n e intercambio entre los colegas de este campo del saber.<\/p>\n<p style=\"text-align: justify\">En esta ocasi\u00f3n, nuestro c\u00f3nclave celebra los 500 a\u00f1os de la fundaci\u00f3n de la villa San Crist\u00f3bal de La Habana, hoy capital de todos los cubanos.<\/p>\n<p style=\"text-align: justify\">Durante ambos eventos se celebrar\u00e1n actividades cient\u00edficas de alto nivel acad\u00e9mico, inclusivo e integrador, dirigidas al perfeccionamiento profesional, y consecuentemente, a una mejor asistencia m\u00e9dica.<\/p>\n<p style=\"text-align: justify\">Ser\u00e1 un placer contar con su participaci\u00f3n.<\/p>\n<p>Atentamente,<\/p>\n<p>Dr.C. Horacio Tabares Neyra<br \/>\nPresidente de la Sociedad Cubana de Ortopedia y Traumatolog\u00eda<\/p>\n<p>&nbsp;<\/p>\n<p style=\"text-align: center\"><a href=\"https:\/\/promociondeeventos.sld.cu\/ortopedia2019\/la-habana-lo-mas-grande\/\"><img decoding=\"async\" loading=\"lazy\" class=\"aligncenter wp-image-54\" style=\"border-width: 0px\" title=\"Aniversario 500 de la villa San Crist\u00f3bal de La Habana\" src=\"http:\/\/promociondeeventos.sld.cu\/ortopedia2019\/files\/2019\/05\/habana-capitolio.jpg\" alt=\"habana-capitolio\" width=\"655\" height=\"156\" srcset=\"https:\/\/promociondeeventos.sld.cu\/ortopedia2019\/files\/2019\/05\/habana-capitolio.jpg 960w, https:\/\/promociondeeventos.sld.cu\/ortopedia2019\/files\/2019\/05\/habana-capitolio-150x36.jpg 150w, https:\/\/promociondeeventos.sld.cu\/ortopedia2019\/files\/2019\/05\/habana-capitolio-300x71.jpg 300w\" sizes=\"(max-width: 655px) 100vw, 655px\" \/><\/a><a title=\"La Habana celebra sus 500...\" href=\"https:\/\/promociondeeventos.sld.cu\/ortopedia2019\/la-habana-lo-mas-grande\/\">La Habana, lo m\u00e1s grande<\/a><\/p>\n","protected":false},"excerpt":{"rendered":"<p>Ortopedia en los 500 Estimados colegas La Sociedad Cubana de Ortopedia y Traumatolog\u00eda (SCOT) da la bienvenida a su\u00a0XXVIII Congreso Cubano de Ortopedia y Traumatolog\u00eda y al IV Encuentro Binacional Cuba-M\u00e9xico, que tendr\u00e1n lugar del 1 al 5 de octubre de 2019, en el en el centro hist\u00f3rico de La Habana. Este evento es organizado [&hellip;]<\/p>\n","protected":false},"author":3258,"featured_media":0,"parent":0,"menu_order":0,"comment_status":"closed","ping_status":"open","template":"","meta":[],"_links":{"self":[{"href":"https:\/\/promociondeeventos.sld.cu\/ortopedia2019\/wp-json\/wp\/v2\/pages\/2"}],"collection":[{"href":"https:\/\/promociondeeventos.sld.cu\/ortopedia2019\/wp-json\/wp\/v2\/pages"}],"about":[{"href":"https:\/\/promociondeeventos.sld.cu\/ortopedia2019\/wp-json\/wp\/v2\/types\/page"}],"author":[{"embeddable":true,"href":"https:\/\/promociondeeventos.sld.cu\/ortopedia2019\/wp-json\/wp\/v2\/users\/3258"}],"replies":[{"embeddable":true,"href":"https:\/\/promociondeeventos.sld.cu\/ortopedia2019\/wp-json\/wp\/v2\/comments?post=2"}],"version-history":[{"count":15,"href":"https:\/\/promociondeeventos.sld.cu\/ortopedia2019\/wp-json\/wp\/v2\/pages\/2\/revisions"}],"predecessor-version":[{"id":229,"href":"https:\/\/promociondeeventos.sld.cu\/ortopedia2019\/wp-json\/wp\/v2\/pages\/2\/revisions\/229"}],"wp:attachment":[{"href":"https:\/\/promociondeeventos.sld.cu\/ortopedia2019\/wp-json\/wp\/v2\/media?parent=2"}],"curies":[{"name":"wp","href":"https:\/\/api.w.org\/{rel}","templated":true}]}}