{"id":133,"date":"2019-07-22T18:32:08","date_gmt":"2019-07-22T18:32:08","guid":{"rendered":"http:\/\/promociondeeventos.sld.cu\/ortopedia2019\/?page_id=133"},"modified":"2019-07-22T18:57:53","modified_gmt":"2019-07-22T18:57:53","slug":"fracturas-y-osteoporosis","status":"publish","type":"page","link":"https:\/\/promociondeeventos.sld.cu\/ortopedia2019\/cursos-precongreso\/fracturas-y-osteoporosis\/","title":{"rendered":"Curso precongreso: Fracturas Osteopor\u00f3ticas"},"content":{"rendered":"<p><strong>Profesor principal<\/strong>: Dr.Cs. Alfredo Ceballos Mesa<\/p>\n<p><strong>Profesores invitados:<\/strong><\/p>\n<p style=\"padding-left: 30px\">&#8211;\u00a0Dr. Miguel Pericas\u00a0 Alemany<br \/>\n&#8211;\u00a0Dr. Antonio Gelabert Marine<br \/>\n&#8211;\u00a0Dr. Antonio Ca\u00f1ellas Trobat<br \/>\n&#8211;\u00a0Dr. Alberto de Castro Torres<\/p>\n<p><strong>Fecha:<\/strong> 1 y 2 de octubre de 2019<\/p>\n<p><strong>Local:<\/strong> Universidad de San Ger\u00f3nimo de La Habana, Habana Vieja, Cuba.<\/p>\n<h2>Programa de actividades<\/h2>\n<p><strong>Martes 1 de octubre<\/strong><\/p>\n<p>9:30 a.m.<\/p>\n<p style=\"padding-left: 30px\">Introducci\u00f3n al tema y presentaci\u00f3n de los ponentes.<br \/>\nModerador: Dr Cs Alfredo Ceballos Mesa<\/p>\n<p>10:00 a.m.<\/p>\n<p style=\"padding-left: 30px\">Descripci\u00f3n de la afecci\u00f3n. Factores de Riesgo. Diagn\u00f3stico. Densitometr\u00eda \u00f3sea. Frax.<br \/>\nDr. Miguel Pericas Alemany &#8211; Reumat\u00f3logo.<br \/>\nDiscusi\u00f3n.<\/p>\n<p>11:00 a.m.<\/p>\n<p style=\"padding-left: 30px\">Fracturas Osteopor\u00f3ticas Miembro Superior. Tratamiento.<br \/>\nDr. Antonio Gelabert Marine &#8211; Cirujano Ortop\u00e9dico.<br \/>\nDiscusi\u00f3n.<\/p>\n<p>12:00 m.<\/p>\n<p style=\"padding-left: 30px\">Fracturas Osteoporoticas de Miembro Inferior. Tratamiento.<br \/>\nDr. Antonio Ca\u00f1ellas Trobat &#8211; Cirujano Ortop\u00e9dico.<br \/>\nDiscusi\u00f3n.<\/p>\n<p>1:00 p.m.<\/p>\n<p style=\"padding-left: 30px\">Fracturas cervicales y lumbares. Enfoque neuroquir\u00fargico. Conducta.<br \/>\nDr. Alberto de Castro Torres &#8211; Neurocirujano.<br \/>\nDiscusi\u00f3n.<\/p>\n<p>Conclusiones.<\/p>\n<p><strong>Mi\u00e9rcoles 2 de octubre<\/strong><\/p>\n<p>9:30 a.m.<\/p>\n<p style=\"padding-left: 30px\">Prevenci\u00f3n, complicaciones. Tratamiento Farmacol\u00f3gico.<br \/>\nDr. Miguel Pericas Alemany.-<br \/>\nDiscusi\u00f3n.<\/p>\n<p>10:30 a.m.<\/p>\n<p style=\"padding-left: 30px\">Conducta ortop\u00e9dica. Fracturas columna cervical, dorsal y lumbosacra.<br \/>\nDr. Antonio Gelabert Marine.<br \/>\nDiscusi\u00f3n.<\/p>\n<p>11:30 a.m.<\/p>\n<p style=\"padding-left: 30px\">Localizaciones at\u00edpicas de fracturas por\u00f3ticas. Su manejo.<br \/>\nDr. Antonio Ca\u00f1ellas Trobat.<br \/>\nDiscusi\u00f3n.<\/p>\n<p>12:30 m.<\/p>\n<p style=\"padding-left: 30px\">Artrodesis en fracturas osteopor\u00f3ticas.<br \/>\nDr. Alberto de Castro Torres.<br \/>\nDiscusi\u00f3n.<\/p>\n<p>1:30 p.m.<\/p>\n<p style=\"padding-left: 30px\">Conclusiones.<br \/>\nModerador: Dr.Cs. Alfredo Ceballos Mesa.<\/p>\n<h2>Clausura<\/h2>\n","protected":false},"excerpt":{"rendered":"<p>Profesor principal: Dr.Cs. Alfredo Ceballos Mesa Profesores invitados: &#8211;\u00a0Dr. Miguel Pericas\u00a0 Alemany &#8211;\u00a0Dr. Antonio Gelabert Marine &#8211;\u00a0Dr. Antonio Ca\u00f1ellas Trobat &#8211;\u00a0Dr. Alberto de Castro Torres Fecha: 1 y 2 de octubre de 2019 Local: Universidad de San Ger\u00f3nimo de La Habana, Habana Vieja, Cuba. Programa de actividades Martes 1 de octubre 9:30 a.m. Introducci\u00f3n al [&hellip;]<\/p>\n","protected":false},"author":3258,"featured_media":0,"parent":53,"menu_order":0,"comment_status":"closed","ping_status":"closed","template":"monocolumn.php","meta":[],"_links":{"self":[{"href":"https:\/\/promociondeeventos.sld.cu\/ortopedia2019\/wp-json\/wp\/v2\/pages\/133"}],"collection":[{"href":"https:\/\/promociondeeventos.sld.cu\/ortopedia2019\/wp-json\/wp\/v2\/pages"}],"about":[{"href":"https:\/\/promociondeeventos.sld.cu\/ortopedia2019\/wp-json\/wp\/v2\/types\/page"}],"author":[{"embeddable":true,"href":"https:\/\/promociondeeventos.sld.cu\/ortopedia2019\/wp-json\/wp\/v2\/users\/3258"}],"replies":[{"embeddable":true,"href":"https:\/\/promociondeeventos.sld.cu\/ortopedia2019\/wp-json\/wp\/v2\/comments?post=133"}],"version-history":[{"count":5,"href":"https:\/\/promociondeeventos.sld.cu\/ortopedia2019\/wp-json\/wp\/v2\/pages\/133\/revisions"}],"predecessor-version":[{"id":138,"href":"https:\/\/promociondeeventos.sld.cu\/ortopedia2019\/wp-json\/wp\/v2\/pages\/133\/revisions\/138"}],"up":[{"embeddable":true,"href":"https:\/\/promociondeeventos.sld.cu\/ortopedia2019\/wp-json\/wp\/v2\/pages\/53"}],"wp:attachment":[{"href":"https:\/\/promociondeeventos.sld.cu\/ortopedia2019\/wp-json\/wp\/v2\/media?parent=133"}],"curies":[{"name":"wp","href":"https:\/\/api.w.org\/{rel}","templated":true}]}}