{"id":69,"date":"2025-11-03T19:32:29","date_gmt":"2025-11-03T19:32:29","guid":{"rendered":"https:\/\/promociondeeventos.sld.cu\/nanomedicna2025\/?page_id=69"},"modified":"2025-11-26T18:14:28","modified_gmt":"2025-11-26T18:14:28","slug":"programa","status":"publish","type":"page","link":"https:\/\/promociondeeventos.sld.cu\/nanomedicna2025\/programa\/","title":{"rendered":"Programa"},"content":{"rendered":"<p>Programa cient\u00edfico del I Taller de Nanomedicina 2025: Futuro para el combate de enfermedades infecciosas, IPK, Cuba, 5 y 6 de noviembre de 2025.<\/p>\n<table style=\"width: 64.7516%\" width=\"758\">\n<tbody>\n<tr>\n<td style=\"width: 102.912%\" colspan=\"2\" width=\"758\"><strong>D\u00cdA 1<\/strong><\/p>\n<p><strong>5 de noviembre de 2025<\/strong><\/td>\n<\/tr>\n<tr>\n<td style=\"width: 34.4763%\" width=\"177\">9:00 am &#8211; 9:10 am<\/td>\n<td style=\"width: 68.4356%\" width=\"581\"><strong>APERTURA.<\/strong> Bienvenida a los participantes<\/p>\n<p>Dr. C. Lianet Monzote, Instituto de Medicina Tropical Pedro Kour\u00ed (IPK)<\/p>\n<p>Dr. C. Brian Mondeja, Centro de Estudios Avanzados de Cuba (CEA)<\/p>\n<p>Dra. Dora E. Ginorio, Instituto de Medicina Tropical Pedro Kour\u00ed (IPK)<\/td>\n<\/tr>\n<tr>\n<td style=\"width: 34.4763%\" width=\"177\">9:10 am &#8211; 9:30 am<\/td>\n<td style=\"width: 68.4356%\" width=\"581\"><a href=\"http:\/\/promociondeeventos.sld.cu\/nanomedicna2025\/files\/2025\/11\/01-Taller-Nano-Brian-Mondeja.pdf\" target=\"_blank\" rel=\"noopener\"><strong>El Programa de Nanociencias y Nanotecnolog\u00edas, retos y realidades.<\/strong><\/a><\/p>\n<p>Dr. C. Brian Mondeja<\/p>\n<p>Centro de Estudios Avanzados de Cuba (CEA)<\/p>\n<p>Correo: <a href=\"mailto:brian.mr@cea.cu\">brian.mr@cea.cu<\/a><u>; <\/u><a href=\"mailto:mondejabrian@gmail.com\">mondejabrian@gmail.com<\/a><\/td>\n<\/tr>\n<tr>\n<td style=\"width: 34.4763%\" width=\"177\">9:30 am &#8211; 9:50 am<\/td>\n<td style=\"width: 68.4356%\" width=\"581\"><a href=\"http:\/\/promociondeeventos.sld.cu\/nanomedicna2025\/files\/2025\/11\/02-Taller-Nano-Yarima-Sanchez.pdf\" target=\"_blank\" rel=\"noopener\"><strong>S\u00edntesis de Nanomateriales para aplicaciones biol\u00f3gicas.<\/strong><\/a><\/p>\n<p>Dr. C. Yarima S\u00e1nchez<\/p>\n<p>Centro de Estudios Avanzados de Cuba (CEA)<\/p>\n<p>Correo: <a href=\"mailto:yarima.sg@cea.cu\">yarima.sg@cea.cu<\/a><\/td>\n<\/tr>\n<tr>\n<td style=\"width: 34.4763%\" width=\"177\">9:50 am &#8211; 10:10 am<\/td>\n<td style=\"width: 68.4356%\" width=\"581\"><a href=\"http:\/\/promociondeeventos.sld.cu\/nanomedicna2025\/files\/2025\/11\/Taller_Nanomedicina_Alicia-M.-Diaz_compressed.pdf\" target=\"_blank\" rel=\"noopener\"><strong>Nanopart\u00edculas inorg\u00e1nicas: S\u00edntesis, caracterizaci\u00f3n y aplicaciones.<\/strong><\/a><\/p>\n<p>Dr. C. Alicia D\u00edaz<\/p>\n<p>Facultad de Qu\u00edmica, Universidad de la Habana (FQ-UH)<\/p>\n<p>Correo: <a href=\"mailto:adg1959@gmail.com\">adg1959@gmail.com<\/a><\/td>\n<\/tr>\n<tr>\n<td style=\"width: 34.4763%\" width=\"177\">10:10 am &#8211; 10:30 am<\/td>\n<td style=\"width: 68.4356%\" width=\"581\"><a href=\"http:\/\/promociondeeventos.sld.cu\/nanomedicna2025\/files\/2025\/11\/04-Taller-Nano-Emilio-Medina.pdf\" target=\"_blank\" rel=\"noopener\"><strong>Microscop\u00eda de alta resoluci\u00f3n, principios y bondades para el desarrollo de investigaciones biol\u00f3gicas en Cuba.<\/strong><\/a><\/p>\n<p>Dr. C. Emilio Medina<\/p>\n<p>Centro de Estudios Avanzados de Cuba (CEA)<\/p>\n<p>Correo: <a href=\"mailto:emilio.am@cea.cu\" target=\"_blank\" rel=\"noopener\"><u>emilio.am@cea.cu<\/u><\/a><\/td>\n<\/tr>\n<tr>\n<td style=\"width: 34.4763%\" width=\"177\">10:30 am &#8211; 10:50 am<\/td>\n<td style=\"width: 68.4356%\" width=\"581\"><strong>DISCUSI\u00d3N<\/strong><\/td>\n<\/tr>\n<tr>\n<td style=\"width: 34.4763%\" width=\"177\">11:00 am<\/td>\n<td style=\"width: 68.4356%\" width=\"581\"><strong>ACTIVIDADES PRESENCIALES (Visita al CEA)<\/strong><\/td>\n<\/tr>\n<tr>\n<td style=\"width: 102.912%\" colspan=\"2\" width=\"758\"><strong>D\u00cdA 2<\/strong><\/p>\n<p><strong>6 de noviembre de 2025<\/strong><\/td>\n<\/tr>\n<tr>\n<td style=\"width: 34.4763%\" width=\"177\">9:00 am &#8211; 9:10 am<\/td>\n<td style=\"width: 68.4356%\" width=\"581\"><strong>APERTURA.<\/strong><\/p>\n<p>Dr. C. Lianet Monzote, Instituto de Medicina Tropical Pedro Kour\u00ed (IPK)<\/p>\n<p>Dra. Dora E. Ginorio, Instituto de Medicina Tropical Pedro Kour\u00ed (IPK)<\/td>\n<\/tr>\n<tr>\n<td style=\"width: 34.4763%\" width=\"177\">9:10 am &#8211; 9:30 am<\/td>\n<td style=\"width: 68.4356%\" width=\"581\"><a href=\"http:\/\/promociondeeventos.sld.cu\/nanomedicna2025\/files\/2025\/11\/05-Taller-Nano-Idalia-Sariego.pdf\" target=\"_blank\" rel=\"noopener\"><strong>Nanocuerpos. Generaci\u00f3n y aplicaci\u00f3n al desarrollo de inmunoensayos para el diagn\u00f3stico de la toxocariasis humana.<\/strong><\/a><\/p>\n<p>Dr. C. Idalia Sariego<\/p>\n<p>Centro de Inmunolog\u00eda Molecular (CIM)<\/p>\n<p>Correo: <a href=\"mailto:idalia@cim.edu.cu\">idalia@cim.edu.cu<\/a><\/td>\n<\/tr>\n<tr>\n<td style=\"width: 34.4763%\" width=\"177\">9:30 am \u2013 9:50 am<\/td>\n<td style=\"width: 68.4356%\" width=\"581\"><a href=\"http:\/\/promociondeeventos.sld.cu\/nanomedicna2025\/files\/2025\/11\/4_IPK_2025_Nano_6_Nov.pptx_compressed.pdf\" target=\"_blank\" rel=\"noopener\"><strong>Nanomedicina Aplicada: de andamios moleculares a la lucha contra las superbacterias.<\/strong><\/a><\/p>\n<p>M. Sc. Dany Naranjo<\/p>\n<p><a href=\"https:\/\/www.google.com\/url?sa=t&amp;source=web&amp;rct=j&amp;opi=89978449&amp;url=https:\/\/www.censa.edu.cu\/&amp;ved=2ahUKEwil08Ou8s6QAxXNF1kFHVK2HfcQFnoECD4QAQ&amp;usg=AOvVaw2xuDgWE5gghq7H_xzgT5-P\">Centro Nacional de Sanidad Agropecuaria (CENSA)<\/a><\/p>\n<p>Correo: <a href=\"mailto:dany@censa.edu.cu\">dany@censa.edu.cu<\/a><\/td>\n<\/tr>\n<tr>\n<td style=\"width: 34.4763%\" width=\"177\">9:50 am \u2013 10:10 am<\/td>\n<td style=\"width: 68.4356%\" width=\"581\"><a href=\"http:\/\/promociondeeventos.sld.cu\/nanomedicna2025\/files\/2025\/11\/07-Taller-Nano-Laura-Machin.pdf\" target=\"_blank\" rel=\"noopener\"><strong>Nanococleatos: un enfoque estrat\u00e9gico para el tratamiento de la leishmaniasis.<\/strong><\/a><\/p>\n<p>Dr. C. Laura Mach\u00edn<\/p>\n<p>Instituto de Farmacia y Alimentos, Universidad de la Habana (IFAL-UH)<\/p>\n<p>Correo: <a href=\"mailto:lauramachinlaura@gmail.com\">lauramachinlaura@gmail.com<\/a><\/td>\n<\/tr>\n<tr>\n<td style=\"width: 34.4763%\" width=\"177\">10:10 am \u2013 10:30 am<\/td>\n<td style=\"width: 68.4356%\" width=\"581\"><a href=\"http:\/\/promociondeeventos.sld.cu\/nanomedicna2025\/files\/2025\/11\/08-Taller-Nano-Lianet-Monzote.pdf\" target=\"_blank\" rel=\"noopener\"><strong>Sincotr\u00f3n: aplicaciones en investigaciones biom\u00e9dicas<\/strong>.<\/a><\/p>\n<p>Dr. C. Lianet Monzote Fidalgo<\/p>\n<p>Instituto de Medicina Tropical Pedro Kour\u00ed (IPK)<\/p>\n<p>Correo: <a href=\"mailto:monzote@ipk.sld.cu\">monzote@ipk.sld.cu<\/a><\/td>\n<\/tr>\n<tr>\n<td style=\"width: 34.4763%\" width=\"177\">10:30 am \u2013 10:50 am<\/td>\n<td style=\"width: 68.4356%\" width=\"581\"><strong>DISCUSI\u00d3N<\/strong><\/td>\n<\/tr>\n<tr>\n<td style=\"width: 34.4763%\" rowspan=\"5\" width=\"177\">11:00 am \u2013 11:30 am<\/td>\n<td style=\"width: 68.4356%\" width=\"581\"><strong>PRESENTACI\u00d3N DE CARTELES<\/strong><\/p>\n<p><strong>Dr. C. Laura Mach\u00edn, <\/strong>Instituto de Farmacia y Alimentos (IFAL-UH)<\/p>\n<p>M. Sc. Lillyam Betancourt, Instituto de Medicina Tropical Pedro Kour\u00ed (IPK)<\/td>\n<\/tr>\n<tr>\n<td style=\"width: 68.4356%\" width=\"581\"><a href=\"http:\/\/promociondeeventos.sld.cu\/nanomedicna2025\/files\/2025\/11\/Elieser-POSTER.pdf\" target=\"_blank\" rel=\"noopener\"><strong>Aplicaci\u00f3n de Nanopart\u00edculas en el Tratamiento del Virus de Inmunodeficiencia Humana.<\/strong><\/a><\/p>\n<p>Elieser L\u00f3pez<\/p>\n<p>Instituto de Farmacia y Alimentos, Universidad de la Habana<\/p>\n<p>Correo: <a href=\"mailto:elieserlopez1980@gmail.com\">elieserlopez1980@gmail.com<\/a><\/td>\n<\/tr>\n<tr>\n<td style=\"width: 68.4356%\" width=\"581\"><a href=\"http:\/\/promociondeeventos.sld.cu\/nanomedicna2025\/files\/2025\/11\/Arley-POSTER.pdf\" target=\"_blank\" rel=\"noopener\"><strong>La Triple H\u00e9lice del Futuro: Nanociencia, Inform\u00e1tica e Inteligencia Artificial.<\/strong><\/a><\/p>\n<p>Arley Jes\u00fas Ahu, Lisbet Catalina Vazquez, Jes\u00fas Ahu Echemend\u00eda, Diana Rosa D\u00edaz, Nestor Gonz\u00e1lez<\/p>\n<p>Universidad de Ciego de \u00c1vila M\u00e1ximo G\u00f3mez B\u00e1ez<\/p>\n<p>Correo: <a href=\"mailto:arley.ahu2006@gmail.com\">arley.ahu2006@gmail.com<\/a><\/td>\n<\/tr>\n<tr>\n<td style=\"width: 68.4356%\" width=\"581\"><a href=\"http:\/\/promociondeeventos.sld.cu\/nanomedicna2025\/files\/2025\/11\/Lilianne-POSTER.pdf\" target=\"_blank\" rel=\"noopener\"><strong>El rol de la simbiosis bacteria-hongo: aplicaciones cl\u00ednicas en la biolog\u00eda sint\u00e9tica moderna.<\/strong><\/a><\/p>\n<p>Lilianne Dom\u00ednguez C\u00e9spedes<\/p>\n<p>Filial de Ciencias M\u00e9dicas \u201cArides Est\u00e9vez S\u00e1nchez\u201d<\/p>\n<p>Correo: <a href=\"mailto:lilianned40@gmail.com\">lilianned40@gmail.com<\/a><\/td>\n<\/tr>\n<tr>\n<td style=\"width: 68.4356%\" width=\"581\"><a href=\"http:\/\/promociondeeventos.sld.cu\/nanomedicna2025\/files\/2025\/11\/Marina-POSTER.pdf\" target=\"_blank\" rel=\"noopener\"><strong>Desarrollo de inmunoconjugados fluorescentes basados en puntos de carbono dopados con nitr\u00f3geno para el marcaje de las l\u00edneas celulares A431 y X63.<\/strong><\/a><\/p>\n<p>Marina P\u00e9rez-Cruz, Lisandra Morales-\u00c1lvarez, Gustavo Gonz\u00e1lez, Luis F. Desd\u00edn, Manuel Antuch<\/p>\n<p>Centro de Aplicaciones Tecnol\u00f3gicas y Desarrollo Nuclear (CEADEN)<\/p>\n<p>Correo: <a href=\"mailto:marinaperezcruz2001@gmail.com\" target=\"_blank\" rel=\"noopener\">marinaperezcruz2001@gmail.com<\/a><\/td>\n<\/tr>\n<tr>\n<td style=\"width: 34.4763%\" width=\"177\">11:30 am \u2013 11:50 am<\/td>\n<td style=\"width: 68.4356%\" width=\"581\"><strong>DISCUSI\u00d3N<\/strong><\/td>\n<\/tr>\n<tr>\n<td style=\"width: 34.4763%\" width=\"177\">11:50 am \u2013 12:00 m<\/td>\n<td style=\"width: 68.4356%\" width=\"581\"><strong>CLAUSURA<\/strong><\/td>\n<\/tr>\n<tr>\n<td style=\"width: 34.4763%\" width=\"177\">12:00 m<\/td>\n<td style=\"width: 68.4356%\" width=\"581\"><strong>ACTIVIDADES PRESENCIALES (Visita al Museo IPK y Laboratorio de Tecnolog\u00eda de Avanzada del IPK)<\/strong><\/td>\n<\/tr>\n<\/tbody>\n<\/table>\n<p>&nbsp;<\/p>\n<p>&nbsp;<\/p>\n<p>&nbsp;<\/p>\n<p>&nbsp;<\/p>\n","protected":false},"excerpt":{"rendered":"<p>Programa cient\u00edfico del I Taller de Nanomedicina 2025: Futuro para el combate de enfermedades infecciosas, IPK, Cuba, 5 y 6 de noviembre de 2025. D\u00cdA 1 5 de noviembre de 2025 9:00 am &#8211; 9:10 am APERTURA. Bienvenida a los participantes Dr. C. Lianet Monzote, Instituto de Medicina Tropical Pedro Kour\u00ed (IPK) Dr. C. Brian [&hellip;]<\/p>\n","protected":false},"author":3257,"featured_media":0,"parent":0,"menu_order":0,"comment_status":"closed","ping_status":"closed","template":"","meta":[],"_links":{"self":[{"href":"https:\/\/promociondeeventos.sld.cu\/nanomedicna2025\/wp-json\/wp\/v2\/pages\/69"}],"collection":[{"href":"https:\/\/promociondeeventos.sld.cu\/nanomedicna2025\/wp-json\/wp\/v2\/pages"}],"about":[{"href":"https:\/\/promociondeeventos.sld.cu\/nanomedicna2025\/wp-json\/wp\/v2\/types\/page"}],"author":[{"embeddable":true,"href":"https:\/\/promociondeeventos.sld.cu\/nanomedicna2025\/wp-json\/wp\/v2\/users\/3257"}],"replies":[{"embeddable":true,"href":"https:\/\/promociondeeventos.sld.cu\/nanomedicna2025\/wp-json\/wp\/v2\/comments?post=69"}],"version-history":[{"count":23,"href":"https:\/\/promociondeeventos.sld.cu\/nanomedicna2025\/wp-json\/wp\/v2\/pages\/69\/revisions"}],"predecessor-version":[{"id":112,"href":"https:\/\/promociondeeventos.sld.cu\/nanomedicna2025\/wp-json\/wp\/v2\/pages\/69\/revisions\/112"}],"wp:attachment":[{"href":"https:\/\/promociondeeventos.sld.cu\/nanomedicna2025\/wp-json\/wp\/v2\/media?parent=69"}],"curies":[{"name":"wp","href":"https:\/\/api.w.org\/{rel}","templated":true}]}}