{"id":42,"date":"2025-10-03T13:06:55","date_gmt":"2025-10-03T13:06:55","guid":{"rendered":"https:\/\/promociondeeventos.sld.cu\/nanomedicna2025\/?page_id=42"},"modified":"2025-10-03T14:14:58","modified_gmt":"2025-10-03T14:14:58","slug":"resumenes","status":"publish","type":"page","link":"https:\/\/promociondeeventos.sld.cu\/nanomedicna2025\/resumenes\/","title":{"rendered":"Res\u00famenes"},"content":{"rendered":"<p><strong>Res\u00famenes <\/strong><\/p>\n<p>Los res\u00famenes deben ser enviados antes del 20 de octubre, v\u00eda correo electr\u00f3nico (tallernanomedicina@gmail.com). Para ello, se utilizar\u00e1 el formato que aparece a continuaci\u00f3n con los siguientes datos:<\/p>\n<ul>\n<li>Nombre y Apellidos<\/li>\n<li>Centro de trabajo\/estudio, pa\u00eds<\/li>\n<li>Correo electr\u00f3nico<\/li>\n<li>N\u00famero de WhatsApp<\/li>\n<li>Modalidad: Especificar si es presencial o virtual<\/li>\n<li>Forma de presentaci\u00f3n: Especificar si es Conferencia, Presentaci\u00f3n Oral, o Poster<\/li>\n<\/ul>\n<p><strong>Formato del Resumen<\/strong><\/p>\n<p>T\u00edtulo. Deber\u00e1 ser breve y claro que refleje el contenido del trabajo. No exceder de 20 palabras, escrito en espa\u00f1ol y en rengl\u00f3n aparte, la versi\u00f3n del t\u00edtulo en ingl\u00e9s.<\/p>\n<p>Nombre(s) del\/los Autor(es). Presentar en primer orden el nombre completo del autor principal y posteriormente los dem\u00e1s autores (sin grado acad\u00e9mico), agregando al pie de p\u00e1gina para cada uno su adscripci\u00f3n (departamento, dependencia e Instituci\u00f3n) y correo electr\u00f3nico y ID ORCID.<\/p>\n<p>Resumen. Deber\u00e1 ser un s\u00f3lo p\u00e1rrafo estructurado (Introducci\u00f3n, Objetivo, Materiales y M\u00e9todos, Resultados y Conclusiones) que sintetice el prop\u00f3sito del trabajo y re\u00fana las principales aportaciones Insertar resumen estructurado como se indica en Letra Arial 12 puntos, normal, justificado. Esta secci\u00f3n se iniciar\u00e1 con la palabra \u00abRESUMEN\u00bb al margen izquierdo, con letras negritas y sin punto. No exceder las 250 palabras. No incluir referencias.<\/p>\n<p>Palabras claves: Incluir seis palabras clave relacionadas con el contenido del trabajo, en min\u00fasculas y separadas por coma.<\/p>\n","protected":false},"excerpt":{"rendered":"<p>Res\u00famenes Los res\u00famenes deben ser enviados antes del 20 de octubre, v\u00eda correo electr\u00f3nico (tallernanomedicina@gmail.com). Para ello, se utilizar\u00e1 el formato que aparece a continuaci\u00f3n con los siguientes datos: Nombre y Apellidos Centro de trabajo\/estudio, pa\u00eds Correo electr\u00f3nico N\u00famero de WhatsApp Modalidad: Especificar si es presencial o virtual Forma de presentaci\u00f3n: Especificar si es Conferencia, [&hellip;]<\/p>\n","protected":false},"author":3257,"featured_media":0,"parent":0,"menu_order":0,"comment_status":"closed","ping_status":"closed","template":"","meta":[],"_links":{"self":[{"href":"https:\/\/promociondeeventos.sld.cu\/nanomedicna2025\/wp-json\/wp\/v2\/pages\/42"}],"collection":[{"href":"https:\/\/promociondeeventos.sld.cu\/nanomedicna2025\/wp-json\/wp\/v2\/pages"}],"about":[{"href":"https:\/\/promociondeeventos.sld.cu\/nanomedicna2025\/wp-json\/wp\/v2\/types\/page"}],"author":[{"embeddable":true,"href":"https:\/\/promociondeeventos.sld.cu\/nanomedicna2025\/wp-json\/wp\/v2\/users\/3257"}],"replies":[{"embeddable":true,"href":"https:\/\/promociondeeventos.sld.cu\/nanomedicna2025\/wp-json\/wp\/v2\/comments?post=42"}],"version-history":[{"count":3,"href":"https:\/\/promociondeeventos.sld.cu\/nanomedicna2025\/wp-json\/wp\/v2\/pages\/42\/revisions"}],"predecessor-version":[{"id":67,"href":"https:\/\/promociondeeventos.sld.cu\/nanomedicna2025\/wp-json\/wp\/v2\/pages\/42\/revisions\/67"}],"wp:attachment":[{"href":"https:\/\/promociondeeventos.sld.cu\/nanomedicna2025\/wp-json\/wp\/v2\/media?parent=42"}],"curies":[{"name":"wp","href":"https:\/\/api.w.org\/{rel}","templated":true}]}}