{"id":36,"date":"2025-10-03T13:05:51","date_gmt":"2025-10-03T13:05:51","guid":{"rendered":"https:\/\/promociondeeventos.sld.cu\/nanomedicna2025\/?page_id=36"},"modified":"2025-10-03T13:05:51","modified_gmt":"2025-10-03T13:05:51","slug":"fechas-importantes","status":"publish","type":"page","link":"https:\/\/promociondeeventos.sld.cu\/nanomedicna2025\/fechas-importantes\/","title":{"rendered":"Fechas importantes"},"content":{"rendered":"<ul>\n<li>Inscripci\u00f3n: hasta el 1 de noviembre de 2025<\/li>\n<li>Env\u00edo de res\u00famenes: hasta el 20 de octubre de 2025 (seg\u00fan especificaciones).<\/li>\n<li>Recepci\u00f3n de versi\u00f3n electr\u00f3nica de poster: hasta el 1 de noviembre de 2025 (seg\u00fan especificaciones).<\/li>\n<\/ul>\n","protected":false},"excerpt":{"rendered":"<p>Inscripci\u00f3n: hasta el 1 de noviembre de 2025 Env\u00edo de res\u00famenes: hasta el 20 de octubre de 2025 (seg\u00fan especificaciones). Recepci\u00f3n de versi\u00f3n electr\u00f3nica de poster: hasta el 1 de noviembre de 2025 (seg\u00fan especificaciones).<\/p>\n","protected":false},"author":3257,"featured_media":0,"parent":0,"menu_order":0,"comment_status":"closed","ping_status":"closed","template":"","meta":[],"_links":{"self":[{"href":"https:\/\/promociondeeventos.sld.cu\/nanomedicna2025\/wp-json\/wp\/v2\/pages\/36"}],"collection":[{"href":"https:\/\/promociondeeventos.sld.cu\/nanomedicna2025\/wp-json\/wp\/v2\/pages"}],"about":[{"href":"https:\/\/promociondeeventos.sld.cu\/nanomedicna2025\/wp-json\/wp\/v2\/types\/page"}],"author":[{"embeddable":true,"href":"https:\/\/promociondeeventos.sld.cu\/nanomedicna2025\/wp-json\/wp\/v2\/users\/3257"}],"replies":[{"embeddable":true,"href":"https:\/\/promociondeeventos.sld.cu\/nanomedicna2025\/wp-json\/wp\/v2\/comments?post=36"}],"version-history":[{"count":1,"href":"https:\/\/promociondeeventos.sld.cu\/nanomedicna2025\/wp-json\/wp\/v2\/pages\/36\/revisions"}],"predecessor-version":[{"id":38,"href":"https:\/\/promociondeeventos.sld.cu\/nanomedicna2025\/wp-json\/wp\/v2\/pages\/36\/revisions\/38"}],"wp:attachment":[{"href":"https:\/\/promociondeeventos.sld.cu\/nanomedicna2025\/wp-json\/wp\/v2\/media?parent=36"}],"curies":[{"name":"wp","href":"https:\/\/api.w.org\/{rel}","templated":true}]}}