{"id":25,"date":"2025-10-03T12:59:38","date_gmt":"2025-10-03T12:59:38","guid":{"rendered":"https:\/\/promociondeeventos.sld.cu\/nanomedicna2025\/?page_id=25"},"modified":"2025-10-03T13:58:59","modified_gmt":"2025-10-03T13:58:59","slug":"inscripcion","status":"publish","type":"page","link":"https:\/\/promociondeeventos.sld.cu\/nanomedicna2025\/inscripcion\/","title":{"rendered":"Inscripci\u00f3n"},"content":{"rendered":"<p>Si usted tiene inter\u00e9s en participar, descarque el formulario de inscripci\u00f3n y env\u00edelo al correo electr\u00f3nico: <a href=\"mailto:tallernanomedicina@gmail.com\" target=\"_blank\" rel=\"noopener\">tallernanomedicina@gmail.com<\/a><\/p>\n<p><a href=\"http:\/\/promociondeeventos.sld.cu\/pediatriaipk2025\/files\/2025\/04\/PG-01-Planilla-de-Solicitud-de-Matricula.doc\" target=\"_blank\" rel=\"noopener\">Descargar Planilla de Solicitud de Matricula<\/a><\/p>\n<p><strong>Costo de matr\u00edcula<\/strong><\/p>\n<p>El cobro de matr\u00edcula de los participantes se realizar\u00e1 por transferencia (Los detalles de la transferencia se les informar\u00e1 en la medida que sean aceptados y entreguen planilla de inscripci\u00f3n).<\/p>\n<table>\n<tbody>\n<tr>\n<td width=\"252\"><strong>Participantes<\/strong><\/td>\n<td width=\"252\"><strong>Presencial<\/strong><\/td>\n<td width=\"252\"><strong>Virtual<\/strong><\/td>\n<\/tr>\n<tr>\n<td width=\"252\">Nacionales<\/td>\n<td width=\"252\">2000.00 CUP<\/td>\n<td width=\"252\">300.00 CUP<\/td>\n<\/tr>\n<tr>\n<td width=\"252\">Extranjeros<\/td>\n<td width=\"252\">50.00 USD<\/td>\n<td width=\"252\">25.00 USD<\/td>\n<\/tr>\n<\/tbody>\n<\/table>\n","protected":false},"excerpt":{"rendered":"<p>Si usted tiene inter\u00e9s en participar, descarque el formulario de inscripci\u00f3n y env\u00edelo al correo electr\u00f3nico: tallernanomedicina@gmail.com Descargar Planilla de Solicitud de Matricula Costo de matr\u00edcula El cobro de matr\u00edcula de los participantes se realizar\u00e1 por transferencia (Los detalles de la transferencia se les informar\u00e1 en la medida que sean aceptados y entreguen planilla de [&hellip;]<\/p>\n","protected":false},"author":3257,"featured_media":0,"parent":0,"menu_order":0,"comment_status":"closed","ping_status":"closed","template":"","meta":[],"_links":{"self":[{"href":"https:\/\/promociondeeventos.sld.cu\/nanomedicna2025\/wp-json\/wp\/v2\/pages\/25"}],"collection":[{"href":"https:\/\/promociondeeventos.sld.cu\/nanomedicna2025\/wp-json\/wp\/v2\/pages"}],"about":[{"href":"https:\/\/promociondeeventos.sld.cu\/nanomedicna2025\/wp-json\/wp\/v2\/types\/page"}],"author":[{"embeddable":true,"href":"https:\/\/promociondeeventos.sld.cu\/nanomedicna2025\/wp-json\/wp\/v2\/users\/3257"}],"replies":[{"embeddable":true,"href":"https:\/\/promociondeeventos.sld.cu\/nanomedicna2025\/wp-json\/wp\/v2\/comments?post=25"}],"version-history":[{"count":6,"href":"https:\/\/promociondeeventos.sld.cu\/nanomedicna2025\/wp-json\/wp\/v2\/pages\/25\/revisions"}],"predecessor-version":[{"id":62,"href":"https:\/\/promociondeeventos.sld.cu\/nanomedicna2025\/wp-json\/wp\/v2\/pages\/25\/revisions\/62"}],"wp:attachment":[{"href":"https:\/\/promociondeeventos.sld.cu\/nanomedicna2025\/wp-json\/wp\/v2\/media?parent=25"}],"curies":[{"name":"wp","href":"https:\/\/api.w.org\/{rel}","templated":true}]}}