{"id":5,"date":"2023-02-17T16:42:17","date_gmt":"2023-02-17T16:42:17","guid":{"rendered":"https:\/\/promociondeeventos.sld.cu\/micoplasmas2023\/?page_id=5"},"modified":"2023-10-19T18:45:27","modified_gmt":"2023-10-19T18:45:27","slug":"convocatoria","status":"publish","type":"page","link":"https:\/\/promociondeeventos.sld.cu\/micoplasmas2023\/","title":{"rendered":"Convocatoria"},"content":{"rendered":"<p><a href=\"http:\/\/promociondeeventos.sld.cu\/micoplasmas2023\/files\/2023\/10\/Programa-Cientifico-Taller-micoplasma-2023.pdf\" target=\"_blank\" rel=\"noopener\">Programa del Taller<\/a><\/p>\n<p style=\"text-align: justify\">La convocatoria del presente taller, nace en la necesidad de fortalecer y generalizar el diagn\u00f3stico molecular de las principales especies de micoplasmas causantes de infecciones respiratorias y de transmisi\u00f3n sexual. Teniendo en cuenta el contexto actual luego de la pandemia de Covid 19, que ha tenido consecuencias directas en la resistencia a los antimicrobianos y ha contribuido al incremento de esta problem\u00e1tica a nivel global, impone la necesidad de establecer una vigilancia epidemiol\u00f3gica activa de estos pat\u00f3genos as\u00ed como de su resistencia antimicrobiana. El taller abordar\u00e1 aspectos relacionados con el uso de nuevas tecnolog\u00edas para el diagn\u00f3stico, detecci\u00f3n de mecanismos de resistencia antimicrobiana y genotipificaci\u00f3n de aislados cl\u00ednicos, actualizaci\u00f3n sobre el tratamiento de estos pat\u00f3genos; as\u00ed como el papel imprescindible de los programas nacionales de control de infecciones.<\/p>\n","protected":false},"excerpt":{"rendered":"<p>Programa del Taller La convocatoria del presente taller, nace en la necesidad de fortalecer y generalizar el diagn\u00f3stico molecular de las principales especies de micoplasmas causantes de infecciones respiratorias y de transmisi\u00f3n sexual. Teniendo en cuenta el contexto actual luego de la pandemia de Covid 19, que ha tenido consecuencias directas en la resistencia a [&hellip;]<\/p>\n","protected":false},"author":3262,"featured_media":0,"parent":0,"menu_order":0,"comment_status":"closed","ping_status":"closed","template":"","meta":[],"_links":{"self":[{"href":"https:\/\/promociondeeventos.sld.cu\/micoplasmas2023\/wp-json\/wp\/v2\/pages\/5"}],"collection":[{"href":"https:\/\/promociondeeventos.sld.cu\/micoplasmas2023\/wp-json\/wp\/v2\/pages"}],"about":[{"href":"https:\/\/promociondeeventos.sld.cu\/micoplasmas2023\/wp-json\/wp\/v2\/types\/page"}],"author":[{"embeddable":true,"href":"https:\/\/promociondeeventos.sld.cu\/micoplasmas2023\/wp-json\/wp\/v2\/users\/3262"}],"replies":[{"embeddable":true,"href":"https:\/\/promociondeeventos.sld.cu\/micoplasmas2023\/wp-json\/wp\/v2\/comments?post=5"}],"version-history":[{"count":3,"href":"https:\/\/promociondeeventos.sld.cu\/micoplasmas2023\/wp-json\/wp\/v2\/pages\/5\/revisions"}],"predecessor-version":[{"id":64,"href":"https:\/\/promociondeeventos.sld.cu\/micoplasmas2023\/wp-json\/wp\/v2\/pages\/5\/revisions\/64"}],"wp:attachment":[{"href":"https:\/\/promociondeeventos.sld.cu\/micoplasmas2023\/wp-json\/wp\/v2\/media?parent=5"}],"curies":[{"name":"wp","href":"https:\/\/api.w.org\/{rel}","templated":true}]}}