{"id":18,"date":"2023-02-17T17:14:13","date_gmt":"2023-02-17T17:14:13","guid":{"rendered":"https:\/\/promociondeeventos.sld.cu\/micoplasmas2023\/?page_id=18"},"modified":"2023-02-17T17:15:54","modified_gmt":"2023-02-17T17:15:54","slug":"acerca-de","status":"publish","type":"page","link":"https:\/\/promociondeeventos.sld.cu\/micoplasmas2023\/acerca-de\/","title":{"rendered":"Acerca de"},"content":{"rendered":"<p><strong>Objetivos<\/strong><\/p>\n<p style=\"text-align: justify;\">Con este sitio web se pretende promocionar el evento\u00a0 \u00bb\u00a0 3er Taller nacional de micoplasmas: nuevas estrategias para el control de la emergencia de la resistencia antimicrobiana\u00bb, el cual tiene como objetivo actualizar a m\u00e9dicos, vir\u00f3logos, inmun\u00f3logos, soci\u00f3logos, epidemi\u00f3logos, otros especialistas de salud, entre otros interesados sobre los aspectos m\u00e1s relevantes relacionados con la situacion actual de los micoplasmas, tendiendo en consideraci\u00f3n la situaci\u00f3n actual de la pandemia de COVID-19 en el pais y el mundo.<\/p>\n<p><strong>Comit\u00e9 cient\u00edfico<\/strong><\/p>\n<p>Presidente<br \/>\n-Dr.C Nadia Mar\u00eda Rodr\u00edguez Preval.IPK\/nadia@ipk.sld.cu<\/p>\n<p><strong>Comit\u00e9 organizador<\/strong><\/p>\n<p>Presidente:<br \/>\n-Dr. C. Nadia Mar\u00eda Rodr\u00edguez Preval. IPK\/ nadia@ipk.sld.cu<\/p>\n<p>Miembros:<br \/>\n-Dr.CBrian Mondeja Rodr\u00edguez.CEA\/ brian.mr@cea.cu<br \/>\n-Dr.C.C\u00e1rmen Fern\u00e9ndez Molina. CECMED\/ carmen.fdez@cecmed.cu<br \/>\n-M.SC.Yenys Ram\u00edrez Cintra. IPK\/yenys.ramirez@ipk.sld.cu<br \/>\n-M.SC.Brenda Barreto N\u00fa\u00f1ez. IPK\/bbarreto@ipk.sld.cu<br \/>\n-T\u00e9c.Mar\u00eda Fern\u00e1nde B\u00e1rzaga Vald\u00e9s. IPK\/ maria.barzaga@ipk.sld.cu<\/p>\n<p><strong>Organizan y auspician<\/strong><\/p>\n<p>LNR-Micoplasmas, Dpto Bacteriolog\u00eda-Micolog\u00eda, CIDR, IPK, MINSAP, SCMP<\/p>\n<p>&nbsp;<\/p>\n<p>&nbsp;<\/p>\n<p>&nbsp;<\/p>\n","protected":false},"excerpt":{"rendered":"<p>Objetivos Con este sitio web se pretende promocionar el evento\u00a0 \u00bb\u00a0 3er Taller nacional de micoplasmas: nuevas estrategias para el control de la emergencia de la resistencia antimicrobiana\u00bb, el cual tiene como objetivo actualizar a m\u00e9dicos, vir\u00f3logos, inmun\u00f3logos, soci\u00f3logos, epidemi\u00f3logos, otros especialistas de salud, entre otros interesados sobre los aspectos m\u00e1s relevantes relacionados con la [&hellip;]<\/p>\n","protected":false},"author":3262,"featured_media":0,"parent":0,"menu_order":0,"comment_status":"closed","ping_status":"closed","template":"","meta":[],"_links":{"self":[{"href":"https:\/\/promociondeeventos.sld.cu\/micoplasmas2023\/wp-json\/wp\/v2\/pages\/18"}],"collection":[{"href":"https:\/\/promociondeeventos.sld.cu\/micoplasmas2023\/wp-json\/wp\/v2\/pages"}],"about":[{"href":"https:\/\/promociondeeventos.sld.cu\/micoplasmas2023\/wp-json\/wp\/v2\/types\/page"}],"author":[{"embeddable":true,"href":"https:\/\/promociondeeventos.sld.cu\/micoplasmas2023\/wp-json\/wp\/v2\/users\/3262"}],"replies":[{"embeddable":true,"href":"https:\/\/promociondeeventos.sld.cu\/micoplasmas2023\/wp-json\/wp\/v2\/comments?post=18"}],"version-history":[{"count":3,"href":"https:\/\/promociondeeventos.sld.cu\/micoplasmas2023\/wp-json\/wp\/v2\/pages\/18\/revisions"}],"predecessor-version":[{"id":21,"href":"https:\/\/promociondeeventos.sld.cu\/micoplasmas2023\/wp-json\/wp\/v2\/pages\/18\/revisions\/21"}],"wp:attachment":[{"href":"https:\/\/promociondeeventos.sld.cu\/micoplasmas2023\/wp-json\/wp\/v2\/media?parent=18"}],"curies":[{"name":"wp","href":"https:\/\/api.w.org\/{rel}","templated":true}]}}