{"id":14,"date":"2022-01-27T14:45:37","date_gmt":"2022-01-27T14:45:37","guid":{"rendered":"http:\/\/promociondeeventos.sld.cu\/micoplasmas2022\/?page_id=14"},"modified":"2022-02-07T19:07:03","modified_gmt":"2022-02-07T19:07:03","slug":"normas-de-presentacion","status":"publish","type":"page","link":"https:\/\/promociondeeventos.sld.cu\/micoplasmas2022\/normas-de-presentacion\/","title":{"rendered":"Normas de presentaci\u00f3n"},"content":{"rendered":"<p><strong>Texto del resumen estructurado en:<br \/>\n<\/strong><br \/>\n-T\u00edtulo, Autor\/es, Palabras Clave, Introducci\u00f3n, Objetivos, Material y M\u00e9todo, Resultados, Discusi\u00f3n o Conclusiones y Bibliograf\u00eda<br \/>\n-T\u00edtulo (no m\u00e1s de 15 palabras) Autor\/es,(M\u00e1ximo 10 autores por resumen y se deben aportar los siguientes datos: nombre completo, email, y afiliaci\u00f3n para poder hacer el env\u00edo de los certificados correspondientes)<br \/>\n-Palabras claves (no m\u00e1s de cinco)<br \/>\n-El resumen (sin incluir t\u00edtulos, autores y afiliaci\u00f3n) no puede superar las 400 palabras. En el caso de querer adjuntar una tabla o gr\u00e1fico, no podr\u00e1 superar las 300 palabras.<br \/>\n-El autor que presente la suscripci\u00f3n (en caso de ser aceptada) deber\u00e1 estar inscrito en el curso. Caracter\u00edsticas de los p\u00f3steres:<br \/>\n-Los p\u00f3steres deben ser trabajos de una sola p\u00e1gina, estructurados de forma sint\u00e9tica, sencilla y visual.\u2022\u00a0 \u00a0 \u00a0 \u00a0 En el resumen deben aparecer todos los \u00edtems del resumen enviado anteriormente.<br \/>\n-Se recomienda que tengan un 30 % de elementos gr\u00e1ficos e im\u00e1genes y un 70 % de texto.<br \/>\n-Los p\u00f3steres se presentar\u00e1n en formato vertical, tama\u00f1o aproximado DINa4 (4:3, en color y con la suficiente visualizaci\u00f3n e informaci\u00f3n del trabajo que se aporta en el resumen.<br \/>\n-La presentaci\u00f3n del p\u00f3ster se realizar\u00e1 en formato PDF, y con un tama\u00f1o no mayor de 5 Mb.<\/p>\n","protected":false},"excerpt":{"rendered":"<p>Texto del resumen estructurado en: -T\u00edtulo, Autor\/es, Palabras Clave, Introducci\u00f3n, Objetivos, Material y M\u00e9todo, Resultados, Discusi\u00f3n o Conclusiones y Bibliograf\u00eda -T\u00edtulo (no m\u00e1s de 15 palabras) Autor\/es,(M\u00e1ximo 10 autores por resumen y se deben aportar los siguientes datos: nombre completo, email, y afiliaci\u00f3n para poder hacer el env\u00edo de los certificados correspondientes) -Palabras claves (no [&hellip;]<\/p>\n","protected":false},"author":3262,"featured_media":0,"parent":0,"menu_order":0,"comment_status":"closed","ping_status":"open","template":"","meta":[],"_links":{"self":[{"href":"https:\/\/promociondeeventos.sld.cu\/micoplasmas2022\/wp-json\/wp\/v2\/pages\/14"}],"collection":[{"href":"https:\/\/promociondeeventos.sld.cu\/micoplasmas2022\/wp-json\/wp\/v2\/pages"}],"about":[{"href":"https:\/\/promociondeeventos.sld.cu\/micoplasmas2022\/wp-json\/wp\/v2\/types\/page"}],"author":[{"embeddable":true,"href":"https:\/\/promociondeeventos.sld.cu\/micoplasmas2022\/wp-json\/wp\/v2\/users\/3262"}],"replies":[{"embeddable":true,"href":"https:\/\/promociondeeventos.sld.cu\/micoplasmas2022\/wp-json\/wp\/v2\/comments?post=14"}],"version-history":[{"count":4,"href":"https:\/\/promociondeeventos.sld.cu\/micoplasmas2022\/wp-json\/wp\/v2\/pages\/14\/revisions"}],"predecessor-version":[{"id":43,"href":"https:\/\/promociondeeventos.sld.cu\/micoplasmas2022\/wp-json\/wp\/v2\/pages\/14\/revisions\/43"}],"wp:attachment":[{"href":"https:\/\/promociondeeventos.sld.cu\/micoplasmas2022\/wp-json\/wp\/v2\/media?parent=14"}],"curies":[{"name":"wp","href":"https:\/\/api.w.org\/{rel}","templated":true}]}}