{"id":8,"date":"2025-10-22T23:04:22","date_gmt":"2025-10-22T23:04:22","guid":{"rendered":"https:\/\/promociondeeventos.sld.cu\/llsem-saludsexualreprod\/?page_id=8"},"modified":"2025-10-22T23:04:22","modified_gmt":"2025-10-22T23:04:22","slug":"comite-organizador","status":"publish","type":"page","link":"https:\/\/promociondeeventos.sld.cu\/llsem-saludsexualreprod\/comite-organizador\/","title":{"rendered":"Comit\u00e9 Organizador"},"content":{"rendered":"<p><strong>\u00a0<\/strong>Presidente:<\/p>\n<p><strong>DrC. Miladys Orraca Castillo. SOCUDEF. socudef@enet.cu<\/strong><\/p>\n<ul>\n<li>Miembros:<\/li>\n<\/ul>\n<p><strong>&#8211; DraC.\u00a0 Lic. Marisol Alfonso de Armas, UNFPA, Cuba<br \/>\n&#8211; MsC. Emma Pell\u00f3n, Ferring Pharmaceutical<br \/>\n&#8211; DrC. Marta Ayala \u00c1vila. Directora CIGB<br \/>\n&#8211; DrC. Enrique P\u00e9rez Cruz. CIGB, Camag\u00fcey<br \/>\n&#8211; Lic. Raysa Vald\u00e9s Romero, SOCUDEF<br \/>\n&#8211; MsC. Alicia Camila Campos P\u00e9rez, SOCUDEF<br \/>\n&#8211;\u00a0 Lic. Soraya L\u00f3pez Betancourt<\/strong><\/p>\n","protected":false},"excerpt":{"rendered":"<p>\u00a0Presidente: DrC. Miladys Orraca Castillo. SOCUDEF. socudef@enet.cu Miembros: &#8211; DraC.\u00a0 Lic. Marisol Alfonso de Armas, UNFPA, Cuba &#8211; MsC. Emma Pell\u00f3n, Ferring Pharmaceutical &#8211; DrC. Marta Ayala \u00c1vila. Directora CIGB &#8211; DrC. Enrique P\u00e9rez Cruz. CIGB, Camag\u00fcey &#8211; Lic. Raysa Vald\u00e9s Romero, SOCUDEF &#8211; MsC. Alicia Camila Campos P\u00e9rez, SOCUDEF &#8211;\u00a0 Lic. Soraya L\u00f3pez Betancourt<\/p>\n","protected":false},"author":4,"featured_media":0,"parent":0,"menu_order":0,"comment_status":"closed","ping_status":"closed","template":"","meta":[],"_links":{"self":[{"href":"https:\/\/promociondeeventos.sld.cu\/llsem-saludsexualreprod\/wp-json\/wp\/v2\/pages\/8"}],"collection":[{"href":"https:\/\/promociondeeventos.sld.cu\/llsem-saludsexualreprod\/wp-json\/wp\/v2\/pages"}],"about":[{"href":"https:\/\/promociondeeventos.sld.cu\/llsem-saludsexualreprod\/wp-json\/wp\/v2\/types\/page"}],"author":[{"embeddable":true,"href":"https:\/\/promociondeeventos.sld.cu\/llsem-saludsexualreprod\/wp-json\/wp\/v2\/users\/4"}],"replies":[{"embeddable":true,"href":"https:\/\/promociondeeventos.sld.cu\/llsem-saludsexualreprod\/wp-json\/wp\/v2\/comments?post=8"}],"version-history":[{"count":1,"href":"https:\/\/promociondeeventos.sld.cu\/llsem-saludsexualreprod\/wp-json\/wp\/v2\/pages\/8\/revisions"}],"predecessor-version":[{"id":9,"href":"https:\/\/promociondeeventos.sld.cu\/llsem-saludsexualreprod\/wp-json\/wp\/v2\/pages\/8\/revisions\/9"}],"wp:attachment":[{"href":"https:\/\/promociondeeventos.sld.cu\/llsem-saludsexualreprod\/wp-json\/wp\/v2\/media?parent=8"}],"curies":[{"name":"wp","href":"https:\/\/api.w.org\/{rel}","templated":true}]}}