{"id":77,"date":"2024-05-29T12:41:33","date_gmt":"2024-05-29T12:41:33","guid":{"rendered":"https:\/\/promociondeeventos.sld.cu\/leptospirosishabana2024\/?page_id=77"},"modified":"2024-06-03T15:39:25","modified_gmt":"2024-06-03T15:39:25","slug":"programa","status":"publish","type":"page","link":"https:\/\/promociondeeventos.sld.cu\/leptospirosishabana2024\/programa\/","title":{"rendered":"Programa"},"content":{"rendered":"<table style=\"width: 69.3678%\" width=\"852\">\n<tbody>\n<tr>\n<td style=\"width: 100%\" width=\"852\">\n<p style=\"text-align: left\">\u00abOncena Edici\u00f3n Curso Internacional sobre Leptospirosis Habana 2024 y otras zoonosis de importancia para la salud p\u00fablica y veterinaria de Cuba\u00bb<\/p>\n<p style=\"text-align: left\">Modalidad: Virtual<\/p>\n<p style=\"text-align: left\">28 al 30 de mayo de 2024<\/p>\n<p><strong>Programa<\/strong><\/td>\n<\/tr>\n<\/tbody>\n<\/table>\n<table style=\"width: 81.6434%\" width=\"846\">\n<tbody>\n<tr>\n<td style=\"width: 120.31%\" colspan=\"3\" width=\"846\">Martes (Tuesday)\u00a0 28 de mayo de 2024<\/td>\n<\/tr>\n<tr>\n<td style=\"width: 13.8135%\" width=\"116\">09:00 &#8211; 09:10<\/td>\n<td style=\"width: 88.5913%\" width=\"555\">Apertura y palabras de bienvenida<\/td>\n<td style=\"width: 17.9052%\" rowspan=\"10\" width=\"176\"><em>\u00a0<\/em><\/p>\n<p><em>\u00a0<\/em><\/p>\n<p><em>\u00a0<\/em><\/p>\n<p><em>\u00a0<\/em><\/p>\n<p><em>\u00a0<\/em><\/p>\n<p><em>\u00a0<\/em><\/p>\n<p><em>\u00a0<\/em><\/p>\n<p><em>\u00a0<\/em><\/p>\n<p><em>\u00a0<\/em><\/p>\n<p><em>Presidente<\/em><\/p>\n<p><em>Ana M. Obreg\u00f3n<\/em><\/p>\n<p><em>(Cuba)<\/em><\/p>\n<p><em>\u00a0<\/em><\/td>\n<\/tr>\n<tr>\n<td style=\"width: 13.8135%\" width=\"116\">09:10 &#8211; 09:30<\/td>\n<td style=\"width: 88.5913%\" width=\"555\"><a href=\"https:\/\/youtu.be\/DG1OdqqgQZU\" target=\"_blank\" rel=\"noopener\">Situaci\u00f3n\u00a0 actual de las zoonosis de importancia m\u00e9dica m\u00e1s frecuentes en Cuba.<\/a><\/p>\n<p><em>Dra. Jusayma Gonz\u00e1lez. J\u00b4Programa Nacional de Zoonosis. DNE-MINSAP<\/em>.<em> (Cuba).<\/em><\/td>\n<\/tr>\n<tr>\n<td style=\"width: 13.8135%\" width=\"116\">09:30 &#8211; 09:50<\/td>\n<td style=\"width: 88.5913%\" width=\"555\"><a href=\"https:\/\/youtu.be\/6kOMHNPCNCc\" target=\"_blank\" rel=\"noopener\">Zoonosis virales emergentes y re-emergentes.<\/a><\/p>\n<p><em>Dra. Ma. Guadalupe Guzm\u00e1n.\u00a0 Directora del CIDR-IPK. Directora Centro Colaborador OMS\/OPS Dengue<\/em>.<em> (Cuba).<\/em><\/td>\n<\/tr>\n<tr>\n<td style=\"width: 13.8135%\" width=\"116\">09:50 &#8211; 10:10<\/td>\n<td style=\"width: 88.5913%\" width=\"555\"><a href=\"https:\/\/youtu.be\/xy_EIGkp4gY\" target=\"_blank\" rel=\"noopener\">Zoonosis: cooperacion tecnica de OPS.<\/a><\/p>\n<p><em>Dra. Susana Borroto, OPS-OMS \u2013 La Habana. <\/em><em>(Cuba). <\/em><\/td>\n<\/tr>\n<tr>\n<td style=\"width: 13.8135%\" width=\"116\">10:10 &#8211; 10:30<\/td>\n<td style=\"width: 88.5913%\" width=\"555\"><a href=\"https:\/\/youtu.be\/2gtrF8dhHvE\" target=\"_blank\" rel=\"noopener\">CLIMA-Zoonosis<\/a><\/p>\n<p><em>Dr C. Paulo L Ort\u00edz. Instituto Meteorolog\u00eda.CITMA (Cuba).<\/em><\/td>\n<\/tr>\n<tr>\n<td style=\"width: 13.8135%\" width=\"116\">10:30 &#8211; 10:50<\/td>\n<td style=\"width: 88.5913%\" width=\"555\"><a href=\"https:\/\/youtu.be\/8pCbNboOe8c\" target=\"_blank\" rel=\"noopener\">Leptospirosis\u00a0 humana, una zoonosis de impacto en la salud p\u00fablica de Cuba.<\/a><\/p>\n<p><em>Dra. Ana M. Obreg\u00f3n. Resp. LNRLB-CIDR-IPK. (Cuba).<\/em><\/td>\n<\/tr>\n<tr>\n<td style=\"width: 13.8135%\" width=\"116\">10:50 &#8211; 12:10<\/td>\n<td style=\"width: 88.5913%\" width=\"555\"><a href=\"https:\/\/youtu.be\/t7VUtnW-qFs\" target=\"_blank\" rel=\"noopener\">Una mirada a las zoonosis desde UNA SALUD.<\/a><\/p>\n<p><em>Dra. Mar\u00eda Ir\u00edan Percedo. Grupo de Epidemiolog\u00eda-CENSA, Mayabeque. (Cuba).<\/em><\/td>\n<\/tr>\n<tr>\n<td style=\"width: 13.8135%\" width=\"116\">12:10 &#8211; 12:30<\/td>\n<td style=\"width: 88.5913%\" width=\"555\"><a href=\"https:\/\/youtu.be\/eqDOwC_sK6o\" target=\"_blank\" rel=\"noopener\">Actualizaciones de investigaciones zoon\u00f3ticas con importancia m\u00e9dico veterinaria.<\/a><\/p>\n<p><em>Dr. Rigoberto Fimia. Universidad de Ciencias M\u00e9dicas de Villa Clara. (Cuba).<\/em><\/td>\n<\/tr>\n<tr>\n<td style=\"width: 13.8135%\" width=\"116\">12:30 &#8211; 12:50<\/td>\n<td style=\"width: 88.5913%\" width=\"555\"><a href=\"http:\/\/promociondeeventos.sld.cu\/leptospirosishabana2024\/files\/2024\/05\/Curso-Leptospira-Marta-Castro.pdf\" target=\"_blank\" rel=\"noopener\">Relacion entre la formaci\u00f3n y capacitacion de recursos psta la investigaci\u00f3n en enfermedades zoonoticas.<\/a><\/p>\n<p><em>Dra. Marta Castro. J\u00b4Dpto. Docente-IPK. (Cuba).<\/em><\/td>\n<\/tr>\n<tr>\n<td style=\"width: 13.8135%\" width=\"116\">12:50 &#8211; 01:00<\/td>\n<td style=\"width: 88.5913%\" width=\"555\">Discusi\u00f3n general.<\/td>\n<\/tr>\n<\/tbody>\n<\/table>\n<table style=\"width: 81.0223%\" width=\"854\">\n<tbody>\n<tr>\n<td style=\"width: 100.526%\" colspan=\"3\" width=\"854\">Mi\u00e9rcoles \u00a0(Wednesday) 29 de mayo de 2024<\/td>\n<\/tr>\n<tr>\n<td style=\"width: 13.769%\" width=\"116\">09:10 &#8211; 09:30<\/td>\n<td style=\"width: 76.865%\" width=\"555\"><a href=\"http:\/\/promociondeeventos.sld.cu\/leptospirosishabana2024\/files\/2024\/05\/EVENTO-ZOONOSIS-ANABEL.pptx.pdf\" target=\"_blank\" rel=\"noopener\">Zoonosis y pat\u00f3genos ent\u00e9ricos bacterianos.<\/a><\/p>\n<p><em>Dr C. Anabel Fern\u00e1ndez .\u00a0 Laboratorio de Referencia de EDA-bacterianas, IPK. (Cuba).<\/em><\/td>\n<td style=\"width: 9.89239%\" rowspan=\"10\" width=\"183\"><em>\u00a0<\/em><\/p>\n<p><em>\u00a0<\/em><\/p>\n<p><em>\u00a0<\/em><\/p>\n<p><em>\u00a0<\/em><\/p>\n<p><em>Presidente<\/em><\/p>\n<p><em>Odisney Lugo<\/em><\/p>\n<p><em>(Cuba)<\/em><\/p>\n<p>&nbsp;<\/td>\n<\/tr>\n<tr>\n<td style=\"width: 13.769%\" width=\"116\">09:30 &#8211; 09:50<\/td>\n<td style=\"width: 76.865%\" width=\"555\"><a href=\"http:\/\/promociondeeventos.sld.cu\/leptospirosishabana2024\/files\/2024\/05\/Dra-Laura-Bravo.pdf\" target=\"_blank\" rel=\"noopener\">Plesiomonas\/Aeromonas. Pat\u00f3genos emergentes asociados a la zoonosis.<\/a><\/p>\n<p><em>Dr C. Laura Bravo Laboratorio de Referencia de EDA-bacterianas, IPK. (Cuba).<\/em><\/td>\n<\/tr>\n<tr>\n<td style=\"width: 13.769%\" width=\"116\">09:50 &#8211; 10:10<\/td>\n<td style=\"width: 76.865%\" width=\"555\"><a href=\"https:\/\/youtu.be\/KUcu6Pp4iRw\" target=\"_blank\" rel=\"noopener\">Tendencia de las presentaciones clinicas contemporaneas de los pacientes con leptospirosis y brucelosis del IPK.<\/a><\/p>\n<p><em>Dra. Lilia Ma. Ortega. J\u00b4UCI-Centro Hospitalario IPK. (Cuba).<\/em><\/td>\n<\/tr>\n<tr>\n<td style=\"width: 13.769%\" width=\"116\">10:10 &#8211; 10:30<\/td>\n<td style=\"width: 76.865%\" width=\"555\">Insuficiencia Renal<\/p>\n<p><em>Dra. Olga Casta\u00f1o. J\u00b4Servicio de Hemodi\u00e1lisis-Centro Hospitalario IPK. (Cuba).<\/em><\/td>\n<\/tr>\n<tr>\n<td style=\"width: 13.769%\" width=\"116\">10:30 &#8211; 10:50<\/td>\n<td style=\"width: 76.865%\" width=\"555\"><a href=\"https:\/\/youtu.be\/UiJcyPeSANY\" target=\"_blank\" rel=\"noopener\">Investigaciones cl\u00ednicas \u2013 epidemiol\u00f3gicas y serol\u00f3gicas \u2013 moleculares de la brucelosis humana.<\/a><\/p>\n<p><em>Dra. Zaily Castillo. Laboratorio de Referencia de IAAS. (Cuba).<\/em><\/td>\n<\/tr>\n<tr>\n<td style=\"width: 13.769%\" width=\"116\">10:50 &#8211; 11:10<\/td>\n<td style=\"width: 76.865%\" width=\"555\"><a href=\"https:\/\/youtu.be\/8TA--2w5nPg\" target=\"_blank\" rel=\"noopener\">Metodolog\u00eda para demostrar la efectividad de la inactivaci\u00f3n qu\u00edmica de cultivos de Leptospira en procesos de producci\u00f3n IFA-II, IFV.<\/a><\/p>\n<p><em>Lic. Nadiezda Ba\u00f1os Paiffer. IFV. (Cuba).<\/em><\/td>\n<\/tr>\n<tr>\n<td style=\"width: 13.769%\" width=\"116\">11:10 &#8211; 11:30<\/td>\n<td style=\"width: 76.865%\" width=\"555\"><a href=\"http:\/\/promociondeeventos.sld.cu\/leptospirosishabana2024\/files\/2024\/05\/Campylobacter-potencial-patogeno-zoonotico-en-America-Latina.pdf\" target=\"_blank\" rel=\"noopener\"><em>Campylobacter potencial pat\u00f3geno zoon\u00f3tico en Am\u00e9rica Latina..<\/em><\/a><\/p>\n<p><em>Dr. Adalberto Aguila. Responsable LNR EDA bacteriana-CIDR-IPK. (Cuba).<\/em><\/td>\n<\/tr>\n<tr>\n<td style=\"width: 13.769%\" width=\"116\">11:30 &#8211; 11:50<\/td>\n<td style=\"width: 76.865%\" width=\"555\"><a href=\"https:\/\/youtu.be\/zJw3wskZKY0\" target=\"_blank\" rel=\"noopener\">Nanobiosensor para la pesquisa de brucelosis en Cuba, con enfoque de una salud.<\/a><\/p>\n<p><em>Dra. Odisney Lugo Su\u00e1rez. LNRLB-CIDR-IPK. (Cuba).<\/em><\/td>\n<\/tr>\n<tr>\n<td style=\"width: 13.769%\" width=\"116\">11:50 &#8211; 12:10<\/td>\n<td style=\"width: 76.865%\" width=\"555\"><a href=\"http:\/\/promociondeeventos.sld.cu\/leptospirosishabana2024\/files\/2024\/05\/Zhaily-Gonzalez-Rodriguez.pdf\" target=\"_blank\" rel=\"noopener\">Diagn\u00f3stico de Fasciolosis humana en Cuba. Del pensamiento a la acci\u00f3n.<\/a><\/p>\n<p><em>Dra Zhaily Gonz\u00e1lez. LNR de Fasciola-CIDR-IPK. (Cuba).<\/em><\/td>\n<\/tr>\n<tr>\n<td style=\"width: 13.769%\" width=\"116\">12:10 &#8211; 12:30<\/td>\n<td style=\"width: 76.865%\" width=\"555\"><a href=\"http:\/\/promociondeeventos.sld.cu\/leptospirosishabana2024\/files\/2024\/05\/Eduardito-Leptospirosis-pediatrica.-Clca-y-Lab.pdf\" target=\"_blank\" rel=\"noopener\">Leptospirosis en edades pedi\u00e1tricas: presentaci\u00f3n cl\u00ednica y diagn\u00f3stico de laboratorio en \u00faltimos cinco a\u00f1os.<\/a><\/p>\n<p><em>Dr. Eduardo Echevarr\u00eda. LNRLB-CIDR-IPK. (Cuba).<\/em><\/td>\n<\/tr>\n<tr>\n<td style=\"width: 13.769%\" width=\"116\">12:30\u201312: 50<\/td>\n<td style=\"width: 76.865%\" width=\"555\"><a href=\"https:\/\/youtu.be\/HkM-IcZdB-Y\" target=\"_blank\" rel=\"noopener\">LAMP: un m\u00e9todo de screening para la leptospirosis.<\/a><\/p>\n<p><em>Dr. Diego Ruggeri. Servicio de Bacteriolog\u00eda Sanitaria. INEI-ANLIS \u00abDr. Carlos G. Malbr\u00e1n\u00bb. (Argentina).<\/em><\/td>\n<td style=\"width: 9.89239%\" width=\"183\"><\/td>\n<\/tr>\n<\/tbody>\n<\/table>\n<table style=\"width: 80.7348%\" width=\"852\">\n<tbody>\n<tr>\n<td style=\"width: 93.6652%\" colspan=\"3\" width=\"852\">Jueves (Thursday) 30 de mayo de 2024<\/td>\n<\/tr>\n<tr>\n<td style=\"width: 13.6523%\" width=\"116\">09:10 &#8211; 09:30<\/td>\n<td style=\"width: 78.7691%\" width=\"555\"><a href=\"http:\/\/promociondeeventos.sld.cu\/leptospirosishabana2024\/files\/2024\/06\/Eduardo-Echevarria-Brucellosis.-Clca-y-Lab.pdf\" target=\"_blank\" rel=\"noopener\">Brucelosis humana: presentaci\u00f3n cl\u00ednica y diagn\u00f3stico de laboratorio. Cuba. 2024.<\/a><\/p>\n<p><em>Dr. Eduardo Echevarr\u00eda. LNRLB-CIDR-IPK. (Cuba).<\/em><\/td>\n<td style=\"width: 1.24378%\" rowspan=\"15\" width=\"181\"><em>\u00a0<\/em><\/p>\n<p><em>\u00a0<\/em><\/p>\n<p><em>\u00a0<\/em><\/p>\n<p><em>\u00a0<\/em><\/p>\n<p><em>Presidente<\/em><\/p>\n<p><em>Eduardo Echevarr\u00eda<\/em><\/p>\n<p><em>(Cuba)<\/em><\/p>\n<p>&nbsp;<\/td>\n<\/tr>\n<tr>\n<td style=\"width: 13.6523%\" width=\"116\">09:30 &#8211; 09:50<\/td>\n<td style=\"width: 78.7691%\" width=\"555\"><a href=\"https:\/\/youtu.be\/nR0M1bjQpZk\" target=\"_blank\" rel=\"noopener\">Epidemiolog\u00eda de las zoonosis. Retos y oportunidades.<\/a><\/p>\n<p><em>Dr. Jos\u00e9 Ram\u00f3n Garc\u00eda Cortina. <\/em><em>Dpto Epidemiolog\u00eda-CIDR-IPK.<\/em><em> (Cuba).<\/em><\/td>\n<\/tr>\n<tr>\n<td style=\"width: 13.6523%\" width=\"116\">09:50 &#8211; 10:10<\/td>\n<td style=\"width: 78.7691%\" width=\"555\"><a href=\"https:\/\/youtu.be\/9lg9zZI1sA0\" target=\"_blank\" rel=\"noopener\">Malaria en Cuba.<\/a><\/p>\n<p><em>Dra. L\u00e1zara Rojas.<\/em> LNR Malaria CIDR-IPK. (Cuba).<\/td>\n<\/tr>\n<tr>\n<td style=\"width: 13.6523%\" width=\"116\">10:10 &#8211; 10:30<\/td>\n<td style=\"width: 78.7691%\" width=\"555\"><a href=\"http:\/\/promociondeeventos.sld.cu\/leptospirosishabana2024\/files\/2024\/06\/Presentacion-Lianet-Monzote-Leishmania.pdf\" target=\"_blank\" rel=\"noopener\">Leishmaniasis en la regi\u00f3n de las Am\u00e9ricas. Situacion presente y futura en Cuba.<\/a><\/p>\n<p>DrC. Lianet Monzote.\u00a0 Jefa Dpto de Parasitolog\u00eda-CIDR-IPK. (Cuba).<\/td>\n<\/tr>\n<tr>\n<td style=\"width: 13.6523%\" width=\"116\">10:30 &#8211; 10:50<\/td>\n<td style=\"width: 78.7691%\" width=\"555\"><a href=\"https:\/\/youtu.be\/OVQSVv7VwfU\" target=\"_blank\" rel=\"noopener\"><em>\u00a0<\/em>Rabia y su comportamiento actual en Cuba.<\/a><\/p>\n<p><em>Lic. Marialys Linares Barrios. <\/em><em>Especialista LNRLB-CIDR-IPK.<\/em><em> (Cuba).<\/em><\/td>\n<\/tr>\n<tr>\n<td style=\"width: 13.6523%\" width=\"116\">10:50 &#8211; 11:10<\/td>\n<td style=\"width: 78.7691%\" width=\"555\"><a href=\"http:\/\/promociondeeventos.sld.cu\/leptospirosishabana2024\/files\/2024\/06\/Zoonosis-micoticas_taller-internacional-de-leptospira_2024.pdf\" target=\"_blank\" rel=\"noopener\">Acercamiento a las zoonosis f\u00fangicas. Situaci\u00f3n actual en Cuba<\/a><\/p>\n<p><em>Dra. Rosario Velar.<\/em> <em>Especialista LNR Micolog\u00eda-CIDR-IPK.<\/em><em> (Cuba).<\/em><\/td>\n<\/tr>\n<tr>\n<td style=\"width: 13.6523%\" width=\"116\">11:10 &#8211; 11:30<\/td>\n<td style=\"width: 78.7691%\" width=\"555\"><a href=\"https:\/\/youtu.be\/Veac1JZlN7U\" target=\"_blank\" rel=\"noopener\">Teniosis.\u00a0 Situaci\u00f3n la regi\u00f3n de las Am\u00e9ricas y en Cuba.<\/a><\/p>\n<p><em>Luis E. Jerez.<\/em> <em>Resp. LNR Parasitismo Intestinal-CIDR-IPK.<\/em><em> (Cuba).<\/em><\/td>\n<\/tr>\n<tr>\n<td style=\"width: 13.6523%\" width=\"116\">11:30 &#8211; 11:50<\/td>\n<td style=\"width: 78.7691%\" width=\"555\"><a href=\"https:\/\/youtu.be\/BreXCtd7B_A\" target=\"_blank\" rel=\"noopener\">Presentaci\u00f3n clinica-epidemiol\u00f3gica en los casos pedi\u00e1tricos confirmados con brucelosis en Cuba.<\/a><\/p>\n<p><em>Dra<\/em>. Odisney Lugo <em>Su\u00e1rez. LNRLB-CIDR-IPK. (Cuba).<\/em><\/td>\n<\/tr>\n<tr>\n<td style=\"width: 13.6523%\" width=\"116\">11:50 &#8211; 12:10<\/td>\n<td style=\"width: 78.7691%\" width=\"555\"><a href=\"https:\/\/youtu.be\/AEth4NKT8qo\" target=\"_blank\" rel=\"noopener\">Detecci\u00f3n de enteropat\u00f3genos bacterianos y par\u00e1sitos grastrointestinales zoon\u00f3ticos en granjas pecuarias y riesgo de infecci\u00f3n en humanos: \u00abEstudio piloto\u00bb.<\/a><\/p>\n<p><em>Lic. Yanaika<\/em> <em>Cruz Infante. LNR EDA-CIDR. IPK<\/em><\/td>\n<\/tr>\n<tr>\n<td style=\"width: 13.6523%\">12:10 &#8211; 12:45<\/td>\n<td style=\"width: 78.7691%\"><a href=\"https:\/\/youtu.be\/nX-gH2nyCyE\" target=\"_blank\" rel=\"noopener\">Brucelosis humana: presentaci\u00f3n cl\u00ednica, diagn\u00f3stico y\u00a0tratamiento en los ni\u00f1os.<\/a><\/p>\n<p>Dr. Pablo Yaguspsky. Israel. (Cortes\u00eda de Leptospirosis<br \/>\nHabana 2022).<\/td>\n<\/tr>\n<tr>\n<td style=\"width: 13.6523%\">12:45 \u2013 01:15<\/td>\n<td style=\"width: 78.7691%\"><a href=\"https:\/\/youtu.be\/99XtN65Cl5U\" target=\"_blank\" rel=\"noopener\">Desarrollo de la NAATs para diagn\u00f3stico de leptospirosis.<\/a><br \/>\nDra Silvia Grune Loffer. INTA. Argentina. (Cortes\u00eda de<br \/>\nLeptospirosis Habana 2022).Dra Silvia Grune Loffer. INTA. Argentina. (Cortes\u00eda de<br \/>\nLeptospirosis Habana 2022).<\/td>\n<\/tr>\n<tr>\n<td style=\"width: 13.6523%\" width=\"116\">01:15 \u2013 01:30<\/td>\n<td style=\"width: 78.7691%\" width=\"555\"><a href=\"https:\/\/youtu.be\/o_LDuAftHxM\" target=\"_blank\" rel=\"noopener\">Socio-economic and environmental determinants associated with the incidence of neurocysticercosis in Ecuador. Period 2017 \u2013 2022.<\/a><\/p>\n<p><em>Dr. Andr\u00e9s Fernando Vinueza-Veloz. (Ecuador).<\/em><\/td>\n<\/tr>\n<tr>\n<td style=\"width: 13.6523%\" width=\"116\">01:30 &#8211; 02:00<\/td>\n<td style=\"width: 78.7691%\" width=\"555\"><a href=\"http:\/\/promociondeeventos.sld.cu\/leptospirosishabana2024\/files\/2024\/06\/2024-05-28-BPL-en-enf-zoonoticas.pdf\" target=\"_blank\" rel=\"noopener\">Buenas Pr\u00e1cticas de Laboratorio en el\u00a0 diagn\u00f3stico de las infecciones zoonoticas.<\/a><\/p>\n<p><em>Lic. Olguita Lidia Garc\u00eda C\u00e1rdenas. Coordinadora Calidad IPK. Depto Ciencia e Innovaci\u00f3n. (Cuba).<\/em><\/td>\n<\/tr>\n<tr>\n<td style=\"width: 13.6523%\" width=\"116\">2:00 &#8211; 2:15<\/td>\n<td style=\"width: 78.7691%\" width=\"555\">Discusi\u00f3n general<\/p>\n<p>&nbsp;<\/td>\n<\/tr>\n<tr>\n<td style=\"width: 13.6523%\" width=\"116\">2:15 &#8211; 2:30<\/td>\n<td style=\"width: 78.7691%\" width=\"555\">Clausura.<\/td>\n<\/tr>\n<\/tbody>\n<\/table>\n","protected":false},"excerpt":{"rendered":"<p>\u00abOncena Edici\u00f3n Curso Internacional sobre Leptospirosis Habana 2024 y otras zoonosis de importancia para la salud p\u00fablica y veterinaria de Cuba\u00bb Modalidad: Virtual 28 al 30 de mayo de 2024 Programa Martes (Tuesday)\u00a0 28 de mayo de 2024 09:00 &#8211; 09:10 Apertura y palabras de bienvenida \u00a0 \u00a0 \u00a0 \u00a0 \u00a0 \u00a0 \u00a0 \u00a0 \u00a0 [&hellip;]<\/p>\n","protected":false},"author":3257,"featured_media":0,"parent":0,"menu_order":0,"comment_status":"closed","ping_status":"closed","template":"","meta":[],"_links":{"self":[{"href":"https:\/\/promociondeeventos.sld.cu\/leptospirosishabana2024\/wp-json\/wp\/v2\/pages\/77"}],"collection":[{"href":"https:\/\/promociondeeventos.sld.cu\/leptospirosishabana2024\/wp-json\/wp\/v2\/pages"}],"about":[{"href":"https:\/\/promociondeeventos.sld.cu\/leptospirosishabana2024\/wp-json\/wp\/v2\/types\/page"}],"author":[{"embeddable":true,"href":"https:\/\/promociondeeventos.sld.cu\/leptospirosishabana2024\/wp-json\/wp\/v2\/users\/3257"}],"replies":[{"embeddable":true,"href":"https:\/\/promociondeeventos.sld.cu\/leptospirosishabana2024\/wp-json\/wp\/v2\/comments?post=77"}],"version-history":[{"count":36,"href":"https:\/\/promociondeeventos.sld.cu\/leptospirosishabana2024\/wp-json\/wp\/v2\/pages\/77\/revisions"}],"predecessor-version":[{"id":131,"href":"https:\/\/promociondeeventos.sld.cu\/leptospirosishabana2024\/wp-json\/wp\/v2\/pages\/77\/revisions\/131"}],"wp:attachment":[{"href":"https:\/\/promociondeeventos.sld.cu\/leptospirosishabana2024\/wp-json\/wp\/v2\/media?parent=77"}],"curies":[{"name":"wp","href":"https:\/\/api.w.org\/{rel}","templated":true}]}}