{"id":65,"date":"2024-05-08T14:21:12","date_gmt":"2024-05-08T14:21:12","guid":{"rendered":"https:\/\/promociondeeventos.sld.cu\/leptospirosishabana2024\/?page_id=65"},"modified":"2024-05-08T14:27:51","modified_gmt":"2024-05-08T14:27:51","slug":"pago-en-linea","status":"publish","type":"page","link":"https:\/\/promociondeeventos.sld.cu\/leptospirosishabana2024\/pago-en-linea\/","title":{"rendered":"Pago en L\u00ednea"},"content":{"rendered":"<p><img decoding=\"async\" class=\"alignnone\" src=\"http:\/\/promociondeeventos.sld.cu\/leptospirosishabana2024\/files\/2024\/05\/SMC.png\" \/><\/p>\n<p>INFORMACI\u00d3N PARA EL CLIENTE. PAGO ON LINE.<\/p>\n<p>PLATAFORMA NOVATERR.<\/p>\n<p>La pasarela de pago es una forma r\u00e1pida y c\u00f3moda de realizar pagos desde su hogar y puede hacerlo cualquier propietario de tarjeta de d\u00e9bito o cr\u00e9dito Para todo tipo de tarjeta se cobra un % de comisi\u00f3n que se define y se le informa al cliente antes de ejecutar el pago. No se puede pagar con tarjetas procedentes del Estados Unidos. Esta pasarela es una compra ON LINE de dinero muy segura y tiene como ventaja que usted solo pagar\u00e1 el monto que se le defina por la plataforma y ya autom\u00e1ticamente se le autoriza a comenzar sus estudios presentando en la Sucursal Habana de nuestra empresa su comprobante de pago. El debito siempre se har\u00e1 en CAD (d\u00f3lares canadienses) pero la propia plataforma se hace el cambio y le ofrece el valor en USD y el valor equivalente en CAD.<\/p>\n<p>Para realizar el pago on line es necesario los siguientes datos:<\/p>\n<ul>\n<li>Nombre completo del titular de la tarjeta:<\/li>\n<li>Correo electr\u00f3nico asociado a la tarjeta:<\/li>\n<li>Tel\u00e9fono asociado a la tarjeta:<\/li>\n<li>Pa\u00eds de procedencia:<\/li>\n<li>Ciudad de procedencia:<\/li>\n<li>C\u00f3digo postal de procedencia:<\/li>\n<li>Descripci\u00f3n de qu\u00e9 servicio va usted a pagar, nombre del beneficiario, tipo de estudios que paga, universidad sede:<\/li>\n<\/ul>\n<p>Acepta tarjetas VISA, MASTERCARD.<\/p>\n<p>Se puede solicitar por v\u00eda correo electr\u00f3nico, DIFERIDO, solicit\u00e1ndolo a precios@smcsalud.cu o puede pagar en nuestra sede AL MOMENTO. Los casos diferidos se le env\u00eda a su correo un enlace que usted abrir\u00e1 y desde su casa hace el debito del monto solicitado.<\/p>\n<p>Si desea realizar PAGOS por tarjeta EN EL MOMENTO, debe acudir a nuestra empresa TODO LOS DIAS DESDE LAS 8.30 HORAS A LAS 13.00 HORAS. Dependiendo de la demanda, puede haber limites diarios para los pagos. Para este pago, la persona que lo efectuar\u00e1 debe ser el titular de la cuenta bancaria o traer una constancia v\u00e1lida del titular que autoriza el uso de la misma. Se cobra igualmente la comisi\u00f3n establecida por el monto a debitar. Ante cualquier duda puede contactarnos: Dr. Ernesto Mojena y Dr. Manuel Villar<\/p>\n<p><a href=\"http:\/\/promociondeeventos.sld.cu\/leptospirosishabana2024\/files\/2024\/05\/PAGO-ON-LINE.-NOVATER.pdf\" target=\"_blank\" rel=\"noopener\">Descargar en PDF<\/a><\/p>\n","protected":false},"excerpt":{"rendered":"<p>INFORMACI\u00d3N PARA EL CLIENTE. PAGO ON LINE. PLATAFORMA NOVATERR. La pasarela de pago es una forma r\u00e1pida y c\u00f3moda de realizar pagos desde su hogar y puede hacerlo cualquier propietario de tarjeta de d\u00e9bito o cr\u00e9dito Para todo tipo de tarjeta se cobra un % de comisi\u00f3n que se define y se le informa al [&hellip;]<\/p>\n","protected":false},"author":3257,"featured_media":0,"parent":0,"menu_order":0,"comment_status":"closed","ping_status":"closed","template":"","meta":[],"_links":{"self":[{"href":"https:\/\/promociondeeventos.sld.cu\/leptospirosishabana2024\/wp-json\/wp\/v2\/pages\/65"}],"collection":[{"href":"https:\/\/promociondeeventos.sld.cu\/leptospirosishabana2024\/wp-json\/wp\/v2\/pages"}],"about":[{"href":"https:\/\/promociondeeventos.sld.cu\/leptospirosishabana2024\/wp-json\/wp\/v2\/types\/page"}],"author":[{"embeddable":true,"href":"https:\/\/promociondeeventos.sld.cu\/leptospirosishabana2024\/wp-json\/wp\/v2\/users\/3257"}],"replies":[{"embeddable":true,"href":"https:\/\/promociondeeventos.sld.cu\/leptospirosishabana2024\/wp-json\/wp\/v2\/comments?post=65"}],"version-history":[{"count":6,"href":"https:\/\/promociondeeventos.sld.cu\/leptospirosishabana2024\/wp-json\/wp\/v2\/pages\/65\/revisions"}],"predecessor-version":[{"id":74,"href":"https:\/\/promociondeeventos.sld.cu\/leptospirosishabana2024\/wp-json\/wp\/v2\/pages\/65\/revisions\/74"}],"wp:attachment":[{"href":"https:\/\/promociondeeventos.sld.cu\/leptospirosishabana2024\/wp-json\/wp\/v2\/media?parent=65"}],"curies":[{"name":"wp","href":"https:\/\/api.w.org\/{rel}","templated":true}]}}