{"id":5,"date":"2024-02-02T23:23:00","date_gmt":"2024-02-02T23:23:00","guid":{"rendered":"https:\/\/promociondeeventos.sld.cu\/leptospirosishabana2024\/?page_id=5"},"modified":"2024-02-02T23:23:00","modified_gmt":"2024-02-02T23:23:00","slug":"comite-organizador","status":"publish","type":"page","link":"https:\/\/promociondeeventos.sld.cu\/leptospirosishabana2024\/comite-organizador\/","title":{"rendered":"Comit\u00e9 Organizador"},"content":{"rendered":"<p><strong>Presidente:<\/strong><\/p>\n<p>DrC. Ana Margarita Obreg\u00f3n Fuentes IPK. amobregon@ipk.sld.cu<\/p>\n<p><strong>Miembros:<\/strong><\/p>\n<ul>\n<li>Dra. Odisney Lugo Su\u00e1rez. IPK. odisney@ipk.sld.cu<\/li>\n<li>Dra. Jusayma Gonz\u00e1lez Arrebato. DNE, MINSAP. yusaymacg@infomed.sld.cu<\/li>\n<li>Dra. Mar\u00eda de Lourdes S\u00e1nchez \u00c1lvarez. Lab. Prov. Med. Mol., Villa Clara. mlourdessa@infomed.sld.cu<\/li>\n<li>Jorge Campos. IPK.<\/li>\n<\/ul>\n","protected":false},"excerpt":{"rendered":"<p>Presidente: DrC. Ana Margarita Obreg\u00f3n Fuentes IPK. amobregon@ipk.sld.cu Miembros: Dra. Odisney Lugo Su\u00e1rez. IPK. odisney@ipk.sld.cu Dra. Jusayma Gonz\u00e1lez Arrebato. DNE, MINSAP. yusaymacg@infomed.sld.cu Dra. Mar\u00eda de Lourdes S\u00e1nchez \u00c1lvarez. Lab. Prov. Med. Mol., Villa Clara. mlourdessa@infomed.sld.cu Jorge Campos. IPK.<\/p>\n","protected":false},"author":4,"featured_media":0,"parent":0,"menu_order":0,"comment_status":"closed","ping_status":"closed","template":"","meta":[],"_links":{"self":[{"href":"https:\/\/promociondeeventos.sld.cu\/leptospirosishabana2024\/wp-json\/wp\/v2\/pages\/5"}],"collection":[{"href":"https:\/\/promociondeeventos.sld.cu\/leptospirosishabana2024\/wp-json\/wp\/v2\/pages"}],"about":[{"href":"https:\/\/promociondeeventos.sld.cu\/leptospirosishabana2024\/wp-json\/wp\/v2\/types\/page"}],"author":[{"embeddable":true,"href":"https:\/\/promociondeeventos.sld.cu\/leptospirosishabana2024\/wp-json\/wp\/v2\/users\/4"}],"replies":[{"embeddable":true,"href":"https:\/\/promociondeeventos.sld.cu\/leptospirosishabana2024\/wp-json\/wp\/v2\/comments?post=5"}],"version-history":[{"count":1,"href":"https:\/\/promociondeeventos.sld.cu\/leptospirosishabana2024\/wp-json\/wp\/v2\/pages\/5\/revisions"}],"predecessor-version":[{"id":6,"href":"https:\/\/promociondeeventos.sld.cu\/leptospirosishabana2024\/wp-json\/wp\/v2\/pages\/5\/revisions\/6"}],"wp:attachment":[{"href":"https:\/\/promociondeeventos.sld.cu\/leptospirosishabana2024\/wp-json\/wp\/v2\/media?parent=5"}],"curies":[{"name":"wp","href":"https:\/\/api.w.org\/{rel}","templated":true}]}}