{"id":22,"date":"2024-02-03T00:02:44","date_gmt":"2024-02-03T00:02:44","guid":{"rendered":"https:\/\/promociondeeventos.sld.cu\/leptospirosishabana2024\/?page_id=22"},"modified":"2024-02-03T00:03:32","modified_gmt":"2024-02-03T00:03:32","slug":"contactos","status":"publish","type":"page","link":"https:\/\/promociondeeventos.sld.cu\/leptospirosishabana2024\/contactos\/","title":{"rendered":"Contactos"},"content":{"rendered":"<p>Para m\u00e1s informaci\u00f3n por favor contacte con:<\/p>\n<p>Ana Margarita Obreg\u00f3n Fuentes BS,MSc, PhD. Profesor Titular.<\/p>\n<p>National Reference Laboratory on Leptospirosis &amp; Brucellosis.<\/p>\n<p>IPK. PO.Box: 601. Marianao 13. Havana. Cuba.<\/p>\n<p>Fax: 53 7 246051. Phone: 53 7 255 3530.<\/p>\n<p>Email: <a href=\"mailto:amobregon@ipk.sld.cu\">amobregon@ipk.sld.cu<\/a><\/p>\n","protected":false},"excerpt":{"rendered":"<p>Para m\u00e1s informaci\u00f3n por favor contacte con: Ana Margarita Obreg\u00f3n Fuentes BS,MSc, PhD. Profesor Titular. National Reference Laboratory on Leptospirosis &amp; Brucellosis. IPK. PO.Box: 601. Marianao 13. Havana. Cuba. Fax: 53 7 246051. Phone: 53 7 255 3530. Email: amobregon@ipk.sld.cu<\/p>\n","protected":false},"author":4,"featured_media":0,"parent":0,"menu_order":0,"comment_status":"closed","ping_status":"closed","template":"","meta":[],"_links":{"self":[{"href":"https:\/\/promociondeeventos.sld.cu\/leptospirosishabana2024\/wp-json\/wp\/v2\/pages\/22"}],"collection":[{"href":"https:\/\/promociondeeventos.sld.cu\/leptospirosishabana2024\/wp-json\/wp\/v2\/pages"}],"about":[{"href":"https:\/\/promociondeeventos.sld.cu\/leptospirosishabana2024\/wp-json\/wp\/v2\/types\/page"}],"author":[{"embeddable":true,"href":"https:\/\/promociondeeventos.sld.cu\/leptospirosishabana2024\/wp-json\/wp\/v2\/users\/4"}],"replies":[{"embeddable":true,"href":"https:\/\/promociondeeventos.sld.cu\/leptospirosishabana2024\/wp-json\/wp\/v2\/comments?post=22"}],"version-history":[{"count":1,"href":"https:\/\/promociondeeventos.sld.cu\/leptospirosishabana2024\/wp-json\/wp\/v2\/pages\/22\/revisions"}],"predecessor-version":[{"id":23,"href":"https:\/\/promociondeeventos.sld.cu\/leptospirosishabana2024\/wp-json\/wp\/v2\/pages\/22\/revisions\/23"}],"wp:attachment":[{"href":"https:\/\/promociondeeventos.sld.cu\/leptospirosishabana2024\/wp-json\/wp\/v2\/media?parent=22"}],"curies":[{"name":"wp","href":"https:\/\/api.w.org\/{rel}","templated":true}]}}