{"id":9,"date":"2022-02-18T19:36:06","date_gmt":"2022-02-18T19:36:06","guid":{"rendered":"http:\/\/promociondeeventos.sld.cu\/leptospirosishabana2022en\/?page_id=9"},"modified":"2022-02-21T16:27:39","modified_gmt":"2022-02-21T16:27:39","slug":"scientific-committee","status":"publish","type":"page","link":"https:\/\/promociondeeventos.sld.cu\/leptospirosishabana2022en\/scientific-committee\/","title":{"rendered":"Scientific Committee"},"content":{"rendered":"<p><a href=\"http:\/\/promociondeeventos.sld.cu\/leptospirosishabana2022\">Spanish\/Espa\u00f1ol<\/a><\/p>\n<p><strong>President:<\/strong><\/p>\n<p>Ana Margarita Obreg\u00f3n Fuentes, PhD, IPK. <a href=\"mailto:amobregon@ipk.sld.cu\" target=\"_blank\">amobregon@ipk.sld.cu<\/a><\/p>\n<p><strong>Members:<\/strong><\/p>\n<p>Eduardo Echevarr\u00eda P\u00e9rez. MV. MSc. \u00a0Profesor instructor. IPK. <a href=\"mailto:echevarr\u00eda@ipk.sld.cu\">echevarr\u00eda@ipk.sld.cu<\/a><\/p>\n<p>Doris Ginorio Gavito. Dra. MSc.\u00a0 Profesor Auxiliar. IPK. \u00a0<a href=\"mailto:dginorio@ipk.sld.cu\">dginorio@ipk.sld.cu<\/a><\/p>\n<p>Rosario E. Velar Mart\u00ednez. Dra. MSc. Profesor Instructor. \u00a0IPK. <a href=\"mailto:velar@ipk.sld.cu\">velar@ipk.sld.cu<\/a><\/p>\n<p>&nbsp;<\/p>\n","protected":false},"excerpt":{"rendered":"<p>Spanish\/Espa\u00f1ol President: Ana Margarita Obreg\u00f3n Fuentes, PhD, IPK. amobregon@ipk.sld.cu Members: Eduardo Echevarr\u00eda P\u00e9rez. MV. MSc. \u00a0Profesor instructor. IPK. echevarr\u00eda@ipk.sld.cu Doris Ginorio Gavito. Dra. MSc.\u00a0 Profesor Auxiliar. IPK. \u00a0dginorio@ipk.sld.cu Rosario E. Velar Mart\u00ednez. Dra. MSc. Profesor Instructor. \u00a0IPK. velar@ipk.sld.cu &nbsp;<\/p>\n","protected":false},"author":3262,"featured_media":0,"parent":0,"menu_order":0,"comment_status":"closed","ping_status":"open","template":"","meta":[],"_links":{"self":[{"href":"https:\/\/promociondeeventos.sld.cu\/leptospirosishabana2022en\/wp-json\/wp\/v2\/pages\/9"}],"collection":[{"href":"https:\/\/promociondeeventos.sld.cu\/leptospirosishabana2022en\/wp-json\/wp\/v2\/pages"}],"about":[{"href":"https:\/\/promociondeeventos.sld.cu\/leptospirosishabana2022en\/wp-json\/wp\/v2\/types\/page"}],"author":[{"embeddable":true,"href":"https:\/\/promociondeeventos.sld.cu\/leptospirosishabana2022en\/wp-json\/wp\/v2\/users\/3262"}],"replies":[{"embeddable":true,"href":"https:\/\/promociondeeventos.sld.cu\/leptospirosishabana2022en\/wp-json\/wp\/v2\/comments?post=9"}],"version-history":[{"count":7,"href":"https:\/\/promociondeeventos.sld.cu\/leptospirosishabana2022en\/wp-json\/wp\/v2\/pages\/9\/revisions"}],"predecessor-version":[{"id":60,"href":"https:\/\/promociondeeventos.sld.cu\/leptospirosishabana2022en\/wp-json\/wp\/v2\/pages\/9\/revisions\/60"}],"wp:attachment":[{"href":"https:\/\/promociondeeventos.sld.cu\/leptospirosishabana2022en\/wp-json\/wp\/v2\/media?parent=9"}],"curies":[{"name":"wp","href":"https:\/\/api.w.org\/{rel}","templated":true}]}}