{"id":11,"date":"2022-02-18T19:36:34","date_gmt":"2022-02-18T19:36:34","guid":{"rendered":"http:\/\/promociondeeventos.sld.cu\/leptospirosishabana2022en\/?page_id=11"},"modified":"2022-02-23T13:27:54","modified_gmt":"2022-02-23T13:27:54","slug":"organizing-committee","status":"publish","type":"page","link":"https:\/\/promociondeeventos.sld.cu\/leptospirosishabana2022en\/organizing-committee\/","title":{"rendered":"Organizing Committee"},"content":{"rendered":"<p><a href=\"https:\/\/promociondeeventos.sld.cu\/leptospirosishabana2022\/comite-organizador\/\">Spanish\/Espa\u00f1ol<\/a><\/p>\n<p>Organizing Committee<\/p>\n<p>Chairwomen:<\/p>\n<p>Ana Margarita Obreg\u00f3n Fuentes.\u00a0 BS,MSc, PhD.\u00a0 Profesor Titular. \u00a0IPK. <a href=\"mailto:amobregon@ipk.sld.cu\">amobregon@ipk.sld.cu<\/a><\/p>\n<p>Members:<\/p>\n<p>Odisney Lugo Su\u00e1rez. Dra. \u00a0MSc. Profesor Intructor. IPK. <a href=\"mailto:odisney@ipk.sld.cu\">odisney@ipk.sld.cu<\/a><\/p>\n<p>Jusayma Gonz\u00e1lez Arrebato. Dra. MSc. DNE, MINSAP. <a href=\"mailto:yusaymacg@infomed.sld.cu\">yusaymacg@infomed.sld.cu<\/a><\/p>\n<p>Marta Castro. Dra. MsC. PhD.\u00a0 Investigador Titular. Jefa Depto Docente. IPK. <a href=\"mailto:martac@ipk.sld.cu\">martac@ipk.sld.cu<\/a><\/p>\n<p>Lilia Maria Ortega. Dra. PhD. Profesor Auxiliar. Jefe\u00a0 Servicio de Terapia Centro Hospitalario. IPK. <a href=\"mailto:ortegaly@ipk.sld.cu\">ortegaly@ipk.sld.cu<\/a><\/p>\n<p>Otto Pelaez Sanch\u00e9z. Dr. PhD. Profesor Auxiliar. Depto Epidemiolog\u00eda. CIDR. <a href=\"mailto:otto.pelaez@ipk.sld.cu\">otto.pelaez@ipk.sld.cu<\/a><\/p>\n<p>Jorge R Campos D\u00edaz. T\u00e9c. Ciencias Inform\u00e1ticas. IPK.\u00a0 <a href=\"mailto:jcampos@ipk.sld.cu\">jcampos@ipk.sld.cu<\/a><\/p>\n","protected":false},"excerpt":{"rendered":"<p>Spanish\/Espa\u00f1ol Organizing Committee Chairwomen: Ana Margarita Obreg\u00f3n Fuentes.\u00a0 BS,MSc, PhD.\u00a0 Profesor Titular. \u00a0IPK. amobregon@ipk.sld.cu Members: Odisney Lugo Su\u00e1rez. Dra. \u00a0MSc. Profesor Intructor. IPK. odisney@ipk.sld.cu Jusayma Gonz\u00e1lez Arrebato. Dra. MSc. DNE, MINSAP. yusaymacg@infomed.sld.cu Marta Castro. Dra. MsC. PhD.\u00a0 Investigador Titular. Jefa Depto Docente. IPK. martac@ipk.sld.cu Lilia Maria Ortega. Dra. PhD. Profesor Auxiliar. Jefe\u00a0 Servicio de Terapia [&hellip;]<\/p>\n","protected":false},"author":3262,"featured_media":0,"parent":0,"menu_order":0,"comment_status":"closed","ping_status":"open","template":"","meta":[],"_links":{"self":[{"href":"https:\/\/promociondeeventos.sld.cu\/leptospirosishabana2022en\/wp-json\/wp\/v2\/pages\/11"}],"collection":[{"href":"https:\/\/promociondeeventos.sld.cu\/leptospirosishabana2022en\/wp-json\/wp\/v2\/pages"}],"about":[{"href":"https:\/\/promociondeeventos.sld.cu\/leptospirosishabana2022en\/wp-json\/wp\/v2\/types\/page"}],"author":[{"embeddable":true,"href":"https:\/\/promociondeeventos.sld.cu\/leptospirosishabana2022en\/wp-json\/wp\/v2\/users\/3262"}],"replies":[{"embeddable":true,"href":"https:\/\/promociondeeventos.sld.cu\/leptospirosishabana2022en\/wp-json\/wp\/v2\/comments?post=11"}],"version-history":[{"count":7,"href":"https:\/\/promociondeeventos.sld.cu\/leptospirosishabana2022en\/wp-json\/wp\/v2\/pages\/11\/revisions"}],"predecessor-version":[{"id":65,"href":"https:\/\/promociondeeventos.sld.cu\/leptospirosishabana2022en\/wp-json\/wp\/v2\/pages\/11\/revisions\/65"}],"wp:attachment":[{"href":"https:\/\/promociondeeventos.sld.cu\/leptospirosishabana2022en\/wp-json\/wp\/v2\/media?parent=11"}],"curies":[{"name":"wp","href":"https:\/\/api.w.org\/{rel}","templated":true}]}}