{"id":75,"date":"2022-02-23T14:06:49","date_gmt":"2022-02-23T14:06:49","guid":{"rendered":"http:\/\/promociondeeventos.sld.cu\/leptospirosishabana2022\/?page_id=75"},"modified":"2022-02-23T14:34:16","modified_gmt":"2022-02-23T14:34:16","slug":"informacion-de-interes","status":"publish","type":"page","link":"https:\/\/promociondeeventos.sld.cu\/leptospirosishabana2022\/informacion-de-interes\/","title":{"rendered":"Informaci\u00f3n de inter\u00e9s"},"content":{"rendered":"<p><a href=\"https:\/\/promociondeeventos.sld.cu\/leptospirosishabana2022en\/information-of-interest\/\">English\/Ingl\u00e9s<\/a><\/p>\n<p>Mayor informaci\u00f3n del curso internacional estar\u00e1 disponible en el sitio web del evento <a href=\"https:\/\/promociondeeventos.sld.cu\/leptospirosishabana2022\/\">https:\/\/promociondeeventos.sld.cu\/leptospirosishabana2022\/<\/a><\/p>\n<p>Idiomas oficiales: los idiomas oficiales ser\u00e1n el Espa\u00f1ol e Ingl\u00e9s<\/p>\n<p>Registro: las personas interesadas pueden aplicar completando los datos que aparecen debajo, antes del 15 de mayo, 2022<\/p>\n<p>Registro, env\u00ede sus datos a:<\/p>\n<p><a href=\"mailto:amobregon@ipk.sld.cu\">amobregon@ipk.sld.cu<\/a><\/p>\n<p><a href=\"mailto:Odisney@ipk.sld.cu\">odisney@ipk.sld.cu<\/a><\/p>\n<table>\n<tbody>\n<tr>\n<td width=\"638\">Apellido \/ Last Name:Nombres \/ First Name:Instituci\u00f3n \/Mailing Address:<\/p>\n<p>Ciudad \/ City:<\/p>\n<p>C\u00f3digo postal \/ Postal Code:<\/p>\n<p>Pa\u00eds \/ Country:<\/p>\n<p>Tel\u00e9fono \/ Phone:<\/p>\n<p>E-mail:<\/td>\n<\/tr>\n<\/tbody>\n<\/table>\n<p>&nbsp;<\/p>\n","protected":false},"excerpt":{"rendered":"<p>English\/Ingl\u00e9s Mayor informaci\u00f3n del curso internacional estar\u00e1 disponible en el sitio web del evento https:\/\/promociondeeventos.sld.cu\/leptospirosishabana2022\/ Idiomas oficiales: los idiomas oficiales ser\u00e1n el Espa\u00f1ol e Ingl\u00e9s Registro: las personas interesadas pueden aplicar completando los datos que aparecen debajo, antes del 15 de mayo, 2022 Registro, env\u00ede sus datos a: amobregon@ipk.sld.cu odisney@ipk.sld.cu Apellido \/ Last Name:Nombres \/ [&hellip;]<\/p>\n","protected":false},"author":3257,"featured_media":0,"parent":0,"menu_order":0,"comment_status":"closed","ping_status":"open","template":"","meta":[],"_links":{"self":[{"href":"https:\/\/promociondeeventos.sld.cu\/leptospirosishabana2022\/wp-json\/wp\/v2\/pages\/75"}],"collection":[{"href":"https:\/\/promociondeeventos.sld.cu\/leptospirosishabana2022\/wp-json\/wp\/v2\/pages"}],"about":[{"href":"https:\/\/promociondeeventos.sld.cu\/leptospirosishabana2022\/wp-json\/wp\/v2\/types\/page"}],"author":[{"embeddable":true,"href":"https:\/\/promociondeeventos.sld.cu\/leptospirosishabana2022\/wp-json\/wp\/v2\/users\/3257"}],"replies":[{"embeddable":true,"href":"https:\/\/promociondeeventos.sld.cu\/leptospirosishabana2022\/wp-json\/wp\/v2\/comments?post=75"}],"version-history":[{"count":9,"href":"https:\/\/promociondeeventos.sld.cu\/leptospirosishabana2022\/wp-json\/wp\/v2\/pages\/75\/revisions"}],"predecessor-version":[{"id":85,"href":"https:\/\/promociondeeventos.sld.cu\/leptospirosishabana2022\/wp-json\/wp\/v2\/pages\/75\/revisions\/85"}],"wp:attachment":[{"href":"https:\/\/promociondeeventos.sld.cu\/leptospirosishabana2022\/wp-json\/wp\/v2\/media?parent=75"}],"curies":[{"name":"wp","href":"https:\/\/api.w.org\/{rel}","templated":true}]}}