{"id":8,"date":"2026-02-28T19:39:21","date_gmt":"2026-02-28T19:39:21","guid":{"rendered":"https:\/\/promociondeeventos.sld.cu\/leptospirosis2026\/?page_id=8"},"modified":"2026-04-01T12:47:28","modified_gmt":"2026-04-01T12:47:28","slug":"comite-cientifico","status":"publish","type":"page","link":"https:\/\/promociondeeventos.sld.cu\/leptospirosis2026\/comite-cientifico\/","title":{"rendered":"Comit\u00e9 Cient\u00edfico"},"content":{"rendered":"<p><strong>Presidente:<\/strong><\/p>\n<p>DrC. Ana Margarita Obreg\u00f3n Fuentes IPK. <a href=\"mailto:amobregon@ipk.sld.cu\" target=\"_blank\" rel=\"noopener\">amobregon@ipk.sld.cu<\/a><\/p>\n<p><strong>Miembros:<\/strong><\/p>\n<ul>\n<li>Dr. Eduardo Echevarr\u00eda P\u00e9rez. IPK. echevarr\u00eda@ipk.sld.cu<\/li>\n<li>Dra. Doris Ginorio. IPK. <a href=\"mailto:dginorio@ipk.sld.cu\" target=\"_blank\" rel=\"noopener\">dginorio@ipk.sld.cu<\/a><\/li>\n<li>Dra. Rosario E. Velar Mart\u00ednez. IPK. <a href=\"mailto:velar@ipk.sld.cu\" target=\"_blank\" rel=\"noopener\">velar@ipk.sld.cu<\/a><\/li>\n<li>Dr. C. Luis Jerez Puebla IPK. <a href=\"mailto:ljerezp@ipk.sld.cu\" target=\"_blank\" rel=\"noopener\">ljerezp@ipk.sld.cu<\/a><\/li>\n<\/ul>\n","protected":false},"excerpt":{"rendered":"<p>Presidente: DrC. Ana Margarita Obreg\u00f3n Fuentes IPK. amobregon@ipk.sld.cu Miembros: Dr. Eduardo Echevarr\u00eda P\u00e9rez. IPK. echevarr\u00eda@ipk.sld.cu Dra. Doris Ginorio. IPK. dginorio@ipk.sld.cu Dra. Rosario E. Velar Mart\u00ednez. IPK. velar@ipk.sld.cu Dr. C. Luis Jerez Puebla IPK. ljerezp@ipk.sld.cu<\/p>\n","protected":false},"author":4,"featured_media":0,"parent":0,"menu_order":0,"comment_status":"closed","ping_status":"closed","template":"","meta":[],"_links":{"self":[{"href":"https:\/\/promociondeeventos.sld.cu\/leptospirosis2026\/wp-json\/wp\/v2\/pages\/8"}],"collection":[{"href":"https:\/\/promociondeeventos.sld.cu\/leptospirosis2026\/wp-json\/wp\/v2\/pages"}],"about":[{"href":"https:\/\/promociondeeventos.sld.cu\/leptospirosis2026\/wp-json\/wp\/v2\/types\/page"}],"author":[{"embeddable":true,"href":"https:\/\/promociondeeventos.sld.cu\/leptospirosis2026\/wp-json\/wp\/v2\/users\/4"}],"replies":[{"embeddable":true,"href":"https:\/\/promociondeeventos.sld.cu\/leptospirosis2026\/wp-json\/wp\/v2\/comments?post=8"}],"version-history":[{"count":3,"href":"https:\/\/promociondeeventos.sld.cu\/leptospirosis2026\/wp-json\/wp\/v2\/pages\/8\/revisions"}],"predecessor-version":[{"id":49,"href":"https:\/\/promociondeeventos.sld.cu\/leptospirosis2026\/wp-json\/wp\/v2\/pages\/8\/revisions\/49"}],"wp:attachment":[{"href":"https:\/\/promociondeeventos.sld.cu\/leptospirosis2026\/wp-json\/wp\/v2\/media?parent=8"}],"curies":[{"name":"wp","href":"https:\/\/api.w.org\/{rel}","templated":true}]}}