{"id":2,"date":"2026-02-28T05:10:11","date_gmt":"2026-02-28T05:10:11","guid":{"rendered":"https:\/\/promociondeeventos.sld.cu\/leptospirosis2026\/?page_id=2"},"modified":"2026-02-28T19:36:19","modified_gmt":"2026-02-28T19:36:19","slug":"pagina-ejemplo","status":"publish","type":"page","link":"https:\/\/promociondeeventos.sld.cu\/leptospirosis2026\/","title":{"rendered":"Convocatoria"},"content":{"rendered":"<p>Las zoonosis son un grupo complejo de enfermedades causadas por una diversidad de microorganismos pat\u00f3genos con variados ciclos biol\u00f3gicos y modos de diseminaci\u00f3n que com\u00fanmente residen y causan infecciones en animales incluyendo los humanos.<\/p>\n<p>Estas entidades cl\u00ednicas son responsables de que cada a\u00f1o enfermen alrededor de 2 500 millones de individuos en todo el mundo y que de estos fallezcan 2,7 millones. Los agentes infecciosos que las causan incluyen bacterias, virus, par\u00e1sitos y hongos. La leptospirosis, enfermedad sist\u00e9mica, febril y aguda, se considera un problema de salud mundial por su potencial epid\u00e9mico, principalmente despu\u00e9s de cat\u00e1strofes naturales.<\/p>\n<p>El Instituto de Medicina Tropical \u201cPedro Kour\u00ed\u201d (IPK) y la Sociedad Cubana de Microbiolog\u00eda y Parasitolog\u00eda le invitan a participar en la \u201c13 edici\u00f3n del Curso Internacional \u201cLeptospirosis Habana 2026 y otras zoonosis de importancia en salud p\u00fablica\u201d.<\/p>\n<p>El objetivo es debatir en sesiones te\u00f3ricas, conferencias y exposiciones los aspectos m\u00e1s relevantes de estas entidades nosol\u00f3gicas para contribuir a la alerta temprana, la prevenci\u00f3n y el control\u00a0 de las zoonosis en nuestras regiones geogr\u00e1ficas.\u00a0 El evento se desarrollar\u00e1 de forma virtual del 26 al 28 de mayo de 2026.<\/p>\n","protected":false},"excerpt":{"rendered":"<p>Las zoonosis son un grupo complejo de enfermedades causadas por una diversidad de microorganismos pat\u00f3genos con variados ciclos biol\u00f3gicos y modos de diseminaci\u00f3n que com\u00fanmente residen y causan infecciones en animales incluyendo los humanos. Estas entidades cl\u00ednicas son responsables de que cada a\u00f1o enfermen alrededor de 2 500 millones de individuos en todo el mundo [&hellip;]<\/p>\n","protected":false},"author":3257,"featured_media":0,"parent":0,"menu_order":0,"comment_status":"closed","ping_status":"open","template":"","meta":[],"_links":{"self":[{"href":"https:\/\/promociondeeventos.sld.cu\/leptospirosis2026\/wp-json\/wp\/v2\/pages\/2"}],"collection":[{"href":"https:\/\/promociondeeventos.sld.cu\/leptospirosis2026\/wp-json\/wp\/v2\/pages"}],"about":[{"href":"https:\/\/promociondeeventos.sld.cu\/leptospirosis2026\/wp-json\/wp\/v2\/types\/page"}],"author":[{"embeddable":true,"href":"https:\/\/promociondeeventos.sld.cu\/leptospirosis2026\/wp-json\/wp\/v2\/users\/3257"}],"replies":[{"embeddable":true,"href":"https:\/\/promociondeeventos.sld.cu\/leptospirosis2026\/wp-json\/wp\/v2\/comments?post=2"}],"version-history":[{"count":1,"href":"https:\/\/promociondeeventos.sld.cu\/leptospirosis2026\/wp-json\/wp\/v2\/pages\/2\/revisions"}],"predecessor-version":[{"id":7,"href":"https:\/\/promociondeeventos.sld.cu\/leptospirosis2026\/wp-json\/wp\/v2\/pages\/2\/revisions\/7"}],"wp:attachment":[{"href":"https:\/\/promociondeeventos.sld.cu\/leptospirosis2026\/wp-json\/wp\/v2\/media?parent=2"}],"curies":[{"name":"wp","href":"https:\/\/api.w.org\/{rel}","templated":true}]}}