{"id":17,"date":"2026-02-28T20:59:27","date_gmt":"2026-02-28T20:59:27","guid":{"rendered":"https:\/\/promociondeeventos.sld.cu\/leptospirosis2026\/?page_id=17"},"modified":"2026-02-28T20:59:40","modified_gmt":"2026-02-28T20:59:40","slug":"normas-de-presentacion-de-los-trabajos","status":"publish","type":"page","link":"https:\/\/promociondeeventos.sld.cu\/leptospirosis2026\/normas-de-presentacion-de-los-trabajos\/","title":{"rendered":"Normas de presentaci\u00f3n de los trabajos"},"content":{"rendered":"<p><strong>Fecha de inicio y fin de recepci\u00f3n de trabajos:<\/strong><\/p>\n<p>Inicio: <strong>26\/5\/2024<\/strong><\/p>\n<p>Fin: <strong>28\/5\/2024<\/strong><\/p>\n<p><strong>\u00a0<\/strong><\/p>\n<p>Texto del resumen estructurado en: T\u00edtulo, Autor\/es, Palabras Clave, Introducci\u00f3n, Objetivos, Material y M\u00e9todo, Resultados, Discusi\u00f3n o Conclusiones y Bibliograf\u00eda<\/p>\n<ul>\n<li>T\u00edtulo (no m\u00e1s de 15 palabras)<\/li>\n<li>Autor\/es,(M\u00e1ximo 10 autores por resumen y se deben aportar los siguientes datos: nombre completo, email, y afiliaci\u00f3n para poder hacer el env\u00edo de los certificados correspondientes)<\/li>\n<li>Palabras claves (no m\u00e1s de cinco)<\/li>\n<li>El resumen (sin incluir t\u00edtulos, autores y afiliaci\u00f3n) no puede superar las 400 palabras.<\/li>\n<li>En el caso de querer adjuntar una tabla o gr\u00e1fico, no podr\u00e1 superar las 300 palabras.<\/li>\n<li>El autor que presente la suscripci\u00f3n (en caso de ser aceptada) deber\u00e1 estar inscrito en el curso.<\/li>\n<\/ul>\n<p><strong>Caracter\u00edsticas de los p\u00f3steres:<\/strong><\/p>\n<ul>\n<li>Los p\u00f3steres deben ser trabajos de una sola p\u00e1gina, estructurados de forma sint\u00e9tica, sencilla y visual.<\/li>\n<li>En el resumen deben aparecer todos los \u00edtems del resumen enviado anteriormente.<\/li>\n<li>Se recomienda que tengan un 30 % de elementos gr\u00e1ficos e im\u00e1genes y un 70 % de texto.<\/li>\n<li>Los p\u00f3steres se presentar\u00e1n en formato vertical, tama\u00f1o aproximado DINa4 (4:3, en color y con la suficiente visualizaci\u00f3n e informaci\u00f3n del trabajo que se aporta en el resumen.<\/li>\n<li>La presentaci\u00f3n del p\u00f3ster se realizar\u00e1 en formato PDF, y con un tama\u00f1o no mayor de 5 Mb.<\/li>\n<li>Para presentar la bibliograf\u00eda, se puede a\u00f1adir un c\u00f3digo QR, que est\u00e9 enlazado con la bibliograf\u00eda utilizada.<\/li>\n<\/ul>\n","protected":false},"excerpt":{"rendered":"<p>Fecha de inicio y fin de recepci\u00f3n de trabajos: Inicio: 26\/5\/2024 Fin: 28\/5\/2024 \u00a0 Texto del resumen estructurado en: T\u00edtulo, Autor\/es, Palabras Clave, Introducci\u00f3n, Objetivos, Material y M\u00e9todo, Resultados, Discusi\u00f3n o Conclusiones y Bibliograf\u00eda T\u00edtulo (no m\u00e1s de 15 palabras) Autor\/es,(M\u00e1ximo 10 autores por resumen y se deben aportar los siguientes datos: nombre completo, email, [&hellip;]<\/p>\n","protected":false},"author":4,"featured_media":0,"parent":0,"menu_order":0,"comment_status":"closed","ping_status":"closed","template":"","meta":[],"_links":{"self":[{"href":"https:\/\/promociondeeventos.sld.cu\/leptospirosis2026\/wp-json\/wp\/v2\/pages\/17"}],"collection":[{"href":"https:\/\/promociondeeventos.sld.cu\/leptospirosis2026\/wp-json\/wp\/v2\/pages"}],"about":[{"href":"https:\/\/promociondeeventos.sld.cu\/leptospirosis2026\/wp-json\/wp\/v2\/types\/page"}],"author":[{"embeddable":true,"href":"https:\/\/promociondeeventos.sld.cu\/leptospirosis2026\/wp-json\/wp\/v2\/users\/4"}],"replies":[{"embeddable":true,"href":"https:\/\/promociondeeventos.sld.cu\/leptospirosis2026\/wp-json\/wp\/v2\/comments?post=17"}],"version-history":[{"count":2,"href":"https:\/\/promociondeeventos.sld.cu\/leptospirosis2026\/wp-json\/wp\/v2\/pages\/17\/revisions"}],"predecessor-version":[{"id":19,"href":"https:\/\/promociondeeventos.sld.cu\/leptospirosis2026\/wp-json\/wp\/v2\/pages\/17\/revisions\/19"}],"wp:attachment":[{"href":"https:\/\/promociondeeventos.sld.cu\/leptospirosis2026\/wp-json\/wp\/v2\/media?parent=17"}],"curies":[{"name":"wp","href":"https:\/\/api.w.org\/{rel}","templated":true}]}}