{"id":15,"date":"2026-02-28T20:55:33","date_gmt":"2026-02-28T20:55:33","guid":{"rendered":"https:\/\/promociondeeventos.sld.cu\/leptospirosis2026\/?page_id=15"},"modified":"2026-02-28T20:55:33","modified_gmt":"2026-02-28T20:55:33","slug":"tematicas","status":"publish","type":"page","link":"https:\/\/promociondeeventos.sld.cu\/leptospirosis2026\/tematicas\/","title":{"rendered":"Tem\u00e1ticas"},"content":{"rendered":"<ul>\n<li><strong>Aspectos cl\u00ednicos y terap\u00e9uticos de las zoonosis con \u00e9nfasis en leptospirosis.<\/strong><\/li>\n<li><strong>Abordaje del paciente grave y de las complicaciones m\u00e1s frecuentes que producen las enfermedades zoon\u00f3ticas.<\/strong><\/li>\n<li><strong>Presentaciones cl\u00ednicas de las enfermedades zoon\u00f3ticas \u00a0en ni\u00f1os y embarazadas.<\/strong><\/li>\n<li><strong>Epidemiolog\u00eda de las enfermedades zoon\u00f3ticas.<\/strong><\/li>\n<li><strong>Diagn\u00f3stico convencional, serol\u00f3gico, molecular y de avanzada. Resultados m\u00e1s importantes de las enfermedades zoon\u00f3ticas.\n<p><\/strong><\/li>\n<\/ul>\n","protected":false},"excerpt":{"rendered":"<p>Aspectos cl\u00ednicos y terap\u00e9uticos de las zoonosis con \u00e9nfasis en leptospirosis. Abordaje del paciente grave y de las complicaciones m\u00e1s frecuentes que producen las enfermedades zoon\u00f3ticas. Presentaciones cl\u00ednicas de las enfermedades zoon\u00f3ticas \u00a0en ni\u00f1os y embarazadas. Epidemiolog\u00eda de las enfermedades zoon\u00f3ticas. Diagn\u00f3stico convencional, serol\u00f3gico, molecular y de avanzada. Resultados m\u00e1s importantes de las enfermedades zoon\u00f3ticas.<\/p>\n","protected":false},"author":4,"featured_media":0,"parent":0,"menu_order":0,"comment_status":"closed","ping_status":"closed","template":"","meta":[],"_links":{"self":[{"href":"https:\/\/promociondeeventos.sld.cu\/leptospirosis2026\/wp-json\/wp\/v2\/pages\/15"}],"collection":[{"href":"https:\/\/promociondeeventos.sld.cu\/leptospirosis2026\/wp-json\/wp\/v2\/pages"}],"about":[{"href":"https:\/\/promociondeeventos.sld.cu\/leptospirosis2026\/wp-json\/wp\/v2\/types\/page"}],"author":[{"embeddable":true,"href":"https:\/\/promociondeeventos.sld.cu\/leptospirosis2026\/wp-json\/wp\/v2\/users\/4"}],"replies":[{"embeddable":true,"href":"https:\/\/promociondeeventos.sld.cu\/leptospirosis2026\/wp-json\/wp\/v2\/comments?post=15"}],"version-history":[{"count":1,"href":"https:\/\/promociondeeventos.sld.cu\/leptospirosis2026\/wp-json\/wp\/v2\/pages\/15\/revisions"}],"predecessor-version":[{"id":16,"href":"https:\/\/promociondeeventos.sld.cu\/leptospirosis2026\/wp-json\/wp\/v2\/pages\/15\/revisions\/16"}],"wp:attachment":[{"href":"https:\/\/promociondeeventos.sld.cu\/leptospirosis2026\/wp-json\/wp\/v2\/media?parent=15"}],"curies":[{"name":"wp","href":"https:\/\/api.w.org\/{rel}","templated":true}]}}