{"id":11,"date":"2026-02-28T20:49:19","date_gmt":"2026-02-28T20:49:19","guid":{"rendered":"https:\/\/promociondeeventos.sld.cu\/leptospirosis2026\/?page_id=11"},"modified":"2026-04-01T12:42:26","modified_gmt":"2026-04-01T12:42:26","slug":"comite-organizador","status":"publish","type":"page","link":"https:\/\/promociondeeventos.sld.cu\/leptospirosis2026\/comite-organizador\/","title":{"rendered":"Comit\u00e9 Organizador"},"content":{"rendered":"<p><strong>Presidente:<\/strong><\/p>\n<p>DrC. Ana Margarita Obreg\u00f3n Fuentes IPK. <a href=\"mailto:amobregon@ipk.sld.cu\" target=\"_blank\" rel=\"noopener\">amobregon@ipk.sld.cu<\/a><\/p>\n<p><strong>Miembros:<\/strong><\/p>\n<ul>\n<li>Dra. Odisney Lugo Su\u00e1rez. IPK. <a href=\"mailto:odisney@ipk.sld.cu\" target=\"_blank\" rel=\"noopener\">odisney@ipk.sld.cu<\/a><\/li>\n<li>Dra. Jusayma Gonz\u00e1lez Arrebato. DNE, MINSAP. <a href=\"mailto:yusaymacg@infomed.sld.cu\" target=\"_blank\" rel=\"noopener\">yusaymacg@infomed.sld.cu<\/a><\/li>\n<li>Dra. Mar\u00eda de Lourdes S\u00e1nchez \u00c1lvarez. Lab. Prov. Med. Mol., Villa Clara. <a href=\"mailto:mlourdessa@infomed.sld.cu\" target=\"_blank\" rel=\"noopener\">mlourdessa@infomed.sld.cu<\/a><\/li>\n<li>Jorge Campos. IPK. <a href=\"mailto:jcampos@ipk.sld.cu\" target=\"_blank\" rel=\"noopener\">jcampos@ipk.sld.cu<\/a><\/li>\n<\/ul>\n","protected":false},"excerpt":{"rendered":"<p>Presidente: DrC. Ana Margarita Obreg\u00f3n Fuentes IPK. amobregon@ipk.sld.cu Miembros: Dra. Odisney Lugo Su\u00e1rez. IPK. odisney@ipk.sld.cu Dra. Jusayma Gonz\u00e1lez Arrebato. DNE, MINSAP. yusaymacg@infomed.sld.cu Dra. Mar\u00eda de Lourdes S\u00e1nchez \u00c1lvarez. Lab. Prov. Med. Mol., Villa Clara. mlourdessa@infomed.sld.cu Jorge Campos. IPK. jcampos@ipk.sld.cu<\/p>\n","protected":false},"author":4,"featured_media":0,"parent":0,"menu_order":0,"comment_status":"closed","ping_status":"closed","template":"","meta":[],"_links":{"self":[{"href":"https:\/\/promociondeeventos.sld.cu\/leptospirosis2026\/wp-json\/wp\/v2\/pages\/11"}],"collection":[{"href":"https:\/\/promociondeeventos.sld.cu\/leptospirosis2026\/wp-json\/wp\/v2\/pages"}],"about":[{"href":"https:\/\/promociondeeventos.sld.cu\/leptospirosis2026\/wp-json\/wp\/v2\/types\/page"}],"author":[{"embeddable":true,"href":"https:\/\/promociondeeventos.sld.cu\/leptospirosis2026\/wp-json\/wp\/v2\/users\/4"}],"replies":[{"embeddable":true,"href":"https:\/\/promociondeeventos.sld.cu\/leptospirosis2026\/wp-json\/wp\/v2\/comments?post=11"}],"version-history":[{"count":3,"href":"https:\/\/promociondeeventos.sld.cu\/leptospirosis2026\/wp-json\/wp\/v2\/pages\/11\/revisions"}],"predecessor-version":[{"id":45,"href":"https:\/\/promociondeeventos.sld.cu\/leptospirosis2026\/wp-json\/wp\/v2\/pages\/11\/revisions\/45"}],"wp:attachment":[{"href":"https:\/\/promociondeeventos.sld.cu\/leptospirosis2026\/wp-json\/wp\/v2\/media?parent=11"}],"curies":[{"name":"wp","href":"https:\/\/api.w.org\/{rel}","templated":true}]}}