{"id":49,"date":"2024-07-15T22:37:57","date_gmt":"2024-07-15T22:37:57","guid":{"rendered":"https:\/\/promociondeeventos.sld.cu\/jnent-hha2024\/?page_id=49"},"modified":"2024-07-15T23:30:41","modified_gmt":"2024-07-15T23:30:41","slug":"conferencistas-invitados","status":"publish","type":"page","link":"https:\/\/promociondeeventos.sld.cu\/jnent-hha2024\/conferencistas-invitados\/","title":{"rendered":"Conferencistas invitados"},"content":{"rendered":"<table class=\" aligncenter\" style=\"height: 2181px; width: 95.5145%; border-collapse: collapse;\" cellpadding=\"0\">\n<tbody>\n<tr style=\"height: 10px;\">\n<td style=\"width: 111.536%; height: 70px; text-align: center;\" colspan=\"2\">\n<h2>Nacionales<\/h2>\n<\/td>\n<\/tr>\n<tr style=\"height: 101px;\">\n<td style=\"width: 53.8607%; height: 101px;\"><strong>DrC. Eduardo Rivas Estany<\/strong><\/p>\n<ul>\n<li>Doctor en Ciencias M\u00e9dicas<\/li>\n<li>Especialista II Grado en Cardiolog\u00eda<\/li>\n<li>Profesor titular y Consultante<\/li>\n<li>Investigador titular<\/li>\n<li>Instituto de Cardiolog\u00eda y Cirug\u00eda cardiovascular<\/li>\n<\/ul>\n<\/td>\n<td style=\"width: 57.6753%; text-align: left; vertical-align: top; height: 101px;\"><strong>Dra. MSc., Malicela Barcelo Acosta<\/strong><\/p>\n<ul>\n<li>Especialista II Grado en Endocrinolog\u00eda. Master en Nutrici\u00f3n en salud p\u00fablica<\/li>\n<li>Profesora auxiliar<\/li>\n<li>Hospital \u201cHermanos Ameijeiras<\/li>\n<\/ul>\n<\/td>\n<\/tr>\n<tr style=\"height: 138px;\">\n<td style=\"width: 53.8607%; height: 138px;\"><strong>Dr. Juan A. Prohias Mart\u00ednez <\/strong><\/p>\n<ul>\n<li style=\"list-style-type: none;\">\n<ul>\n<li>Especialista II Grado en Cardiolog\u00eda<\/li>\n<li>Profesor auxiliar<\/li>\n<li>Instituci\u00f3n: Hospital Hermanos Ameijeiras<\/li>\n<\/ul>\n<\/li>\n<\/ul>\n<\/td>\n<td style=\"width: 57.6753%; height: 138px;\"><strong>Dra. Nurys B\u00e1rbara Armas Rojas<\/strong><\/p>\n<ul>\n<li>Especialista II Grado en Epidemiolog\u00eda<\/li>\n<li>Profesor e investigador auxiliar<\/li>\n<li>Instituto de Cardiolog\u00eda y Cirug\u00eda cardiovascular<\/li>\n<\/ul>\n<\/td>\n<\/tr>\n<tr style=\"height: 193px;\">\n<td style=\"width: 53.8607%; height: 193px;\"><strong>Dr. Salvador Tamayo Mu\u00f1iz<\/strong><\/p>\n<ul>\n<li style=\"list-style-type: none;\">\n<ul>\n<li>Especialista II Grado en Geriatr\u00eda y Gerontolog\u00eda<\/li>\n<li>Profesor e Investigador auxiliar<\/li>\n<li>Jefe Departamento de enfermedades no trasmisibles. MINSAP<\/li>\n<\/ul>\n<\/li>\n<\/ul>\n<\/td>\n<td style=\"width: 57.6753%; height: 193px;\"><strong>Dra., M.Sc. Isisis Alonso Exp\u00f3sito<\/strong><\/p>\n<ul>\n<li>Categor\u00eda cient\u00edfica: Especialista II Grado en Medicina General Integral y Estad\u00edsticas de salud<\/li>\n<li>Profesora e Investigadora auxiliar<\/li>\n<li>Direcci\u00f3n Nacional de Registros M\u00e9dicos y Estad\u00edsticas de Salud. Ministerio de Salud P\u00fablica<\/li>\n<\/ul>\n<\/td>\n<\/tr>\n<tr style=\"height: 169px;\">\n<td style=\"width: 53.8607%; height: 169px;\"><strong>DraC. Ana Mar\u00eda G\u00e1lvez Gonz\u00e1lez<\/strong><\/p>\n<ul>\n<li style=\"list-style-type: none;\">\n<ul>\n<li>Doctora en Ciencias de la Salud<\/li>\n<li>Especialista en Econom\u00eda de la Salud<\/li>\n<li>Profesora e Investigadora titular<\/li>\n<li>Escuela Nacional de Salud P\u00fablica<\/li>\n<\/ul>\n<\/li>\n<\/ul>\n<\/td>\n<td style=\"width: 57.6753%; height: 169px;\"><strong>DrC. Fidel Emilio Buchaca Faxas<\/strong><\/p>\n<ul>\n<li>Doctor en Ciencias M\u00e9dicas<\/li>\n<li>Especialista II Grado en Medicina Interna<\/li>\n<li>Profesor e Investigador titular<\/li>\n<li>Instituci\u00f3n: Hospital \u201cHermanos Ameijeiras\u201d<\/li>\n<\/ul>\n<\/td>\n<\/tr>\n<tr style=\"height: 193px;\">\n<td style=\"width: 53.8607%; height: 193px;\"><strong>DrC. MSc., Luis Alberto Ochoa Montes <\/strong><\/p>\n<ul>\n<li style=\"list-style-type: none;\">\n<ul>\n<li>Doctor en Ciencias M\u00e9dicas<\/li>\n<li>Especialista II Grado en Medicina interna y Cardiolog\u00eda<\/li>\n<li>Profesor e Investigador titular<\/li>\n<li>Hospital \u201cHermanos Ameijeiras\u201d<\/li>\n<\/ul>\n<\/li>\n<\/ul>\n<\/td>\n<td style=\"width: 57.6753%; height: 193px;\"><strong>Dr. MSc., Sergio Fern\u00e1ndez Garc\u00eda<\/strong><\/p>\n<ul>\n<li>Especialista II Grado en Neumolog\u00eda. Master en enfermedades infecciosas<\/li>\n<li>Profesor e investigador auxiliar<\/li>\n<li>Hospital \u201cHermanos Ameijeiras\u201d<\/li>\n<\/ul>\n<\/td>\n<\/tr>\n<tr style=\"height: 193px;\">\n<td style=\"width: 53.8607%; height: 133px;\"><strong>Dra. MSc., Patricia Varona P\u00e9rez<\/strong><\/p>\n<ul>\n<li>Especialista II Grado en Epidemiolog\u00eda. Master en salud ambiental<\/li>\n<li>Profesora e Investigadora auxiliar<\/li>\n<li>Instituto de Higiene, Epidemiologia y Microbiolog\u00eda<\/li>\n<\/ul>\n<\/td>\n<td style=\"width: 57.6753%; text-align: left; vertical-align: top; height: 133px;\"><strong>Dr. Carlos Moncada Men\u00e9ndez<\/strong><\/p>\n<ul>\n<li>Especialista II Grado en Medicina General Integral<\/li>\n<li>Instituto Nacional de Higiene, Epidemiologia y Microbiolog\u00eda<\/li>\n<li>Profesor asistente<\/li>\n<\/ul>\n<\/td>\n<\/tr>\n<tr style=\"height: 193px;\">\n<td style=\"width: 53.8607%; height: 193px;\"><strong>DrC. Javier Vicente S\u00e1nchez L\u00f3pez <\/strong><\/p>\n<ul>\n<li>Doctor en Ciencias M\u00e9dicas<\/li>\n<li>Especialista II Grado en Neurolog\u00eda y Medicina intensiva y Emergencias<\/li>\n<li>Profesor titular<\/li>\n<li>Instituto de Neurolog\u00eda y Neurocirug\u00eda<\/li>\n<\/ul>\n<\/td>\n<td style=\"width: 57.6753%; height: 193px; text-align: left; vertical-align: top;\"><strong>Dr. MSc., Jes\u00fas Barreto Penie<\/strong><\/p>\n<ul>\n<li>Especialista II Grado en Medicina Interna. Master en Nutrici\u00f3n en salud p\u00fablica<\/li>\n<li>Profesor auxiliar<\/li>\n<li>Hospital Hermanos Ameijeiras<\/li>\n<\/ul>\n<\/td>\n<\/tr>\n<tr style=\"height: 193px;\">\n<td style=\"width: 53.8607%; height: 193px;\"><strong>DrC. Rafael Emilio Araujo Gonz\u00e1lez<\/strong><\/p>\n<ul>\n<li>Doctor en Ciencias Filos\u00f3ficas<\/li>\n<li>Especialista en Demograf\u00eda<\/li>\n<li>Profesor titular<\/li>\n<li>Centro de Estudios Demogr\u00e1ficos. Universidad de La Habana<\/li>\n<\/ul>\n<\/td>\n<td style=\"width: 57.6753%; height: 193px; text-align: left; vertical-align: top;\"><strong>Dr. MSc., Jorge Luis Le\u00f3n \u00c1lvarez<\/strong><\/p>\n<ul>\n<li>Especialista II Grado en Medicina Interna. Master en Investigaci\u00f3n en Aterosclerosis<\/li>\n<li>Profesor auxiliar<\/li>\n<li>Hospital Hermanos Ameijeiras<\/li>\n<\/ul>\n<\/td>\n<\/tr>\n<tr style=\"height: 193px;\">\n<td style=\"width: 53.8607%; height: 193px;\"><strong>DrCs. Antonio Jes\u00fas Caballero Moreno <\/strong><\/p>\n<ul>\n<li style=\"list-style-type: none;\">\n<ul>\n<li>Doctor en Ciencias M\u00e9dicas y Doctor en Ciencias<\/li>\n<li>Especialista II Grado en Psiquiatr\u00eda<\/li>\n<li>Profesor e investigador titular<\/li>\n<li>Hospital \u201cEnrique Cabrera\u201d<\/li>\n<\/ul>\n<\/li>\n<\/ul>\n<\/td>\n<td style=\"width: 57.6753%; height: 193px;\"><strong>Dra. MSc., Yamil\u00e9 Vald\u00e9s Gonz\u00e1lez<\/strong><\/p>\n<ul>\n<li>Especialista II Grado en Medicina Interna. Master en Neurociencias y en Epidemiolog\u00eda<\/li>\n<li>Profesora asistente<\/li>\n<li>Investigadora auxiliar<\/li>\n<li>Instituto de Endocrinolog\u00eda<\/li>\n<\/ul>\n<\/td>\n<\/tr>\n<tr style=\"height: 146px;\">\n<td style=\"width: 53.8607%; height: 146px;\"><strong>Dra. Misgley Gonz\u00e1lez Roger<\/strong><\/p>\n<ul>\n<li>Especialista I Grado en Psiquiatr\u00eda<\/li>\n<li>Profesor asistente<\/li>\n<li>Aspirante a Investigador<\/li>\n<li>Hospital \u201cEnrique Cabrera\u201d<\/li>\n<\/ul>\n<\/td>\n<td style=\"width: 57.6753%; height: 146px;\"><strong>Dra. MSc., Yudith Garc\u00eda Garc\u00eda<\/strong><\/p>\n<ul>\n<li>Especialista II Grado en Endocrinolog\u00eda. Master en Investigaci\u00f3n en Aterosclerosis<\/li>\n<li>Profesora e Investigadora auxiliar<\/li>\n<li>Instituto de Endocrinolog\u00eda<\/li>\n<\/ul>\n<\/td>\n<\/tr>\n<tr style=\"height: 145px;\">\n<td style=\"width: 53.8607%; height: 145px;\"><strong>Dr. N\u00e9stor Antonio Burgues Vera<\/strong><\/p>\n<ul>\n<li>Especialista I Grado en Psiquiatr\u00eda<\/li>\n<li>Profesor asistente<\/li>\n<li>Hospital \u201cEnrique Cabrera\u201d<\/li>\n<\/ul>\n<\/td>\n<td style=\"width: 57.6753%; height: 145px;\"><strong>DraC. MSc., Iraida Caballero Aguirrechu<\/strong><\/p>\n<ul>\n<li>Doctora en Ciencias M\u00e9dicas.<\/li>\n<li>Especialista II Grado en Oncolog\u00eda. Master en Infectolog\u00eda<\/li>\n<li>Profesora auxiliar<\/li>\n<li>Hospital Hermanos Ameijeiras<\/li>\n<\/ul>\n<\/td>\n<\/tr>\n<tr style=\"height: 169px;\">\n<td style=\"width: 53.8607%; height: 169px;\"><strong>Dra. MSc., Odalys de la Caridad D\u00edaz Alfonso<\/strong><\/p>\n<ul>\n<li>Especialista I Grado en Psiquiatr\u00eda. Master en Pedagog\u00eda de la Salud<\/li>\n<li>Profesor asistente<\/li>\n<li>Hospital \u201cEnrique Cabrera\u201d<\/li>\n<\/ul>\n<\/td>\n<td style=\"width: 57.6753%; height: 169px;\"><\/td>\n<\/tr>\n<tr style=\"height: 134px;\">\n<td style=\"width: 53.8607%; height: 134px;\"><strong>Dr. Yunier Montalvo Gonz\u00e1lez<\/strong><\/p>\n<ul>\n<li>Especialista I Grado en Psiquiatr\u00eda<\/li>\n<li>Profesor asistente<\/li>\n<li>Hospital \u201cEnrique Cabrera\u201d<\/li>\n<\/ul>\n<\/td>\n<td style=\"width: 57.6753%; height: 134px;\"><strong>\u00a0<\/strong><\/td>\n<\/tr>\n<\/tbody>\n<\/table>\n<h4><\/h4>\n<ul>\n<li><\/li>\n<\/ul>\n<ul>\n<li><\/li>\n<\/ul>\n","protected":false},"excerpt":{"rendered":"<p>Nacionales DrC. Eduardo Rivas Estany Doctor en Ciencias M\u00e9dicas Especialista II Grado en Cardiolog\u00eda Profesor titular y Consultante Investigador titular Instituto de Cardiolog\u00eda y Cirug\u00eda cardiovascular Dra. MSc., Malicela Barcelo Acosta Especialista II Grado en Endocrinolog\u00eda. Master en Nutrici\u00f3n en salud p\u00fablica Profesora auxiliar Hospital \u201cHermanos Ameijeiras Dr. Juan A. Prohias Mart\u00ednez Especialista II Grado [&hellip;]<\/p>\n","protected":false},"author":4,"featured_media":0,"parent":0,"menu_order":0,"comment_status":"closed","ping_status":"closed","template":"","meta":[],"_links":{"self":[{"href":"https:\/\/promociondeeventos.sld.cu\/jnent-hha2024\/wp-json\/wp\/v2\/pages\/49"}],"collection":[{"href":"https:\/\/promociondeeventos.sld.cu\/jnent-hha2024\/wp-json\/wp\/v2\/pages"}],"about":[{"href":"https:\/\/promociondeeventos.sld.cu\/jnent-hha2024\/wp-json\/wp\/v2\/types\/page"}],"author":[{"embeddable":true,"href":"https:\/\/promociondeeventos.sld.cu\/jnent-hha2024\/wp-json\/wp\/v2\/users\/4"}],"replies":[{"embeddable":true,"href":"https:\/\/promociondeeventos.sld.cu\/jnent-hha2024\/wp-json\/wp\/v2\/comments?post=49"}],"version-history":[{"count":11,"href":"https:\/\/promociondeeventos.sld.cu\/jnent-hha2024\/wp-json\/wp\/v2\/pages\/49\/revisions"}],"predecessor-version":[{"id":70,"href":"https:\/\/promociondeeventos.sld.cu\/jnent-hha2024\/wp-json\/wp\/v2\/pages\/49\/revisions\/70"}],"wp:attachment":[{"href":"https:\/\/promociondeeventos.sld.cu\/jnent-hha2024\/wp-json\/wp\/v2\/media?parent=49"}],"curies":[{"name":"wp","href":"https:\/\/api.w.org\/{rel}","templated":true}]}}