{"id":2,"date":"2024-07-14T22:22:37","date_gmt":"2024-07-14T22:22:37","guid":{"rendered":"https:\/\/promociondeeventos.sld.cu\/jnent-hha2024\/?page_id=2"},"modified":"2024-09-03T21:50:18","modified_gmt":"2024-09-03T21:50:18","slug":"pagina-ejemplo","status":"publish","type":"page","link":"https:\/\/promociondeeventos.sld.cu\/jnent-hha2024\/","title":{"rendered":"Convocatoria"},"content":{"rendered":"<p><img decoding=\"async\" loading=\"lazy\" class=\" wp-image-7 alignleft\" src=\"http:\/\/promociondeeventos.sld.cu\/jnent-hha2024\/files\/2024\/07\/Img-00000329-212x300.jpg\" alt=\"\" width=\"224\" height=\"317\" srcset=\"https:\/\/promociondeeventos.sld.cu\/jnent-hha2024\/files\/2024\/07\/Img-00000329-212x300.jpg 212w, https:\/\/promociondeeventos.sld.cu\/jnent-hha2024\/files\/2024\/07\/Img-00000329-250x353.jpg 250w, https:\/\/promociondeeventos.sld.cu\/jnent-hha2024\/files\/2024\/07\/Img-00000329.jpg 354w\" sizes=\"(max-width: 224px) 100vw, 224px\" \/><\/p>\n<p style=\"text-align: justify;\">Las enfermedades no transmisibles (ENT) matan a 41 millones de personas cada a\u00f1o, lo que equivale al 71% de las muertes en el mundo. En las Am\u00e9ricas, son 5,5 millones de muertes anuales por ENT. De este universo, 15 millones de personas mueren prematuramente entre 30 y 69 a\u00f1os de edad, y m\u00e1s del 85% ocurren en pa\u00edses de bajos-medianos ingresos. En las Am\u00e9ricas, mueren 2,2 millones de personas por ENT antes de cumplir los 70 a\u00f1os.<\/p>\n<p style=\"text-align: justify;\">Las enfermedades cardiovasculares constituyen la mayor\u00eda de estas muertes (17,9 millones cada a\u00f1o), seguidas del c\u00e1ncer (9,0 millones), las enfermedades respiratorias\u00a0\u00a0 (3,9 millones) y la diabetes mellitus (1,6 millones) a nivel mundial. Estos 4 grupos de enfermedades son responsables de m\u00e1s del 80% de esas muertes prematuras. Pueden prevenirse reduciendo sus principales factores de riesgo: el consumo de tabaco, el consumo nocivo de alcohol, una alimentaci\u00f3n poco saludable y la inactividad f\u00edsica.\u00a0 Ese n\u00famero tambien puede mitigarse mediante la detecci\u00f3n, la atenci\u00f3n y el tratamiento oportunos de las enfermedades.<\/p>\n<p style=\"text-align: justify;\">La agenda de las ENT se ha ampliado m\u00e1s all\u00e1 de este concepto de cuatro enfermedades y cuatro factores de riesgo. La salud mental se incluye tambi\u00e9n en la agenda global de las ENT, y la contaminaci\u00f3n del aire, reconocida a nivel mundial como un factor de riesgo significativo para las enfermedades cardiovasculares y las enfermedades respiratorias cr\u00f3nicas, ahora est\u00e1 incluida como el quinto factor de riesgo de las ENT.<\/p>\n<p style=\"text-align: justify;\">Como parte de este intercambio cient\u00edfico se realizar\u00e1 una actualizaci\u00f3n sobre la prevalencia y la mortalidad por las principales enfermedades cr\u00f3nicas no transmisibles y sus factores de riesgo para Cuba, su carga en el Top de las principales causas de muerte seg\u00fan el anuario estad\u00edstico del Ministerio de Salud P\u00fablica, los desaf\u00edos y las estrategias globales para modificar esta realidad de hoy. Difundir las estrategias que promueve Cuba con el acompa\u00f1amiento de la Organizaci\u00f3n Panamericana de la Salud (OPS) dirigidas a la prevenci\u00f3n y el control de las enfermedades no transmisibles, los factores de riesgo relacionados, las discapacidades y los trastornos mentales, incluidos en la agenda 5 x 5 de la OPS.<\/p>\n","protected":false},"excerpt":{"rendered":"<p>Las enfermedades no transmisibles (ENT) matan a 41 millones de personas cada a\u00f1o, lo que equivale al 71% de las muertes en el mundo. En las Am\u00e9ricas, son 5,5 millones de muertes anuales por ENT. De este universo, 15 millones de personas mueren prematuramente entre 30 y 69 a\u00f1os de edad, y m\u00e1s del 85% [&hellip;]<\/p>\n","protected":false},"author":3302,"featured_media":0,"parent":0,"menu_order":0,"comment_status":"closed","ping_status":"open","template":"special.php","meta":[],"_links":{"self":[{"href":"https:\/\/promociondeeventos.sld.cu\/jnent-hha2024\/wp-json\/wp\/v2\/pages\/2"}],"collection":[{"href":"https:\/\/promociondeeventos.sld.cu\/jnent-hha2024\/wp-json\/wp\/v2\/pages"}],"about":[{"href":"https:\/\/promociondeeventos.sld.cu\/jnent-hha2024\/wp-json\/wp\/v2\/types\/page"}],"author":[{"embeddable":true,"href":"https:\/\/promociondeeventos.sld.cu\/jnent-hha2024\/wp-json\/wp\/v2\/users\/3302"}],"replies":[{"embeddable":true,"href":"https:\/\/promociondeeventos.sld.cu\/jnent-hha2024\/wp-json\/wp\/v2\/comments?post=2"}],"version-history":[{"count":9,"href":"https:\/\/promociondeeventos.sld.cu\/jnent-hha2024\/wp-json\/wp\/v2\/pages\/2\/revisions"}],"predecessor-version":[{"id":76,"href":"https:\/\/promociondeeventos.sld.cu\/jnent-hha2024\/wp-json\/wp\/v2\/pages\/2\/revisions\/76"}],"wp:attachment":[{"href":"https:\/\/promociondeeventos.sld.cu\/jnent-hha2024\/wp-json\/wp\/v2\/media?parent=2"}],"curies":[{"name":"wp","href":"https:\/\/api.w.org\/{rel}","templated":true}]}}