{"id":14,"date":"2024-07-14T22:57:55","date_gmt":"2024-07-14T22:57:55","guid":{"rendered":"https:\/\/promociondeeventos.sld.cu\/jnent-hha2024\/?page_id=14"},"modified":"2024-07-15T22:47:32","modified_gmt":"2024-07-15T22:47:32","slug":"normas-de-presentacion","status":"publish","type":"page","link":"https:\/\/promociondeeventos.sld.cu\/jnent-hha2024\/normas-de-presentacion\/","title":{"rendered":"Normas de presentaci\u00f3n"},"content":{"rendered":"<p><strong>Formas de presentaci\u00f3n: <\/strong><\/p>\n<ul>\n<li>Conferencia<\/li>\n<li>Mesa Redonda<\/li>\n<li>Panel<\/li>\n<\/ul>\n<p><strong>Perfil de los participantes: <\/strong><\/p>\n<ul>\n<li>M\u00e9dicos generales integrales<\/li>\n<li>Internistas<\/li>\n<li>Cardi\u00f3logos<\/li>\n<li>Neur\u00f3logos<\/li>\n<li>Diabet\u00f3logos<\/li>\n<li>Epidemi\u00f3logos<\/li>\n<li>Pediatras<\/li>\n<li>Pat\u00f3logos<\/li>\n<li>Salubristas<\/li>\n<li>Estad\u00edsticos de salud<\/li>\n<li>Dem\u00f3grafos<\/li>\n<li>Personal de enfermer\u00eda<\/li>\n<li>Otros especialistas afines a las tem\u00e1ticas tratadas<\/li>\n<\/ul>\n<p>&nbsp;<\/p>\n","protected":false},"excerpt":{"rendered":"<p>Formas de presentaci\u00f3n: Conferencia Mesa Redonda Panel Perfil de los participantes: M\u00e9dicos generales integrales Internistas Cardi\u00f3logos Neur\u00f3logos Diabet\u00f3logos Epidemi\u00f3logos Pediatras Pat\u00f3logos Salubristas Estad\u00edsticos de salud Dem\u00f3grafos Personal de enfermer\u00eda Otros especialistas afines a las tem\u00e1ticas tratadas &nbsp;<\/p>\n","protected":false},"author":4,"featured_media":0,"parent":0,"menu_order":0,"comment_status":"closed","ping_status":"closed","template":"","meta":[],"_links":{"self":[{"href":"https:\/\/promociondeeventos.sld.cu\/jnent-hha2024\/wp-json\/wp\/v2\/pages\/14"}],"collection":[{"href":"https:\/\/promociondeeventos.sld.cu\/jnent-hha2024\/wp-json\/wp\/v2\/pages"}],"about":[{"href":"https:\/\/promociondeeventos.sld.cu\/jnent-hha2024\/wp-json\/wp\/v2\/types\/page"}],"author":[{"embeddable":true,"href":"https:\/\/promociondeeventos.sld.cu\/jnent-hha2024\/wp-json\/wp\/v2\/users\/4"}],"replies":[{"embeddable":true,"href":"https:\/\/promociondeeventos.sld.cu\/jnent-hha2024\/wp-json\/wp\/v2\/comments?post=14"}],"version-history":[{"count":3,"href":"https:\/\/promociondeeventos.sld.cu\/jnent-hha2024\/wp-json\/wp\/v2\/pages\/14\/revisions"}],"predecessor-version":[{"id":54,"href":"https:\/\/promociondeeventos.sld.cu\/jnent-hha2024\/wp-json\/wp\/v2\/pages\/14\/revisions\/54"}],"wp:attachment":[{"href":"https:\/\/promociondeeventos.sld.cu\/jnent-hha2024\/wp-json\/wp\/v2\/media?parent=14"}],"curies":[{"name":"wp","href":"https:\/\/api.w.org\/{rel}","templated":true}]}}