{"id":6,"date":"2025-10-10T19:06:53","date_gmt":"2025-10-10T19:06:53","guid":{"rendered":"https:\/\/promociondeeventos.sld.cu\/jcuccm\/?page_id=6"},"modified":"2025-10-10T20:45:15","modified_gmt":"2025-10-10T20:45:15","slug":"comite-cientifico","status":"publish","type":"page","link":"https:\/\/promociondeeventos.sld.cu\/jcuccm\/comite-cientifico\/","title":{"rendered":"Comit\u00e9 cient\u00edfico"},"content":{"rendered":"<p>\u2022 <strong>Presidente:<\/strong><br \/>\nDr. C. Haydee Rodr\u00edguez Lora<br \/>\n\u2022 <strong>Miembros<\/strong>:<br \/>\nDr.C. An\u00edval Ernesto Ramos Socarr\u00e1s<br \/>\nDr.C. Pedro Jacinto Mart\u00ednez Casal<br \/>\nDr.C. Manuel Ra\u00edces P\u00e9rez-Casta\u00f1eda<\/p>\n<p>&nbsp;<\/p>\n","protected":false},"excerpt":{"rendered":"<p>\u2022 Presidente: Dr. C. Haydee Rodr\u00edguez Lora \u2022 Miembros: Dr.C. An\u00edval Ernesto Ramos Socarr\u00e1s Dr.C. Pedro Jacinto Mart\u00ednez Casal Dr.C. Manuel Ra\u00edces P\u00e9rez-Casta\u00f1eda &nbsp;<\/p>\n","protected":false},"author":3262,"featured_media":0,"parent":0,"menu_order":0,"comment_status":"closed","ping_status":"closed","template":"","meta":[],"_links":{"self":[{"href":"https:\/\/promociondeeventos.sld.cu\/jcuccm\/wp-json\/wp\/v2\/pages\/6"}],"collection":[{"href":"https:\/\/promociondeeventos.sld.cu\/jcuccm\/wp-json\/wp\/v2\/pages"}],"about":[{"href":"https:\/\/promociondeeventos.sld.cu\/jcuccm\/wp-json\/wp\/v2\/types\/page"}],"author":[{"embeddable":true,"href":"https:\/\/promociondeeventos.sld.cu\/jcuccm\/wp-json\/wp\/v2\/users\/3262"}],"replies":[{"embeddable":true,"href":"https:\/\/promociondeeventos.sld.cu\/jcuccm\/wp-json\/wp\/v2\/comments?post=6"}],"version-history":[{"count":2,"href":"https:\/\/promociondeeventos.sld.cu\/jcuccm\/wp-json\/wp\/v2\/pages\/6\/revisions"}],"predecessor-version":[{"id":44,"href":"https:\/\/promociondeeventos.sld.cu\/jcuccm\/wp-json\/wp\/v2\/pages\/6\/revisions\/44"}],"wp:attachment":[{"href":"https:\/\/promociondeeventos.sld.cu\/jcuccm\/wp-json\/wp\/v2\/media?parent=6"}],"curies":[{"name":"wp","href":"https:\/\/api.w.org\/{rel}","templated":true}]}}