{"id":50,"date":"2025-10-10T20:48:08","date_gmt":"2025-10-10T20:48:08","guid":{"rendered":"https:\/\/promociondeeventos.sld.cu\/jcuccm\/?page_id=50"},"modified":"2025-10-10T20:54:34","modified_gmt":"2025-10-10T20:54:34","slug":"tematicas-2","status":"publish","type":"page","link":"https:\/\/promociondeeventos.sld.cu\/jcuccm\/tematicas-2\/","title":{"rendered":"Tem\u00e1ticas"},"content":{"rendered":"<p>Vigencia del Pensamiento Martiano y Fidelista en la Cooperaci\u00f3n M\u00e9dica.<br \/>\n2. Historias de Vida como ejemplo de internacionalismo cubano.<br \/>\n3. Historia de la Cooperaci\u00f3n m\u00e9dica<br \/>\n4. Buenas pr\u00e1cticas en la exportaci\u00f3n de servicios.<br \/>\n5. Investigaciones en sistemas y servicios de salud.<br \/>\n6. Tecnolog\u00edas de la informaci\u00f3n y las comunicaciones en la exportaci\u00f3n de servicios.<br \/>\n7. Impacto de la cooperaci\u00f3n cubana en los pa\u00edses.<br \/>\n8. Gesti\u00f3n de recursos humanos en salud para el contexto internacional.<br \/>\n9. Salud global.<br \/>\n10. La ciencia e innovaci\u00f3n en la cooperaci\u00f3n m\u00e9dica internacional.<\/p>\n<p>&nbsp;<\/p>\n","protected":false},"excerpt":{"rendered":"<p>Vigencia del Pensamiento Martiano y Fidelista en la Cooperaci\u00f3n M\u00e9dica. 2. Historias de Vida como ejemplo de internacionalismo cubano. 3. Historia de la Cooperaci\u00f3n m\u00e9dica 4. Buenas pr\u00e1cticas en la exportaci\u00f3n de servicios. 5. Investigaciones en sistemas y servicios de salud. 6. Tecnolog\u00edas de la informaci\u00f3n y las comunicaciones en la exportaci\u00f3n de servicios. 7. [&hellip;]<\/p>\n","protected":false},"author":3262,"featured_media":0,"parent":0,"menu_order":0,"comment_status":"closed","ping_status":"closed","template":"","meta":[],"_links":{"self":[{"href":"https:\/\/promociondeeventos.sld.cu\/jcuccm\/wp-json\/wp\/v2\/pages\/50"}],"collection":[{"href":"https:\/\/promociondeeventos.sld.cu\/jcuccm\/wp-json\/wp\/v2\/pages"}],"about":[{"href":"https:\/\/promociondeeventos.sld.cu\/jcuccm\/wp-json\/wp\/v2\/types\/page"}],"author":[{"embeddable":true,"href":"https:\/\/promociondeeventos.sld.cu\/jcuccm\/wp-json\/wp\/v2\/users\/3262"}],"replies":[{"embeddable":true,"href":"https:\/\/promociondeeventos.sld.cu\/jcuccm\/wp-json\/wp\/v2\/comments?post=50"}],"version-history":[{"count":2,"href":"https:\/\/promociondeeventos.sld.cu\/jcuccm\/wp-json\/wp\/v2\/pages\/50\/revisions"}],"predecessor-version":[{"id":64,"href":"https:\/\/promociondeeventos.sld.cu\/jcuccm\/wp-json\/wp\/v2\/pages\/50\/revisions\/64"}],"wp:attachment":[{"href":"https:\/\/promociondeeventos.sld.cu\/jcuccm\/wp-json\/wp\/v2\/media?parent=50"}],"curies":[{"name":"wp","href":"https:\/\/api.w.org\/{rel}","templated":true}]}}