{"id":45,"date":"2025-10-10T20:46:30","date_gmt":"2025-10-10T20:46:30","guid":{"rendered":"https:\/\/promociondeeventos.sld.cu\/jcuccm\/?page_id=45"},"modified":"2025-10-10T20:46:55","modified_gmt":"2025-10-10T20:46:55","slug":"45-2","status":"publish","type":"page","link":"https:\/\/promociondeeventos.sld.cu\/jcuccm\/45-2\/","title":{"rendered":"Comit\u00e9 Organizador"},"content":{"rendered":"<ul>\n<li><strong>Presidente:<br \/>\n<\/strong>Dra. Giselle Marrero Padr\u00f3n<\/li>\n<\/ul>\n<ul>\n<li><strong>Miembros<\/strong>:<br \/>\nDra. Mercedes Chong Viamontes<br \/>\nLic. Nixa Carrero Gonz\u00e1lez<br \/>\nMsC. Leonel Fuentes Garc\u00eda<\/li>\n<\/ul>\n<p>&nbsp;<\/p>\n<p>&nbsp;<\/p>\n","protected":false},"excerpt":{"rendered":"<p>Presidente: Dra. Giselle Marrero Padr\u00f3n Miembros: Dra. Mercedes Chong Viamontes Lic. Nixa Carrero Gonz\u00e1lez MsC. Leonel Fuentes Garc\u00eda &nbsp; &nbsp;<\/p>\n","protected":false},"author":3262,"featured_media":0,"parent":0,"menu_order":0,"comment_status":"closed","ping_status":"closed","template":"","meta":[],"_links":{"self":[{"href":"https:\/\/promociondeeventos.sld.cu\/jcuccm\/wp-json\/wp\/v2\/pages\/45"}],"collection":[{"href":"https:\/\/promociondeeventos.sld.cu\/jcuccm\/wp-json\/wp\/v2\/pages"}],"about":[{"href":"https:\/\/promociondeeventos.sld.cu\/jcuccm\/wp-json\/wp\/v2\/types\/page"}],"author":[{"embeddable":true,"href":"https:\/\/promociondeeventos.sld.cu\/jcuccm\/wp-json\/wp\/v2\/users\/3262"}],"replies":[{"embeddable":true,"href":"https:\/\/promociondeeventos.sld.cu\/jcuccm\/wp-json\/wp\/v2\/comments?post=45"}],"version-history":[{"count":2,"href":"https:\/\/promociondeeventos.sld.cu\/jcuccm\/wp-json\/wp\/v2\/pages\/45\/revisions"}],"predecessor-version":[{"id":47,"href":"https:\/\/promociondeeventos.sld.cu\/jcuccm\/wp-json\/wp\/v2\/pages\/45\/revisions\/47"}],"wp:attachment":[{"href":"https:\/\/promociondeeventos.sld.cu\/jcuccm\/wp-json\/wp\/v2\/media?parent=45"}],"curies":[{"name":"wp","href":"https:\/\/api.w.org\/{rel}","templated":true}]}}