{"id":4,"date":"2025-10-10T19:06:28","date_gmt":"2025-10-10T19:06:28","guid":{"rendered":"https:\/\/promociondeeventos.sld.cu\/jcuccm\/?page_id=4"},"modified":"2025-10-10T20:31:59","modified_gmt":"2025-10-10T20:31:59","slug":"convocatoria","status":"publish","type":"page","link":"https:\/\/promociondeeventos.sld.cu\/jcuccm\/","title":{"rendered":"Convocatoria"},"content":{"rendered":"<p style=\"text-align: justify;\"><img decoding=\"async\" loading=\"lazy\" class=\"wp-image-35 alignleft\" src=\"http:\/\/promociondeeventos.sld.cu\/jcuccm\/files\/2025\/10\/cuba-coopera.jpg\" alt=\"\" width=\"123\" height=\"93\" \/>La III Jornada Cient\u00edfica de la UCCM 2025, tendr\u00e1 lugar en la Unidad Central de Cooperaci\u00f3n M\u00e9dica, en La Habana, Cuba, como parte de las actividades en conmemoraci\u00f3n al centenario del natalicio del Comandante en Jefe Fidel Castro Ruz.<br \/>\nEl evento permitir\u00e1 la participaci\u00f3n de manera presencial y virtual con el objetivo de promover el intercambio de conocimientos, experiencias y soluciones, cient\u00edfico e innovadoras, ante los desaf\u00edos globales de la salud y la inserci\u00f3n internacionalizaci\u00f3n de servicios profesionales. Se prev\u00e9 la participaci\u00f3n activa de las misiones y brigadas m\u00e9dicas cubanas en el exterior (BME), as\u00ed como los trabajadores del Sistema Nacional de Salud.<br \/>\nEn el marco de la Jornada sesionar\u00e1 el I Taller Nacional \u201cLos Equipos M\u00e9dicos de Emergencia cubanos para el contexto internacional\u201d con el objetivo de concienciar necesidad de creaci\u00f3n, implementaci\u00f3n y clasificaci\u00f3n de los Equipos M\u00e9dicos de Emergencia cubanos para una inserci\u00f3n en la respuesta m\u00e9dica internacional coordinada a los desastres.<\/p>\n","protected":false},"excerpt":{"rendered":"<p>La III Jornada Cient\u00edfica de la UCCM 2025, tendr\u00e1 lugar en la Unidad Central de Cooperaci\u00f3n M\u00e9dica, en La Habana, Cuba, como parte de las actividades en conmemoraci\u00f3n al centenario del natalicio del Comandante en Jefe Fidel Castro Ruz. El evento permitir\u00e1 la participaci\u00f3n de manera presencial y virtual con el objetivo de promover el [&hellip;]<\/p>\n","protected":false},"author":3262,"featured_media":0,"parent":0,"menu_order":0,"comment_status":"closed","ping_status":"closed","template":"","meta":[],"_links":{"self":[{"href":"https:\/\/promociondeeventos.sld.cu\/jcuccm\/wp-json\/wp\/v2\/pages\/4"}],"collection":[{"href":"https:\/\/promociondeeventos.sld.cu\/jcuccm\/wp-json\/wp\/v2\/pages"}],"about":[{"href":"https:\/\/promociondeeventos.sld.cu\/jcuccm\/wp-json\/wp\/v2\/types\/page"}],"author":[{"embeddable":true,"href":"https:\/\/promociondeeventos.sld.cu\/jcuccm\/wp-json\/wp\/v2\/users\/3262"}],"replies":[{"embeddable":true,"href":"https:\/\/promociondeeventos.sld.cu\/jcuccm\/wp-json\/wp\/v2\/comments?post=4"}],"version-history":[{"count":11,"href":"https:\/\/promociondeeventos.sld.cu\/jcuccm\/wp-json\/wp\/v2\/pages\/4\/revisions"}],"predecessor-version":[{"id":43,"href":"https:\/\/promociondeeventos.sld.cu\/jcuccm\/wp-json\/wp\/v2\/pages\/4\/revisions\/43"}],"wp:attachment":[{"href":"https:\/\/promociondeeventos.sld.cu\/jcuccm\/wp-json\/wp\/v2\/media?parent=4"}],"curies":[{"name":"wp","href":"https:\/\/api.w.org\/{rel}","templated":true}]}}