{"id":88,"date":"2025-07-26T20:08:47","date_gmt":"2025-07-26T20:08:47","guid":{"rendered":"https:\/\/promociondeeventos.sld.cu\/jci-mnt-ucmgranma\/?page_id=88"},"modified":"2025-07-26T20:20:50","modified_gmt":"2025-07-26T20:20:50","slug":"cursos-julio","status":"publish","type":"page","link":"https:\/\/promociondeeventos.sld.cu\/jci-mnt-ucmgranma\/cursos-julio\/","title":{"rendered":"Cursos julio 2025"},"content":{"rendered":"<p>Cursos Virtuales. Mes de Julio\u2013 2025<\/p>\n<p>Curso T\u00edtulo Profesor Fecha<br \/>\n1 Empleo del dise\u00f1o de cohorte \u00fanica prospectiva<br \/>\nen la investigaci\u00f3n de la Medicina Natural y<br \/>\nTradicional.<\/p>\n<p>Dr. C. Andr\u00e9s Quesada V\u00e1zquez.<br \/>\nProfesor Titular<\/p>\n<p>14 al 19 2 La Medicina Natural y Tradicional: Ciencia, Salud<br \/>\ny Bienestar<\/p>\n<p>Dr. C. Yurisnel Ortiz S\u00e1nchez.<br \/>\nProfesor e Investigador Titular.<\/p>\n<p>3 Investigaciones en Medicina Natural y<br \/>\nTradicional: Implicaciones bio\u00e9ticas<\/p>\n<p>M. Sc. Carmen Elena Ferrer<br \/>\nMagad\u00e1n. Profesor Auxiliar<\/p>\n<p>Cuota de Inscripci\u00f3n para participantes nacionales:<\/p>\n<ul>\n<li>1 Curso Virtual: 50. 00 CUP<\/li>\n<li>3 o m\u00e1s Cursos Virtuales: 30 .00 CUP cada uno.<\/li>\n<\/ul>\n<p>Realiza el mismo, a trav\u00e9s de: 9227 0699 9474 0713 y luego confirma a: 59 95 50 89.<br \/>\nInmediatamente, comparta junto a sus datos personales, [Nombre y apellidos, No. CI y No. M\u00f3vil<br \/>\nque usar\u00e1 para los Cursos Virtuales y los No. Cursos escogidos] el comprobante de pago al<br \/>\nWhatsApp 52 61 67 28.<br \/>\nSi usted ya fue matr\u00edcula en cursos anteriores en nuestra modalidad virtual, solo enviar\u00e1 el No.<br \/>\ndel curso seleccionado.<br \/>\nCuota de Inscripci\u00f3n para participantes extranjeros:<\/p>\n<ul>\n<li>1 Curso Virtual: 5. USD<\/li>\n<li>3 Cursos Virtuales: 10 .00 USD y el Comit\u00e9 Cient\u00edfico, le regala un 4to curso a elegir por<br \/>\nusted.<\/li>\n<\/ul>\n<p>Tarjetas: MASTERCARD O VISA.<\/p>\n<p>Solicitar pasarela de pago personalizada:<br \/>\ncomercial.granma@smcsalud.cu<br \/>\nConfirmar el pago [foto del comprobante] a trav\u00e9s WhatsApp al 005352616728<\/p>\n","protected":false},"excerpt":{"rendered":"<p>Cursos Virtuales. Mes de Julio\u2013 2025 Curso T\u00edtulo Profesor Fecha 1 Empleo del dise\u00f1o de cohorte \u00fanica prospectiva en la investigaci\u00f3n de la Medicina Natural y Tradicional. Dr. C. Andr\u00e9s Quesada V\u00e1zquez. Profesor Titular 14 al 19 2 La Medicina Natural y Tradicional: Ciencia, Salud y Bienestar Dr. C. Yurisnel Ortiz S\u00e1nchez. Profesor e Investigador [&hellip;]<\/p>\n","protected":false},"author":4,"featured_media":0,"parent":0,"menu_order":0,"comment_status":"closed","ping_status":"closed","template":"","meta":[],"_links":{"self":[{"href":"https:\/\/promociondeeventos.sld.cu\/jci-mnt-ucmgranma\/wp-json\/wp\/v2\/pages\/88"}],"collection":[{"href":"https:\/\/promociondeeventos.sld.cu\/jci-mnt-ucmgranma\/wp-json\/wp\/v2\/pages"}],"about":[{"href":"https:\/\/promociondeeventos.sld.cu\/jci-mnt-ucmgranma\/wp-json\/wp\/v2\/types\/page"}],"author":[{"embeddable":true,"href":"https:\/\/promociondeeventos.sld.cu\/jci-mnt-ucmgranma\/wp-json\/wp\/v2\/users\/4"}],"replies":[{"embeddable":true,"href":"https:\/\/promociondeeventos.sld.cu\/jci-mnt-ucmgranma\/wp-json\/wp\/v2\/comments?post=88"}],"version-history":[{"count":5,"href":"https:\/\/promociondeeventos.sld.cu\/jci-mnt-ucmgranma\/wp-json\/wp\/v2\/pages\/88\/revisions"}],"predecessor-version":[{"id":100,"href":"https:\/\/promociondeeventos.sld.cu\/jci-mnt-ucmgranma\/wp-json\/wp\/v2\/pages\/88\/revisions\/100"}],"wp:attachment":[{"href":"https:\/\/promociondeeventos.sld.cu\/jci-mnt-ucmgranma\/wp-json\/wp\/v2\/media?parent=88"}],"curies":[{"name":"wp","href":"https:\/\/api.w.org\/{rel}","templated":true}]}}