{"id":2,"date":"2025-07-02T16:21:12","date_gmt":"2025-07-02T16:21:12","guid":{"rendered":"https:\/\/promociondeeventos.sld.cu\/jci-mnt-ucmgranma\/?page_id=2"},"modified":"2025-07-23T00:46:06","modified_gmt":"2025-07-23T00:46:06","slug":"pagina-ejemplo","status":"publish","type":"page","link":"https:\/\/promociondeeventos.sld.cu\/jci-mnt-ucmgranma\/","title":{"rendered":"Convocatoria"},"content":{"rendered":"<p><img decoding=\"async\" loading=\"lazy\" class=\"wp-image-38 size-thumbnail alignleft\" src=\"http:\/\/promociondeeventos.sld.cu\/jci-mnt-ucmgranma\/files\/2025\/07\/logojc-1-150x150.jpg\" alt=\"\" width=\"150\" height=\"150\" srcset=\"https:\/\/promociondeeventos.sld.cu\/jci-mnt-ucmgranma\/files\/2025\/07\/logojc-1-150x150.jpg 150w, https:\/\/promociondeeventos.sld.cu\/jci-mnt-ucmgranma\/files\/2025\/07\/logojc-1-300x300.jpg 300w, https:\/\/promociondeeventos.sld.cu\/jci-mnt-ucmgranma\/files\/2025\/07\/logojc-1-250x250.jpg 250w, https:\/\/promociondeeventos.sld.cu\/jci-mnt-ucmgranma\/files\/2025\/07\/logojc-1.jpg 500w\" sizes=\"(max-width: 150px) 100vw, 150px\" \/>Les invitamos a participar en la Jornada Cient\u00edfica Internacional de Medicina Natural y Tradicional, la cual tendr\u00e1 como sede la Universidad de Ciencias M\u00e9dicas de Granma. La misma iniciar\u00e1 en modalidad virtual el lunes, 14 de julio con cursos pre-eventos y presentaciones de p\u00f3steres digitales. La modalidad presencial se realizar\u00e1 el s\u00e1bado 18 de octubre.<\/p>\r\n<p>Construyamos una medicina integradora desde la rigurosidad cient\u00edfica<br \/><strong># CienciaQueTransforma<\/strong><\/p>\r\n<p><img decoding=\"async\" loading=\"lazy\" class=\"size-medium wp-image-43 aligncenter\" src=\"http:\/\/promociondeeventos.sld.cu\/jci-mnt-ucmgranma\/files\/2025\/07\/mnt1-300x168.jpg\" alt=\"\" width=\"300\" height=\"168\" srcset=\"https:\/\/promociondeeventos.sld.cu\/jci-mnt-ucmgranma\/files\/2025\/07\/mnt1-300x168.jpg 300w, https:\/\/promociondeeventos.sld.cu\/jci-mnt-ucmgranma\/files\/2025\/07\/mnt1-768x431.jpg 768w, https:\/\/promociondeeventos.sld.cu\/jci-mnt-ucmgranma\/files\/2025\/07\/mnt1-250x140.jpg 250w, https:\/\/promociondeeventos.sld.cu\/jci-mnt-ucmgranma\/files\/2025\/07\/mnt1.jpg 990w\" sizes=\"(max-width: 300px) 100vw, 300px\" \/><\/p>\r\n","protected":false},"excerpt":{"rendered":"<p>Les invitamos a participar en la Jornada Cient\u00edfica Internacional de Medicina Natural y Tradicional, la cual tendr\u00e1 como sede la Universidad de Ciencias M\u00e9dicas de Granma. La misma iniciar\u00e1 en modalidad virtual el lunes, 14 de julio con cursos pre-eventos y presentaciones de p\u00f3steres digitales. La modalidad presencial se realizar\u00e1 el s\u00e1bado 18 de octubre. [&hellip;]<\/p>\n","protected":false},"author":3310,"featured_media":0,"parent":0,"menu_order":0,"comment_status":"closed","ping_status":"open","template":"","meta":[],"_links":{"self":[{"href":"https:\/\/promociondeeventos.sld.cu\/jci-mnt-ucmgranma\/wp-json\/wp\/v2\/pages\/2"}],"collection":[{"href":"https:\/\/promociondeeventos.sld.cu\/jci-mnt-ucmgranma\/wp-json\/wp\/v2\/pages"}],"about":[{"href":"https:\/\/promociondeeventos.sld.cu\/jci-mnt-ucmgranma\/wp-json\/wp\/v2\/types\/page"}],"author":[{"embeddable":true,"href":"https:\/\/promociondeeventos.sld.cu\/jci-mnt-ucmgranma\/wp-json\/wp\/v2\/users\/3310"}],"replies":[{"embeddable":true,"href":"https:\/\/promociondeeventos.sld.cu\/jci-mnt-ucmgranma\/wp-json\/wp\/v2\/comments?post=2"}],"version-history":[{"count":8,"href":"https:\/\/promociondeeventos.sld.cu\/jci-mnt-ucmgranma\/wp-json\/wp\/v2\/pages\/2\/revisions"}],"predecessor-version":[{"id":77,"href":"https:\/\/promociondeeventos.sld.cu\/jci-mnt-ucmgranma\/wp-json\/wp\/v2\/pages\/2\/revisions\/77"}],"wp:attachment":[{"href":"https:\/\/promociondeeventos.sld.cu\/jci-mnt-ucmgranma\/wp-json\/wp\/v2\/media?parent=2"}],"curies":[{"name":"wp","href":"https:\/\/api.w.org\/{rel}","templated":true}]}}