{"id":15,"date":"2025-07-02T16:44:41","date_gmt":"2025-07-02T16:44:41","guid":{"rendered":"https:\/\/promociondeeventos.sld.cu\/jci-mnt-ucmgranma\/?page_id=15"},"modified":"2025-07-02T16:44:41","modified_gmt":"2025-07-02T16:44:41","slug":"contactos","status":"publish","type":"page","link":"https:\/\/promociondeeventos.sld.cu\/jci-mnt-ucmgranma\/contactos\/","title":{"rendered":"Contactos"},"content":{"rendered":"<p>Responsable de la edici\u00f3n del sitio web Dr. C. Rafael Guti\u00e9rrez N\u00fa\u00f1ez<\/p>\n<p>Contactos email: <a href=\"mailto:beatrafy@gmail.com\">beatrafy@gmail.com<\/a> M\u00f3vil: 00 53 52 61 67 28<\/p>\n","protected":false},"excerpt":{"rendered":"<p>Responsable de la edici\u00f3n del sitio web Dr. C. Rafael Guti\u00e9rrez N\u00fa\u00f1ez Contactos email: beatrafy@gmail.com M\u00f3vil: 00 53 52 61 67 28<\/p>\n","protected":false},"author":4,"featured_media":0,"parent":0,"menu_order":0,"comment_status":"closed","ping_status":"closed","template":"","meta":[],"_links":{"self":[{"href":"https:\/\/promociondeeventos.sld.cu\/jci-mnt-ucmgranma\/wp-json\/wp\/v2\/pages\/15"}],"collection":[{"href":"https:\/\/promociondeeventos.sld.cu\/jci-mnt-ucmgranma\/wp-json\/wp\/v2\/pages"}],"about":[{"href":"https:\/\/promociondeeventos.sld.cu\/jci-mnt-ucmgranma\/wp-json\/wp\/v2\/types\/page"}],"author":[{"embeddable":true,"href":"https:\/\/promociondeeventos.sld.cu\/jci-mnt-ucmgranma\/wp-json\/wp\/v2\/users\/4"}],"replies":[{"embeddable":true,"href":"https:\/\/promociondeeventos.sld.cu\/jci-mnt-ucmgranma\/wp-json\/wp\/v2\/comments?post=15"}],"version-history":[{"count":1,"href":"https:\/\/promociondeeventos.sld.cu\/jci-mnt-ucmgranma\/wp-json\/wp\/v2\/pages\/15\/revisions"}],"predecessor-version":[{"id":16,"href":"https:\/\/promociondeeventos.sld.cu\/jci-mnt-ucmgranma\/wp-json\/wp\/v2\/pages\/15\/revisions\/16"}],"wp:attachment":[{"href":"https:\/\/promociondeeventos.sld.cu\/jci-mnt-ucmgranma\/wp-json\/wp\/v2\/media?parent=15"}],"curies":[{"name":"wp","href":"https:\/\/api.w.org\/{rel}","templated":true}]}}