{"id":49,"date":"2025-05-28T00:57:01","date_gmt":"2025-05-28T00:57:01","guid":{"rendered":"https:\/\/promociondeeventos.sld.cu\/jcemedicalix2025\/?page_id=49"},"modified":"2025-05-28T00:57:01","modified_gmt":"2025-05-28T00:57:01","slug":"productos-terminados","status":"publish","type":"page","link":"https:\/\/promociondeeventos.sld.cu\/jcemedicalix2025\/normas-de-presentacion-de-trabajo\/productos-terminados\/","title":{"rendered":"Productos Terminados"},"content":{"rendered":"<blockquote><p>Caracter\u00edsticas similares a art\u00edculos originales.<br \/>\nPresentaci\u00f3n<br \/>\n\uf0a7 Mismas caracter\u00edsticas que en revisiones bibliogr\u00e1ficas.<br \/>\nCuerpo<br \/>\nIntroducci\u00f3n<br \/>\n\uf0a7 Conceptos y teor\u00edas sobre el tema, situaci\u00f3n actual y antecedentes hist\u00f3ricos del problema. Productos similares en el pa\u00eds o en el mundo.<br \/>\n\uf0a7 Diferencias de lo que se propone hacer en relaci\u00f3n al material ya existente<br \/>\n\uf0a7 Justificaci\u00f3n<br \/>\n\uf0a7 Explicaci\u00f3n a grandes rasgos del producto. Necesidad del producto.<br \/>\nBeneficios del producto. Condiciones de uso<br \/>\nObjetivos<br \/>\n\uf0a7 General: Incluir\u00e1n la confecci\u00f3n del producto y su futura aplicaci\u00f3n.<br \/>\n\uf0a7 Espec\u00edficos: Relacionaran todos los elementos que subdividen y complementan la confecci\u00f3n del producto, entre ellos la realizaci\u00f3n de una comprobaci\u00f3n que determina su eficacia, eficiencia, ventajas, etc.; as\u00ed como los objetivos que complementan la misma.<br \/>\nDise\u00f1o Metodol\u00f3gico<br \/>\n\uf0a7 Dise\u00f1o del producto terminado. Descripci\u00f3n general de todos los elementos que conforman el producto: estructura externa, marcos, tablas, ventanas, enlaces (v\u00ednculos), textos, videos, m\u00fasica, im\u00e1genes o cualquier otra modalidad; as\u00ed como las operaciones y funciones que realiza cada uno de ellos. En el caso de los no digitales, se describir\u00e1n todos los elementos que los componen y las funciones que ejecutan.<br \/>\n\uf0a7 Incluir\u00e1 lugar y per\u00edodo en que se confeccion\u00f3 el producto.<br \/>\n\uf0a7 Tipo de investigaci\u00f3n, podr\u00e1n ser incluidos en dos tipos: Desarrollo e Innovaci\u00f3n Tecnol\u00f3gica.<br \/>\n\uf0a7 Personal que particip\u00f3 en la confecci\u00f3n del mismo y tareas que le fueron asignadas.<br \/>\n\uf0a7 Se mencionar\u00e1n los sistemas, medios, lenguaje, materiales, equipos con los que se dise\u00f1\u00f3 y confeccion\u00f3 el producto.<br \/>\n\uf0a7 Se describir\u00e1n de forma general los principales procedimientos, por medio de los cuales se dise\u00f1\u00f3 el producto y los requerimientos m\u00ednimos para su utilizaci\u00f3n.<br \/>\n\uf0a7 Estudio de comprobaci\u00f3n (Similar a art\u00edculo original)<br \/>\n\uf0a7 Dise\u00f1o. Variables a estudiar (fundamentalmente aquellas que midan eficiencia, ventajas y aplicaciones) y en qu\u00e9 escala se medir\u00e1n; cu\u00e1les ser\u00e1n las t\u00e9cnicas que se utilizar\u00e1n para recoger la informaci\u00f3n, procesarla y analizarla, as\u00ed como los procedimientos que se establecer\u00e1n para garantizar el \u00e9xito de la investigaci\u00f3n.<br \/>\nDesarrollo<br \/>\n\uf0a7 Resultados: Obtenidos una vez evaluado el producto.<br \/>\n\uf0a7 Discusi\u00f3n: Puede realizarse con estudios an\u00e1logos, que no necesitan abordar tem\u00e1ticas similares en el contenido dado que el objetivo es evaluar el impacto. Puede compararse con productos creados mediante t\u00e9cnicas afines, evaluando entonces el grado de satisfacci\u00f3n de los receptores<\/p>\n<p>Mismas caracter\u00edsticas que en revisiones bibliogr\u00e1ficas.<br \/>\nConclusiones<br \/>\nRecomendaciones<br \/>\nFinales<br \/>\nReferencias Bibliogr\u00e1ficas<br \/>\nAnexos<br \/>\n\uf0a7 Incluir foto del producto en cuesti\u00f3n<\/p><\/blockquote>\n","protected":false},"excerpt":{"rendered":"<p>Caracter\u00edsticas similares a art\u00edculos originales. Presentaci\u00f3n \uf0a7 Mismas caracter\u00edsticas que en revisiones bibliogr\u00e1ficas. Cuerpo Introducci\u00f3n \uf0a7 Conceptos y teor\u00edas sobre el tema, situaci\u00f3n actual y antecedentes hist\u00f3ricos del problema. Productos similares en el pa\u00eds o en el mundo. \uf0a7 Diferencias de lo que se propone hacer en relaci\u00f3n al material ya existente \uf0a7 Justificaci\u00f3n \uf0a7 [&hellip;]<\/p>\n","protected":false},"author":4,"featured_media":0,"parent":37,"menu_order":0,"comment_status":"closed","ping_status":"closed","template":"","meta":[],"_links":{"self":[{"href":"https:\/\/promociondeeventos.sld.cu\/jcemedicalix2025\/wp-json\/wp\/v2\/pages\/49"}],"collection":[{"href":"https:\/\/promociondeeventos.sld.cu\/jcemedicalix2025\/wp-json\/wp\/v2\/pages"}],"about":[{"href":"https:\/\/promociondeeventos.sld.cu\/jcemedicalix2025\/wp-json\/wp\/v2\/types\/page"}],"author":[{"embeddable":true,"href":"https:\/\/promociondeeventos.sld.cu\/jcemedicalix2025\/wp-json\/wp\/v2\/users\/4"}],"replies":[{"embeddable":true,"href":"https:\/\/promociondeeventos.sld.cu\/jcemedicalix2025\/wp-json\/wp\/v2\/comments?post=49"}],"version-history":[{"count":1,"href":"https:\/\/promociondeeventos.sld.cu\/jcemedicalix2025\/wp-json\/wp\/v2\/pages\/49\/revisions"}],"predecessor-version":[{"id":50,"href":"https:\/\/promociondeeventos.sld.cu\/jcemedicalix2025\/wp-json\/wp\/v2\/pages\/49\/revisions\/50"}],"up":[{"embeddable":true,"href":"https:\/\/promociondeeventos.sld.cu\/jcemedicalix2025\/wp-json\/wp\/v2\/pages\/37"}],"wp:attachment":[{"href":"https:\/\/promociondeeventos.sld.cu\/jcemedicalix2025\/wp-json\/wp\/v2\/media?parent=49"}],"curies":[{"name":"wp","href":"https:\/\/api.w.org\/{rel}","templated":true}]}}